{"id":116627,"date":"2024-11-05T17:14:32","date_gmt":"2024-11-05T16:14:32","guid":{"rendered":"https:\/\/secureus.se\/?post_type=product&#038;p=116627"},"modified":"2026-01-12T12:28:18","modified_gmt":"2026-01-12T11:28:18","slug":"symbolskylt-wc-dam-2","status":"publish","type":"product","link":"https:\/\/secureus.se\/pl\/symbolskylt-wc-dam-2\/","title":{"rendered":"Symbol znaku toaletowego dla pa\u0144"},"content":{"rendered":"<p>Piktogramy \u2013 znaki wizualne ze zdj\u0119ciami pomagaj\u0105 odwiedzaj\u0105cym w orientacji i zdobywaniu informacji z daleka, nawet je\u015bli nie znaj\u0105 j\u0119zyka. Stylowy znak wykonany z odpornej na zarysowania, szczotkowanej stali nierdzewnej. Zestaw z do\u0142\u0105czonymi podk\u0142adkami monta\u017cowymi. Wyci\u0119ta kobieta o wymiarach 90\u00d7120 mm (szer. x wys.).<\/p>","protected":false},"excerpt":{"rendered":"<p>Wybity symbol znak toalety damskiej<\/p>","protected":false},"featured_media":136484,"template":"","meta":{"_acf_changed":false},"product_brand":[],"product_cat":[4262],"product_tag":[4382],"class_list":{"0":"post-116627","1":"product","2":"type-product","3":"status-publish","4":"has-post-thumbnail","6":"product_cat-dorrskyltar-symbolskyltar","7":"product_tag-silver","8":"product_shipping_class-tunga-paket","9":"pa_brands-durable","10":"pa_farg-silver","11":"tm-no-options","13":"first","14":"instock","15":"sale","16":"taxable","17":"shipping-taxable","18":"purchasable","19":"product-type-simple"},"acf":[],"_links":{"self":[{"href":"https:\/\/secureus.se\/pl\/wp-json\/wp\/v2\/product\/116627","targetHints":{"allow":["GET"]}}],"collection":[{"href":"https:\/\/secureus.se\/pl\/wp-json\/wp\/v2\/product"}],"about":[{"href":"https:\/\/secureus.se\/pl\/wp-json\/wp\/v2\/types\/product"}],"wp:featuredmedia":[{"embeddable":true,"href":"https:\/\/secureus.se\/pl\/wp-json\/wp\/v2\/media\/136484"}],"wp:attachment":[{"href":"https:\/\/secureus.se\/pl\/wp-json\/wp\/v2\/media?parent=116627"}],"wp:term":[{"taxonomy":"product_brand","embeddable":true,"href":"https:\/\/secureus.se\/pl\/wp-json\/wp\/v2\/product_brand?post=116627"},{"taxonomy":"product_cat","embeddable":true,"href":"https:\/\/secureus.se\/pl\/wp-json\/wp\/v2\/product_cat?post=116627"},{"taxonomy":"product_tag","embeddable":true,"href":"https:\/\/secureus.se\/pl\/wp-json\/wp\/v2\/product_tag?post=116627"}],"curies":[{"name":"wp","href":"https:\/\/api.w.org\/{rel}","templated":true}]}}