{"id":116683,"date":"2024-11-05T17:13:27","date_gmt":"2024-11-05T16:13:27","guid":{"rendered":"https:\/\/secureus.se\/?post_type=product&#038;p=116683"},"modified":"2026-01-12T12:55:22","modified_gmt":"2026-01-12T11:55:22","slug":"tablet-holder-table-xl","status":"publish","type":"product","link":"https:\/\/secureus.se\/pl\/tablet-holder-table-xl\/","title":{"rendered":"STOLIK Z UCHWYTEM NA TABLET XL"},"content":{"rendered":"<p>Uchwyt na tablet o stylowym i funkcjonalnym wygl\u0105dzie, przeznaczony do tablet\u00f3w w rozmiarach 7&quot;-13&quot; (160-275 mm). Do stosowania w przemy\u015ble, magazynach i sektorze transportu, gdzie u\u017cywane s\u0105 tablety z pokrowcem lub obudow\u0105 ochronn\u0105. Stabilny i stabilny stojak sto\u0142owy z mo\u017cliwo\u015bci\u0105 p\u0142ynnego pochylania pod k\u0105tem od 0\u00b0 do 88\u00b0. Uchwyt na tablety bez obudowy lub z obudow\u0105 o grubo\u015bci do 23 mm mo\u017cna obraca\u0107 o 360\u00b0 z czterema pozycjami zatrzymania co 90\u00b0, do u\u017cytku w formacie pionowym lub poziomym. Tablet mo\u017cna \u0142atwo wyj\u0105\u0107 z uchwytu i zabra\u0107 ze sob\u0105 w celu cyfrowych kontroli, proces\u00f3w i analiz. Kabel \u0142aduj\u0105cy pod\u0142\u0105cza si\u0119 przez otw\u00f3r w uchwycie.<br \/>\nMaksymalna waga tabletu 1 kg.<br \/>\nMateria\u0142y: blacha, aluminium, tworzywo ABS<br \/>\nWymiary: 155 x 242 x 183 mm (szer. x wys. x g\u0142.)<\/p>","protected":false},"excerpt":{"rendered":"<p>Uchwyt na tablet pasuj\u0105cy do tablet\u00f3w z os\u0142on\u0105 ochronn\u0105 o grubo\u015bci do 23 mm. Stojak sto\u0142owy do stosowania w \u015brodowiskach, w kt\u00f3rych u\u017cywane s\u0105 tablety wraz z etui lub obudow\u0105 ochronn\u0105, np. w zak\u0142adach produkcyjnych, magazynach i sektorze transportowym.<\/p>","protected":false},"featured_media":136563,"template":"","meta":{"_acf_changed":false},"product_brand":[],"product_cat":[4236],"product_tag":[4382],"class_list":{"0":"post-116683","1":"product","2":"type-product","3":"status-publish","4":"has-post-thumbnail","6":"product_cat-surfplattehallare","7":"product_tag-silver","8":"product_shipping_class-tunga-paket","9":"pa_brands-durable","10":"pa_farg-silver","11":"tm-no-options","13":"first","14":"instock","15":"sale","16":"taxable","17":"shipping-taxable","18":"purchasable","19":"product-type-simple"},"acf":[],"_links":{"self":[{"href":"https:\/\/secureus.se\/pl\/wp-json\/wp\/v2\/product\/116683","targetHints":{"allow":["GET"]}}],"collection":[{"href":"https:\/\/secureus.se\/pl\/wp-json\/wp\/v2\/product"}],"about":[{"href":"https:\/\/secureus.se\/pl\/wp-json\/wp\/v2\/types\/product"}],"wp:featuredmedia":[{"embeddable":true,"href":"https:\/\/secureus.se\/pl\/wp-json\/wp\/v2\/media\/136563"}],"wp:attachment":[{"href":"https:\/\/secureus.se\/pl\/wp-json\/wp\/v2\/media?parent=116683"}],"wp:term":[{"taxonomy":"product_brand","embeddable":true,"href":"https:\/\/secureus.se\/pl\/wp-json\/wp\/v2\/product_brand?post=116683"},{"taxonomy":"product_cat","embeddable":true,"href":"https:\/\/secureus.se\/pl\/wp-json\/wp\/v2\/product_cat?post=116683"},{"taxonomy":"product_tag","embeddable":true,"href":"https:\/\/secureus.se\/pl\/wp-json\/wp\/v2\/product_tag?post=116683"}],"curies":[{"name":"wp","href":"https:\/\/api.w.org\/{rel}","templated":true}]}}