{"id":116709,"date":"2024-12-07T15:21:16","date_gmt":"2024-12-07T14:21:16","guid":{"rendered":"https:\/\/secureus.se\/?post_type=product&#038;p=116709"},"modified":"2025-12-31T21:22:24","modified_gmt":"2025-12-31T20:22:24","slug":"sherpa-floor-10","status":"publish","type":"product","link":"https:\/\/secureus.se\/pl\/sherpa-floor-10\/","title":{"rendered":"POD\u0141OGA SHERPA\u00ae 10"},"content":{"rendered":"<p>Stoiska informacyjno-prezentacyjne o r\u00f3\u017cnych nazwach; panel, wy\u015bwietlacz, system przegl\u0105du, rejestr skrzyde\u0142, uchwyt na dokumenty, pies lat.... Niezale\u017cnie od nazwy, ma wiele zastosowa\u0144 w biurach, sklepach, na wystawach itp. Cz\u0119sto u\u017cywane informacje mo\u017cna szybko znale\u017a\u0107 i \u0142atwo zobaczy\u0107 w systemie przegl\u0105du. SHERPA\u00ae FLOOR to kompletny stojak pod\u0142ogowy z 10 nieodblaskowymi, nadaj\u0105cymi si\u0119 do skanowania kieszeniami z polipropylenu (czarnymi) na dokumenty w formacie A4 i wymiennymi uchwytami na nag\u0142\u00f3wki 58 mm. Podczas wk\u0142adania i wyjmowania kieszeni dobrze jest delikatnie zagi\u0105\u0107 kiesze\u0144 na \u015brodku wzd\u0142u\u017c d\u0142u\u017cszego boku wewn\u0119trznego, tak aby \u0142atwo by\u0142o wk\u0142ada\u0107 i wyjmowa\u0107 kiesze\u0144 nie uszkadzaj\u0105c kolc\u00f3w w uchwycie. Ci\u0119\u017cka podstawa zapewnia stabilno\u015b\u0107 stojaka. Regulowana wysoko\u015b\u0107 w zakresie 87\u2013138 cm, mo\u017cna j\u0105 odchyli\u0107 w g\u00f3r\u0119 lub w d\u00f3\u0142, aby dostosowa\u0107 k\u0105t czytania w zakresie 5\u00b0\u201390\u00b0. 5 lat gwarancji. Warunki gwarancji mo\u017cna znale\u017a\u0107 tutaj: https:\/\/www.durable.se\/sv_SE\/service\/garanti\/garanti-foer-sherpa-vario\/<\/p>","protected":false},"excerpt":{"rendered":"<p>Kompletny rega\u0142 pod\u0142ogowy z 10 przewijanymi panelami, zapewniaj\u0105cy szybki i przejrzysty dost\u0119p do cz\u0119sto u\u017cywanych informacji. <\/p>","protected":false},"featured_media":135662,"template":"","meta":{"_acf_changed":false},"product_brand":[],"product_cat":[4298],"product_tag":[4381],"class_list":{"0":"post-116709","1":"product","2":"type-product","3":"status-publish","4":"has-post-thumbnail","6":"product_cat-bladderstall-bord","7":"product_tag-svart","8":"product_shipping_class-tunga-paket","9":"pa_brands-durable","10":"pa_farg-svart","11":"tm-no-options","13":"first","14":"instock","15":"sale","16":"taxable","17":"shipping-taxable","18":"purchasable","19":"product-type-simple"},"acf":[],"_links":{"self":[{"href":"https:\/\/secureus.se\/pl\/wp-json\/wp\/v2\/product\/116709","targetHints":{"allow":["GET"]}}],"collection":[{"href":"https:\/\/secureus.se\/pl\/wp-json\/wp\/v2\/product"}],"about":[{"href":"https:\/\/secureus.se\/pl\/wp-json\/wp\/v2\/types\/product"}],"wp:featuredmedia":[{"embeddable":true,"href":"https:\/\/secureus.se\/pl\/wp-json\/wp\/v2\/media\/135662"}],"wp:attachment":[{"href":"https:\/\/secureus.se\/pl\/wp-json\/wp\/v2\/media?parent=116709"}],"wp:term":[{"taxonomy":"product_brand","embeddable":true,"href":"https:\/\/secureus.se\/pl\/wp-json\/wp\/v2\/product_brand?post=116709"},{"taxonomy":"product_cat","embeddable":true,"href":"https:\/\/secureus.se\/pl\/wp-json\/wp\/v2\/product_cat?post=116709"},{"taxonomy":"product_tag","embeddable":true,"href":"https:\/\/secureus.se\/pl\/wp-json\/wp\/v2\/product_tag?post=116709"}],"curies":[{"name":"wp","href":"https:\/\/api.w.org\/{rel}","templated":true}]}}