{"id":116771,"date":"2024-11-05T17:25:42","date_gmt":"2024-11-05T16:25:42","guid":{"rendered":"https:\/\/secureus.se\/?post_type=product&#038;p=116771"},"modified":"2026-01-12T12:36:28","modified_gmt":"2026-01-12T11:36:28","slug":"sherpa-panel-pin-a4-2","status":"publish","type":"product","link":"https:\/\/secureus.se\/pl\/sherpa-panel-pin-a4-2\/","title":{"rendered":"PIN PANELU SHERPA\u00ae A4"},"content":{"rendered":"<p>SHERPA\u00ae PANEL PIN to nieodblaskowe, skanowalne kieszenie z kolorow\u0105 ramk\u0105 na dokumenty w formacie A4 takie jak cenniki, notatki itp., kt\u00f3re s\u0105 chronione w kieszeni. Z kolcami na panelu do stosowania w systemach przegl\u0105dowych z wst\u0119pnie wywierconymi otworami. Otw\u00f3r u g\u00f3ry do zmiany dokument\u00f3w. Wykonane z tworzywa polipropylenowego. Minimalny zakup to pakiet 5 paneli. 5 lat gwarancji. Warunki gwarancji mo\u017cna znale\u017a\u0107 tutaj: https:\/\/www.durable.se\/sv_SE\/service\/garanti\/garanti-foer-sherpa-vario\/<br \/>\nAkcesoria: Uchwyt nag\u0142\u00f3wka, numer artyku\u0142u 560919, aller 560319<\/p>","protected":false},"excerpt":{"rendered":"<p>Plastikowa kiesze\u0144 z kolorow\u0105 ramk\u0105 i zintegrowanymi kolcami. Nadaje si\u0119 do sto\u0142\u00f3w i stojak\u00f3w \u015bciennych z otworami na ramy (marki inne ni\u017c DURABLE)<\/p>","protected":false},"featured_media":135308,"template":"","meta":{"_acf_changed":false},"product_brand":[],"product_cat":[4301],"product_tag":[4389],"class_list":{"0":"post-116771","1":"product","2":"type-product","3":"status-publish","4":"has-post-thumbnail","6":"product_cat-tillbehor-till-bladderpanelsystem","7":"product_tag-rod","8":"product_shipping_class-tunga-paket","9":"pa_brands-durable","10":"pa_farg-rod","11":"tm-no-options","13":"first","14":"instock","15":"sale","16":"taxable","17":"shipping-taxable","18":"purchasable","19":"product-type-simple"},"acf":[],"_links":{"self":[{"href":"https:\/\/secureus.se\/pl\/wp-json\/wp\/v2\/product\/116771","targetHints":{"allow":["GET"]}}],"collection":[{"href":"https:\/\/secureus.se\/pl\/wp-json\/wp\/v2\/product"}],"about":[{"href":"https:\/\/secureus.se\/pl\/wp-json\/wp\/v2\/types\/product"}],"wp:featuredmedia":[{"embeddable":true,"href":"https:\/\/secureus.se\/pl\/wp-json\/wp\/v2\/media\/135308"}],"wp:attachment":[{"href":"https:\/\/secureus.se\/pl\/wp-json\/wp\/v2\/media?parent=116771"}],"wp:term":[{"taxonomy":"product_brand","embeddable":true,"href":"https:\/\/secureus.se\/pl\/wp-json\/wp\/v2\/product_brand?post=116771"},{"taxonomy":"product_cat","embeddable":true,"href":"https:\/\/secureus.se\/pl\/wp-json\/wp\/v2\/product_cat?post=116771"},{"taxonomy":"product_tag","embeddable":true,"href":"https:\/\/secureus.se\/pl\/wp-json\/wp\/v2\/product_tag?post=116771"}],"curies":[{"name":"wp","href":"https:\/\/api.w.org\/{rel}","templated":true}]}}