{"id":116777,"date":"2024-11-05T16:51:40","date_gmt":"2024-11-05T15:51:40","guid":{"rendered":"https:\/\/secureus.se\/?post_type=product&#038;p=116777"},"modified":"2026-01-12T12:23:08","modified_gmt":"2026-01-12T11:23:08","slug":"dokumentficka-a4-sjalvhaftande-5st-frp","status":"publish","type":"product","link":"https:\/\/secureus.se\/pl\/dokumentficka-a4-sjalvhaftande-5st-frp\/","title":{"rendered":"Kiesze\u0144 na dokumenty A4 samoprzylepna 5 szt.\/fr"},"content":{"rendered":"<p>Samoprzylepna kiesze\u0144 na dokumenty wykonana z polipropylenu do ekspozycji i ochrony tymczasowych informacji, np. na targach i wydarzeniach, w sklepach i biurach. Odporny na promieniowanie UV do 2 lat, wytrzymuje temperatur\u0119 do ok. 50\u00b0 i och\u0142odzenie do ok. -10\u00b0.<br \/>\nUmie\u015b\u0107 ochronny, nieodblaskowy arkusz \u2013 z trzema samoprzylepnymi paskami z ty\u0142u \u2013 nad dokumentem i ustaw go na g\u0142adkiej powierzchni w pomieszczeniu. Jasne! Schludna i \u0142atwiejsza obs\u0142uga ni\u017c np. ta\u015bma. Uchwyt na kciuk umo\u017cliwiaj\u0105cy \u0142atw\u0105 wymian\u0119 wk\u0142adki po zamontowaniu kieszeni. Mo\u017cna go usun\u0105\u0107 z pod\u0142o\u017ca bez pozostawiania \u015blad\u00f3w. Ta\u015bm\u0119 mo\u017cna oddzieli\u0107 od plastikowego arkusza, dzi\u0119ki czemu materia\u0142 mo\u017cna posortowa\u0107 i ponownie umie\u015bci\u0107 w urz\u0105dzeniu 65% po wyrzuceniu kieszeni.<br \/>\nNa dokumenty w formacie A4, wymiary wewn\u0119trzne 301\u00d7214 mm. Wymiary zewn\u0119trzne 323\u00d7236 mm.<br \/>\nKolor: szary, nakrapiany brzeg<br \/>\nOpakowanie zawiera 5 szt.<\/p>","protected":false},"excerpt":{"rendered":"<p>Samoprzylepna ramka informacyjna, kt\u00f3ra otacza i chroni wk\u0142adk\u0119 przed zabrudzeniem. Informacje w formacie A4 do umieszczenia na g\u0142adkich powierzchniach wewn\u0105trz pomieszcze\u0144.<\/p>","protected":false},"featured_media":136170,"template":"","meta":{"_acf_changed":false},"product_brand":[],"product_cat":[4296],"product_tag":[4394],"class_list":{"0":"post-116777","1":"product","2":"type-product","3":"status-publish","4":"has-post-thumbnail","6":"product_cat-inforamar-for-slata-ytor","7":"product_tag-antracitgra","8":"product_shipping_class-tunga-paket","9":"pa_brands-durable","10":"pa_farg-antracitgra","11":"tm-no-options","13":"first","14":"instock","15":"sale","16":"taxable","17":"shipping-taxable","18":"purchasable","19":"product-type-simple"},"acf":[],"_links":{"self":[{"href":"https:\/\/secureus.se\/pl\/wp-json\/wp\/v2\/product\/116777","targetHints":{"allow":["GET"]}}],"collection":[{"href":"https:\/\/secureus.se\/pl\/wp-json\/wp\/v2\/product"}],"about":[{"href":"https:\/\/secureus.se\/pl\/wp-json\/wp\/v2\/types\/product"}],"wp:featuredmedia":[{"embeddable":true,"href":"https:\/\/secureus.se\/pl\/wp-json\/wp\/v2\/media\/136170"}],"wp:attachment":[{"href":"https:\/\/secureus.se\/pl\/wp-json\/wp\/v2\/media?parent=116777"}],"wp:term":[{"taxonomy":"product_brand","embeddable":true,"href":"https:\/\/secureus.se\/pl\/wp-json\/wp\/v2\/product_brand?post=116777"},{"taxonomy":"product_cat","embeddable":true,"href":"https:\/\/secureus.se\/pl\/wp-json\/wp\/v2\/product_cat?post=116777"},{"taxonomy":"product_tag","embeddable":true,"href":"https:\/\/secureus.se\/pl\/wp-json\/wp\/v2\/product_tag?post=116777"}],"curies":[{"name":"wp","href":"https:\/\/api.w.org\/{rel}","templated":true}]}}