{"id":116786,"date":"2024-11-20T14:11:39","date_gmt":"2024-11-20T13:11:39","guid":{"rendered":"https:\/\/secureus.se\/?post_type=product&#038;p=116786"},"modified":"2026-01-12T12:03:28","modified_gmt":"2026-01-12T11:03:28","slug":"magnetband-40-mm","status":"publish","type":"product","link":"https:\/\/secureus.se\/pl\/magnetband-40-mm\/","title":{"rendered":"Ta\u015bma magnetyczna 40 mm"},"content":{"rendered":"<p>Stw\u00f3rz w\u0142asne etykiety magnetyczne w rozmiarze potrzebnym do oznaczenia magnetycznych kraw\u0119dzi p\u00f3\u0142ek, drzwi i szafek. \u0141atwe przenoszenie, gdy towary zmieniaj\u0105 lokalizacj\u0119 w magazynie, aby zawsze mie\u0107 aktualne etykiety. Rolka magnetycznej ta\u015bmy znakuj\u0105cej o d\u0142ugo\u015bci 5 m, kt\u00f3r\u0105 mo\u017cna przyci\u0105\u0107 na \u017c\u0105dan\u0105 d\u0142ugo\u015b\u0107 du\u017cymi no\u017cyczkami. Do pisania na ta\u015bmie magnetycznej u\u017cyj markera trwa\u0142ego.<br \/>\nWymiary: 40 mm x 5 m (wys. x szer.)<\/p>","protected":false},"excerpt":{"rendered":"<p>Ta\u015bma magnetyczna w rolce. Mo\u017cna przyci\u0105\u0107 na \u017c\u0105dan\u0105 d\u0142ugo\u015b\u0107 i zapisa\u0107 trwa\u0142ym markerem. Wysoko\u015b\u0107 pisania 4 cm, d\u0142ugo\u015b\u0107 5 m<\/p>","protected":false},"featured_media":133613,"template":"","meta":{"_acf_changed":false},"product_brand":[],"product_cat":[4269],"product_tag":[4396],"class_list":{"0":"post-116786","1":"product","2":"type-product","3":"status-publish","4":"has-post-thumbnail","6":"product_cat-magnetisk-fastsattning","7":"product_tag-vit","8":"product_shipping_class-tunga-paket","9":"pa_brands-durable","10":"pa_farg-vit","11":"tm-no-options","13":"first","14":"instock","15":"sale","16":"taxable","17":"shipping-taxable","18":"purchasable","19":"product-type-simple"},"acf":[],"_links":{"self":[{"href":"https:\/\/secureus.se\/pl\/wp-json\/wp\/v2\/product\/116786","targetHints":{"allow":["GET"]}}],"collection":[{"href":"https:\/\/secureus.se\/pl\/wp-json\/wp\/v2\/product"}],"about":[{"href":"https:\/\/secureus.se\/pl\/wp-json\/wp\/v2\/types\/product"}],"wp:featuredmedia":[{"embeddable":true,"href":"https:\/\/secureus.se\/pl\/wp-json\/wp\/v2\/media\/133613"}],"wp:attachment":[{"href":"https:\/\/secureus.se\/pl\/wp-json\/wp\/v2\/media?parent=116786"}],"wp:term":[{"taxonomy":"product_brand","embeddable":true,"href":"https:\/\/secureus.se\/pl\/wp-json\/wp\/v2\/product_brand?post=116786"},{"taxonomy":"product_cat","embeddable":true,"href":"https:\/\/secureus.se\/pl\/wp-json\/wp\/v2\/product_cat?post=116786"},{"taxonomy":"product_tag","embeddable":true,"href":"https:\/\/secureus.se\/pl\/wp-json\/wp\/v2\/product_tag?post=116786"}],"curies":[{"name":"wp","href":"https:\/\/api.w.org\/{rel}","templated":true}]}}