{"id":116835,"date":"2024-11-05T17:24:35","date_gmt":"2024-11-05T16:24:35","guid":{"rendered":"https:\/\/secureus.se\/?post_type=product&#038;p=116835"},"modified":"2026-01-12T12:37:57","modified_gmt":"2026-01-12T11:37:57","slug":"sherpa-table-module-10","status":"publish","type":"product","link":"https:\/\/secureus.se\/pl\/sherpa-table-module-10\/","title":{"rendered":"MODU\u0141 STO\u0141OWY SHERPA\u00ae 10"},"content":{"rendered":"<p>Stojak sto\u0142owy SHERPA\u00ae na 10 paneli. Du\u017ce gumowe n\u00f3\u017cki zapewniaj\u0105 stabilno\u015b\u0107 stojaka. Mo\u017cliwo\u015b\u0107 rozbudowy o jedn\u0105 lub wi\u0119cej cz\u0119\u015bci rozszerzaj\u0105cych w celu zwi\u0119kszenia wydajno\u015bci. Kieszenie (ramki, panele) zamawiane s\u0105 osobno. 5 lat gwarancji. Warunki gwarancji mo\u017cna znale\u017a\u0107 tutaj: https:\/\/www.durable.se\/sv_SE\/service\/garanti\/garanti-foer-sherpa-vario\/<br \/>\nAkcesoria: SHERPA\u00b0PANEL numer artyku\u0142u 5606 w r\u00f3\u017cnych kolorach. Uchwyt nadpro\u017ca 560919 lub 560319. Cz\u0119\u015b\u0107 przed\u0142u\u017caj\u0105ca 562457 (bez kieszeni) lub 581122 (z kieszeniami)<\/p>","protected":false},"excerpt":{"rendered":"<p>Pusty stojak sto\u0142owy SHERPA\u00ae na 10 paneli w formacie A4.<\/p>","protected":false},"featured_media":135842,"template":"","meta":{"_acf_changed":false},"product_brand":[],"product_cat":[4298],"product_tag":[4394],"class_list":{"0":"post-116835","1":"product","2":"type-product","3":"status-publish","4":"has-post-thumbnail","6":"product_cat-bladderstall-bord","7":"product_tag-antracitgra","8":"product_shipping_class-tunga-paket","9":"pa_brands-durable","10":"pa_farg-antracitgra","11":"tm-no-options","13":"first","14":"instock","15":"sale","16":"taxable","17":"shipping-taxable","18":"purchasable","19":"product-type-simple"},"acf":[],"_links":{"self":[{"href":"https:\/\/secureus.se\/pl\/wp-json\/wp\/v2\/product\/116835","targetHints":{"allow":["GET"]}}],"collection":[{"href":"https:\/\/secureus.se\/pl\/wp-json\/wp\/v2\/product"}],"about":[{"href":"https:\/\/secureus.se\/pl\/wp-json\/wp\/v2\/types\/product"}],"wp:featuredmedia":[{"embeddable":true,"href":"https:\/\/secureus.se\/pl\/wp-json\/wp\/v2\/media\/135842"}],"wp:attachment":[{"href":"https:\/\/secureus.se\/pl\/wp-json\/wp\/v2\/media?parent=116835"}],"wp:term":[{"taxonomy":"product_brand","embeddable":true,"href":"https:\/\/secureus.se\/pl\/wp-json\/wp\/v2\/product_brand?post=116835"},{"taxonomy":"product_cat","embeddable":true,"href":"https:\/\/secureus.se\/pl\/wp-json\/wp\/v2\/product_cat?post=116835"},{"taxonomy":"product_tag","embeddable":true,"href":"https:\/\/secureus.se\/pl\/wp-json\/wp\/v2\/product_tag?post=116835"}],"curies":[{"name":"wp","href":"https:\/\/api.w.org\/{rel}","templated":true}]}}