{"id":116853,"date":"2024-11-20T14:11:58","date_gmt":"2024-11-20T13:11:58","guid":{"rendered":"https:\/\/secureus.se\/?post_type=product&#038;p=116853"},"modified":"2026-01-12T12:47:34","modified_gmt":"2026-01-12T11:47:34","slug":"namnskylt-40x75-krokodilklamma","status":"publish","type":"product","link":"https:\/\/secureus.se\/pl\/namnskylt-40x75-krokodilklamma\/","title":{"rendered":"Tabliczka znamionowa 40\u00d775, krokodylek"},"content":{"rendered":"<p>Uczestnicy konferencji, go\u015bcie firm, pracownicy targ\u00f3w, sklep\u00f3w, osoby wykonuj\u0105ce zawody us\u0142ugowe i sprzedawcy \u2013 list\u0119 mo\u017cna rozszerzy\u0107 tam, gdzie potrzebne s\u0105 identyfikatory w r\u00f3\u017cnych rozmiarach, wzorach i mo\u017cliwo\u015bciach mocowania. Mocny krokodylek tego znaku w formacie 40x75mm obraca si\u0119 o 360\u00b0, co oznacza, \u017ce mo\u017cna go przymocowa\u0107 np. do klapy i krawata bez przekrzywiania. Tabliczk\u0119 z nazwiskiem mo\u017cna r\u00f3wnie\u017c dosun\u0105\u0107 do kraw\u0119dzi kieszeni na piersi tak, aby sama tabliczka by\u0142a widoczna, a ty\u0142 znajdowa\u0142 si\u0119 po wewn\u0119trznej stronie kieszeni. Uchwyt na kciuk u\u0142atwia wyjmowanie karty. W zestawie bia\u0142e etykiety w pasku. Etykiety na arkuszach A4 do druku w drukarkach mo\u017cna zam\u00f3wi\u0107 osobno. Skorzystaj z bezp\u0142atnego programu DURAPRINT\u00ae dost\u0119pnego na www.duraprint.se, aby tworzy\u0107 i drukowa\u0107 stylowe etykiety imienne.<br \/>\nAkcesoria:<br \/>\nEtykiety Badgemaker\u00ae na kartkach A4 do druku w drukarce, nr art. 145302<\/p>","protected":false},"excerpt":{"rendered":"<p>Imienny identyfikator mocowany za pomoc\u0105 krokodyla. Dyskretny, ale wci\u0105\u017c w pe\u0142ni widoczny rozmiar 40x75mm. 25 sztuk\/opakowanie<\/p>","protected":false},"featured_media":133655,"template":"","meta":{"_acf_changed":false},"product_brand":[],"product_cat":[4285],"product_tag":[4376],"class_list":{"0":"post-116853","1":"product","2":"type-product","3":"status-publish","4":"has-post-thumbnail","6":"product_cat-namnskyltar-med-klamma","7":"product_tag-transparent","8":"product_shipping_class-tunga-paket","9":"pa_brands-durable","10":"pa_farg-transparent","11":"tm-no-options","13":"first","14":"instock","15":"sale","16":"taxable","17":"shipping-taxable","18":"purchasable","19":"product-type-simple"},"acf":[],"_links":{"self":[{"href":"https:\/\/secureus.se\/pl\/wp-json\/wp\/v2\/product\/116853","targetHints":{"allow":["GET"]}}],"collection":[{"href":"https:\/\/secureus.se\/pl\/wp-json\/wp\/v2\/product"}],"about":[{"href":"https:\/\/secureus.se\/pl\/wp-json\/wp\/v2\/types\/product"}],"wp:featuredmedia":[{"embeddable":true,"href":"https:\/\/secureus.se\/pl\/wp-json\/wp\/v2\/media\/133655"}],"wp:attachment":[{"href":"https:\/\/secureus.se\/pl\/wp-json\/wp\/v2\/media?parent=116853"}],"wp:term":[{"taxonomy":"product_brand","embeddable":true,"href":"https:\/\/secureus.se\/pl\/wp-json\/wp\/v2\/product_brand?post=116853"},{"taxonomy":"product_cat","embeddable":true,"href":"https:\/\/secureus.se\/pl\/wp-json\/wp\/v2\/product_cat?post=116853"},{"taxonomy":"product_tag","embeddable":true,"href":"https:\/\/secureus.se\/pl\/wp-json\/wp\/v2\/product_tag?post=116853"}],"curies":[{"name":"wp","href":"https:\/\/api.w.org\/{rel}","templated":true}]}}