{"id":116860,"date":"2024-11-05T16:57:35","date_gmt":"2024-11-05T15:57:35","guid":{"rendered":"https:\/\/secureus.se\/?post_type=product&#038;p=116860"},"modified":"2026-01-12T12:00:50","modified_gmt":"2026-01-12T11:00:50","slug":"markeringstejp-duraline-basic-50-016-2","status":"publish","type":"product","link":"https:\/\/secureus.se\/pl\/markeringstejp-duraline-basic-50-016-2\/","title":{"rendered":"Ta\u015bma znakuj\u0105ca DURALINE\u00ae BASIC 50\/016"},"content":{"rendered":"<p>Samoprzylepna ta\u015bma znakuj\u0105ca, kt\u00f3r\u0105 mo\u017cna dopasowa\u0107 do nier\u00f3wnych powierzchni lub wok\u00f3\u0142 kraw\u0119dzi i naro\u017cnik\u00f3w. Gumowy klej ta\u015bmy, opr\u00f3cz tego, \u017ce jest plastyczny, sprawia r\u00f3wnie\u017c, \u017ce mo\u017cna j\u0105 \u0142atwo usun\u0105\u0107, nie pozostawiaj\u0105c \u015blad\u00f3w kleju, co sprawia, \u017ce doskonale nadaje si\u0119 do tymczasowego, jak i bardziej trwa\u0142ego znakowania powierzchni i przedmiot\u00f3w. Do stosowania wewn\u0105trz pomieszcze\u0144 na czyste, wolne od oleju i kurzu powierzchnie. Upewnij si\u0119, \u017ce pod\u0142ogi, filary, balustrady, drzwi itp., kt\u00f3re mog\u0105 stwarza\u0107 ryzyko, s\u0105 wyra\u017anie oznaczone i odpowiednio zauwa\u017cone przez osoby w ich pobli\u017cu. Ta\u015bma jest g\u0142adka i nie posiada klasy antypo\u015blizgowo\u015bci. Do\u0142\u0105czona instrukcja monta\u017cu. Szeroko\u015b\u0107: 50 mm Grubo\u015b\u0107: 0,16 mm D\u0142ugo\u015b\u0107: 33 m<\/p>","protected":false},"excerpt":{"rendered":"<p>Ta\u015bma znakuj\u0105ca do oznaczania, kodowania kolorami i zwracania uwagi na przyk\u0142ad na niebezpiecze\u0144stwa i zagro\u017cenia wyst\u0119puj\u0105ce w pomieszczeniach zamkni\u0119tych<\/p>","protected":false},"featured_media":137050,"template":"","meta":{"_acf_changed":false},"product_brand":[],"product_cat":[4303],"product_tag":[4389],"class_list":{"0":"post-116860","1":"product","2":"type-product","3":"status-publish","4":"has-post-thumbnail","6":"product_cat-golvtejp","7":"product_tag-rod","8":"product_shipping_class-tunga-paket","9":"pa_brands-durable","10":"pa_farg-rod","11":"tm-no-options","13":"first","14":"instock","15":"sale","16":"taxable","17":"shipping-taxable","18":"purchasable","19":"product-type-simple"},"acf":[],"_links":{"self":[{"href":"https:\/\/secureus.se\/pl\/wp-json\/wp\/v2\/product\/116860","targetHints":{"allow":["GET"]}}],"collection":[{"href":"https:\/\/secureus.se\/pl\/wp-json\/wp\/v2\/product"}],"about":[{"href":"https:\/\/secureus.se\/pl\/wp-json\/wp\/v2\/types\/product"}],"wp:featuredmedia":[{"embeddable":true,"href":"https:\/\/secureus.se\/pl\/wp-json\/wp\/v2\/media\/137050"}],"wp:attachment":[{"href":"https:\/\/secureus.se\/pl\/wp-json\/wp\/v2\/media?parent=116860"}],"wp:term":[{"taxonomy":"product_brand","embeddable":true,"href":"https:\/\/secureus.se\/pl\/wp-json\/wp\/v2\/product_brand?post=116860"},{"taxonomy":"product_cat","embeddable":true,"href":"https:\/\/secureus.se\/pl\/wp-json\/wp\/v2\/product_cat?post=116860"},{"taxonomy":"product_tag","embeddable":true,"href":"https:\/\/secureus.se\/pl\/wp-json\/wp\/v2\/product_tag?post=116860"}],"curies":[{"name":"wp","href":"https:\/\/api.w.org\/{rel}","templated":true}]}}