{"id":116876,"date":"2024-11-20T14:11:59","date_gmt":"2024-11-20T13:11:59","guid":{"rendered":"https:\/\/secureus.se\/?post_type=product&#038;p=116876"},"modified":"2026-01-12T12:44:11","modified_gmt":"2026-01-12T11:44:11","slug":"namnskylt-40x75-nalfaste","status":"publish","type":"product","link":"https:\/\/secureus.se\/pl\/namnskylt-40x75-nalfaste\/","title":{"rendered":"Tabliczka znamionowa 40\u00d775, mocowanie na trzpie\u0144"},"content":{"rendered":"<p>Uczestnicy konferencji, go\u015bcie firm, pracownicy targ\u00f3w, sklep\u00f3w, osoby wykonuj\u0105ce zawody us\u0142ugowe i sprzedawcy \u2013 list\u0119 mo\u017cna rozszerzy\u0107 tam, gdzie potrzebne s\u0105 identyfikatory w r\u00f3\u017cnych rozmiarach, wzorach i mo\u017cliwo\u015bciach mocowania. Jest to klasyczna prosta plakietka o wymiarach 40x75mm z dobrze przemy\u015blanymi funkcjami; Ig\u0142a w kszta\u0142cie litery S zapobiega przesuwaniu si\u0119 identyfikatora w d\u00f3\u0142 po przymocowaniu do ubrania, czubek ig\u0142y jest chroniony, aby nie k\u0142u\u0107 u\u017cytkownika, a uchwyt kciuka u\u0142atwia wyjmowanie karty. W zestawie bia\u0142e etykiety w pasku. Etykiety na arkuszach A4 do druku w drukarkach mo\u017cna zam\u00f3wi\u0107 osobno. Skorzystaj z bezp\u0142atnego programu DURAPRINT\u00ae dost\u0119pnego na www.duraprint.se, aby tworzy\u0107 i drukowa\u0107 stylowe etykiety imienne.<br \/>\nAkcesoria:<br \/>\nEtykiety Badgemaker\u00ae na kartkach A4 do druku w drukarce, nr art. 145302<\/p>","protected":false},"excerpt":{"rendered":"<p>Identyfikator z imieniem mocowany na agrafk\u0119. Dyskretny, ale wci\u0105\u017c w pe\u0142ni widoczny rozmiar 40x75mm. 100 szt.\/opakowanie<\/p>","protected":false},"featured_media":134648,"template":"","meta":{"_acf_changed":false},"product_brand":[],"product_cat":[4282],"product_tag":[4376],"class_list":{"0":"post-116876","1":"product","2":"type-product","3":"status-publish","4":"has-post-thumbnail","6":"product_cat-namnskyltar-med-nal","7":"product_tag-transparent","8":"product_shipping_class-tunga-paket","9":"pa_brands-durable","10":"pa_farg-transparent","11":"tm-no-options","13":"first","14":"instock","15":"sale","16":"taxable","17":"shipping-taxable","18":"purchasable","19":"product-type-simple"},"acf":[],"_links":{"self":[{"href":"https:\/\/secureus.se\/pl\/wp-json\/wp\/v2\/product\/116876","targetHints":{"allow":["GET"]}}],"collection":[{"href":"https:\/\/secureus.se\/pl\/wp-json\/wp\/v2\/product"}],"about":[{"href":"https:\/\/secureus.se\/pl\/wp-json\/wp\/v2\/types\/product"}],"wp:featuredmedia":[{"embeddable":true,"href":"https:\/\/secureus.se\/pl\/wp-json\/wp\/v2\/media\/134648"}],"wp:attachment":[{"href":"https:\/\/secureus.se\/pl\/wp-json\/wp\/v2\/media?parent=116876"}],"wp:term":[{"taxonomy":"product_brand","embeddable":true,"href":"https:\/\/secureus.se\/pl\/wp-json\/wp\/v2\/product_brand?post=116876"},{"taxonomy":"product_cat","embeddable":true,"href":"https:\/\/secureus.se\/pl\/wp-json\/wp\/v2\/product_cat?post=116876"},{"taxonomy":"product_tag","embeddable":true,"href":"https:\/\/secureus.se\/pl\/wp-json\/wp\/v2\/product_tag?post=116876"}],"curies":[{"name":"wp","href":"https:\/\/api.w.org\/{rel}","templated":true}]}}