{"id":116888,"date":"2024-11-05T16:56:54","date_gmt":"2024-11-05T15:56:54","guid":{"rendered":"https:\/\/secureus.se\/?post_type=product&#038;p=116888"},"modified":"2026-01-12T12:56:30","modified_gmt":"2026-01-12T11:56:30","slug":"markeringstejp-duraline-basic-50-016-6","status":"publish","type":"product","link":"https:\/\/secureus.se\/pl\/markeringstejp-duraline-basic-50-016-6\/","title":{"rendered":"Ta\u015bma znakuj\u0105ca DURALINE\u00ae BASIC 50\/016"},"content":{"rendered":"<p>Samoprzylepna \u017c\u00f3\u0142to-czarna ta\u015bma ostrzegawcza, kt\u00f3r\u0105 mo\u017cna dopasowa\u0107 do nier\u00f3wnych powierzchni lub wok\u00f3\u0142 kraw\u0119dzi i naro\u017cnik\u00f3w. Gumowy klej znajduj\u0105cy si\u0119 na ta\u015bmie jest nie tylko plastyczny, ale tak\u017ce \u0142atwy do usuni\u0119cia bez pozostawiania resztek kleju, dzi\u0119ki czemu idealnie nadaje si\u0119 do zwracania uwagi na tymczasowe i bardziej trwa\u0142e zagro\u017cenia i ryzyko. Do stosowania wewn\u0105trz pomieszcze\u0144 na czyste, wolne od oleju i kurzu powierzchnie. Upewnij si\u0119, \u017ce pod\u0142ogi, filary, balustrady, drzwi itp., kt\u00f3re mog\u0105 stwarza\u0107 ryzyko, s\u0105 wyra\u017anie oznaczone i w\u0142a\u015bciwie zauwa\u017cone przez osoby w Twoim otoczeniu. Ta\u015bma jest g\u0142adka i nie posiada klasy antypo\u015blizgowo\u015bci. Do\u0142\u0105czona instrukcja monta\u017cu. Szeroko\u015b\u0107: 50 mm Grubo\u015b\u0107: 0,16 mm D\u0142ugo\u015b\u0107: 33 m<\/p>","protected":false},"excerpt":{"rendered":"<p>Ta\u015bma ostrzegawcza do oznaczania, kodowania kolorami i zwracania uwagi na przyk\u0142ad na niebezpiecze\u0144stwa i zagro\u017cenia wyst\u0119puj\u0105ce w pomieszczeniach zamkni\u0119tych<\/p>","protected":false},"featured_media":135655,"template":"","meta":{"_acf_changed":false},"product_brand":[],"product_cat":[4303],"product_tag":[4386],"class_list":{"0":"post-116888","1":"product","2":"type-product","3":"status-publish","4":"has-post-thumbnail","6":"product_cat-golvtejp","7":"product_tag-gul-svart","8":"product_shipping_class-tunga-paket","9":"pa_brands-durable","10":"pa_farg-gul-svart","11":"tm-no-options","13":"first","14":"instock","15":"sale","16":"taxable","17":"shipping-taxable","18":"purchasable","19":"product-type-simple"},"acf":[],"_links":{"self":[{"href":"https:\/\/secureus.se\/pl\/wp-json\/wp\/v2\/product\/116888","targetHints":{"allow":["GET"]}}],"collection":[{"href":"https:\/\/secureus.se\/pl\/wp-json\/wp\/v2\/product"}],"about":[{"href":"https:\/\/secureus.se\/pl\/wp-json\/wp\/v2\/types\/product"}],"wp:featuredmedia":[{"embeddable":true,"href":"https:\/\/secureus.se\/pl\/wp-json\/wp\/v2\/media\/135655"}],"wp:attachment":[{"href":"https:\/\/secureus.se\/pl\/wp-json\/wp\/v2\/media?parent=116888"}],"wp:term":[{"taxonomy":"product_brand","embeddable":true,"href":"https:\/\/secureus.se\/pl\/wp-json\/wp\/v2\/product_brand?post=116888"},{"taxonomy":"product_cat","embeddable":true,"href":"https:\/\/secureus.se\/pl\/wp-json\/wp\/v2\/product_cat?post=116888"},{"taxonomy":"product_tag","embeddable":true,"href":"https:\/\/secureus.se\/pl\/wp-json\/wp\/v2\/product_tag?post=116888"}],"curies":[{"name":"wp","href":"https:\/\/api.w.org\/{rel}","templated":true}]}}