{"id":117022,"date":"2024-11-05T17:20:48","date_gmt":"2024-11-05T16:20:48","guid":{"rendered":"https:\/\/secureus.se\/?post_type=product&#038;p=117022"},"modified":"2026-01-12T12:47:13","modified_gmt":"2026-01-12T11:47:13","slug":"sjalvhaftande-ficka-pocketfix-plus-90x57-10-st","status":"publish","type":"product","link":"https:\/\/secureus.se\/pl\/sjalvhaftande-ficka-pocketfix-plus-90x57-10-st\/","title":{"rendered":"Kieszonka samoprzylepna POCKETFIX\u00ae PLUS 90\u00d757 10 szt"},"content":{"rendered":"<p>Etykiety, teczki, pude\u0142ka itp. z etykietami umieszczanymi w samoprzylepnej kieszeni POCKETFIX\u00ae. Przezroczysta kiesze\u0144 wykonana jest z tworzywa polipropylenowego. Ta kiesze\u0144 na wizyt\u00f3wki ma otw\u00f3r wzd\u0142u\u017c jednego d\u0142u\u017cszego boku i klapk\u0119, kt\u00f3r\u0105 mo\u017cna z\u0142o\u017cy\u0107, aby zamkn\u0105\u0107 kiesze\u0144. Mie\u015bci do 15 wizyt\u00f3wek. Wymiary wewn\u0119trzne: 90\u00d757. Wymiary zewn\u0119trzne: 106\u00d765 mm (szer. x wys.). Torba z 10 kieszeniami.<\/p>","protected":false},"excerpt":{"rendered":"<p>Kiesze\u0144 samoprzylepna z otworem na jednym d\u0142u\u017cszym boku i zamykan\u0105 klapk\u0105. Mie\u015bci oko\u0142o 15 wizyt\u00f3wek w formacie 90\u00d757.<\/p>","protected":false},"featured_media":135473,"template":"","meta":{"_acf_changed":false},"product_brand":[],"product_cat":[4287,4252],"product_tag":[4376],"class_list":{"0":"post-117022","1":"product","2":"type-product","3":"status-publish","4":"has-post-thumbnail","6":"product_cat-kabelsamlare","7":"product_cat-sjalvhaftande-fickor","8":"product_tag-transparent","9":"product_shipping_class-tunga-paket","10":"pa_brands-durable","11":"pa_farg-transparent","12":"tm-no-options","14":"first","15":"instock","16":"sale","17":"taxable","18":"shipping-taxable","19":"purchasable","20":"product-type-simple"},"acf":[],"_links":{"self":[{"href":"https:\/\/secureus.se\/pl\/wp-json\/wp\/v2\/product\/117022","targetHints":{"allow":["GET"]}}],"collection":[{"href":"https:\/\/secureus.se\/pl\/wp-json\/wp\/v2\/product"}],"about":[{"href":"https:\/\/secureus.se\/pl\/wp-json\/wp\/v2\/types\/product"}],"wp:featuredmedia":[{"embeddable":true,"href":"https:\/\/secureus.se\/pl\/wp-json\/wp\/v2\/media\/135473"}],"wp:attachment":[{"href":"https:\/\/secureus.se\/pl\/wp-json\/wp\/v2\/media?parent=117022"}],"wp:term":[{"taxonomy":"product_brand","embeddable":true,"href":"https:\/\/secureus.se\/pl\/wp-json\/wp\/v2\/product_brand?post=117022"},{"taxonomy":"product_cat","embeddable":true,"href":"https:\/\/secureus.se\/pl\/wp-json\/wp\/v2\/product_cat?post=117022"},{"taxonomy":"product_tag","embeddable":true,"href":"https:\/\/secureus.se\/pl\/wp-json\/wp\/v2\/product_tag?post=117022"}],"curies":[{"name":"wp","href":"https:\/\/api.w.org\/{rel}","templated":true}]}}