{"id":117050,"date":"2024-11-20T14:13:09","date_gmt":"2024-11-20T13:13:09","guid":{"rendered":"https:\/\/secureus.se\/?post_type=product&#038;p=117050"},"modified":"2025-12-31T21:26:44","modified_gmt":"2025-12-31T20:26:44","slug":"namnskylt-60x90-hangselclips","status":"publish","type":"product","link":"https:\/\/secureus.se\/pl\/namnskylt-60x90-hangselclips\/","title":{"rendered":"Tabliczka znamionowa 60\u00d790, klips do zawieszenia"},"content":{"rendered":"<p>Uczestnicy konferencji, go\u015bcie firm, pracownicy targ\u00f3w, sklep\u00f3w, osoby wykonuj\u0105ce zawody us\u0142ugowe i sprzedawcy \u2013 list\u0119 mo\u017cna rozszerzy\u0107 tam, gdzie potrzebne s\u0105 identyfikatory w r\u00f3\u017cnych rozmiarach, wzorach i mo\u017cliwo\u015bciach mocowania. Ta tabliczka znamionowa ma format poziomy 60x90 mm z obrotowym zaciskiem zawiasowym, co oznacza, \u017ce znak zawsze wisi we w\u0142a\u015bciwej pozycji. Wyci\u0119ty prz\u00f3d u\u0142atwia wymian\u0119 karty stosunkowo cz\u0119sto. W zestawie bia\u0142e etykiety w pasku. Etykiety na arkuszach A4 do druku w drukarkach mo\u017cna zam\u00f3wi\u0107 osobno. Skorzystaj z darmowego programu DURAPRINT\u00ae dost\u0119pnego na www.duraprint.se, aby stworzy\u0107 i wydrukowa\u0107 stylowe etykiety imienne.<br \/>\nAkcesoria:<br \/>\nEtykiety Badgemaker\u00ae na kartkach A4 do druku w drukarce, nr art. 145602<\/p>","protected":false},"excerpt":{"rendered":"<p>Wisz\u0105ca tabliczka znamionowa w formacie poziomym 60x90mm z klipsem do zawieszania. Wyci\u0119cie z przodu u\u0142atwiaj\u0105ce wymian\u0119 karty. 25 sztuk\/opakowanie<\/p>","protected":false},"featured_media":133632,"template":"","meta":{"_acf_changed":false},"product_brand":[],"product_cat":[4284],"product_tag":[4389],"class_list":{"0":"post-117050","1":"product","2":"type-product","3":"status-publish","4":"has-post-thumbnail","6":"product_cat-namnskyltar-med-clips","7":"product_tag-rod","8":"product_shipping_class-tunga-paket","9":"pa_brands-durable","10":"pa_farg-rod","11":"tm-no-options","13":"first","14":"instock","15":"sale","16":"taxable","17":"shipping-taxable","18":"purchasable","19":"product-type-simple"},"acf":[],"_links":{"self":[{"href":"https:\/\/secureus.se\/pl\/wp-json\/wp\/v2\/product\/117050","targetHints":{"allow":["GET"]}}],"collection":[{"href":"https:\/\/secureus.se\/pl\/wp-json\/wp\/v2\/product"}],"about":[{"href":"https:\/\/secureus.se\/pl\/wp-json\/wp\/v2\/types\/product"}],"wp:featuredmedia":[{"embeddable":true,"href":"https:\/\/secureus.se\/pl\/wp-json\/wp\/v2\/media\/133632"}],"wp:attachment":[{"href":"https:\/\/secureus.se\/pl\/wp-json\/wp\/v2\/media?parent=117050"}],"wp:term":[{"taxonomy":"product_brand","embeddable":true,"href":"https:\/\/secureus.se\/pl\/wp-json\/wp\/v2\/product_brand?post=117050"},{"taxonomy":"product_cat","embeddable":true,"href":"https:\/\/secureus.se\/pl\/wp-json\/wp\/v2\/product_cat?post=117050"},{"taxonomy":"product_tag","embeddable":true,"href":"https:\/\/secureus.se\/pl\/wp-json\/wp\/v2\/product_tag?post=117050"}],"curies":[{"name":"wp","href":"https:\/\/api.w.org\/{rel}","templated":true}]}}