{"id":117053,"date":"2024-11-05T17:20:23","date_gmt":"2024-11-05T16:20:23","guid":{"rendered":"https:\/\/secureus.se\/?post_type=product&#038;p=117053"},"modified":"2026-01-12T12:30:28","modified_gmt":"2026-01-12T11:30:28","slug":"sjalvhaftande-kabelhallare-cavoline-clip-2","status":"publish","type":"product","link":"https:\/\/secureus.se\/pl\/sjalvhaftande-kabelhallare-cavoline-clip-2\/","title":{"rendered":"Samoprzylepny uchwyt na kabel CAVOLINE\u00ae CLIP 2"},"content":{"rendered":"<p>Utrzymuj porz\u0105dek w kablach dzi\u0119ki CAVOLINE\u00ae zar\u00f3wno w biurze, jak i w domu. Zbierz kable, a b\u0119dzie wygl\u0105da\u0107 schludniej i b\u0119dzie \u0142atwiejszy do czyszczenia.<br \/>\nOkr\u0105g\u0142y samoprzylepny uchwyt na kable wykonany z mi\u0119kkiego tworzywa sztucznego na 2 kable USB lub telefoniczne o maksymalnej \u015brednicy 5 mm. Mocuje si\u0119 do g\u0142adkich i czystych powierzchni. Wymiary: 20 x 12 mm (\u00f8 x wys.)<\/p>","protected":false},"excerpt":{"rendered":"<p>Samoprzylepny zacisk kablowy na 2 kable telefoniczne lub USB.<\/p>","protected":false},"featured_media":135883,"template":"","meta":{"_acf_changed":false},"product_brand":[],"product_cat":[4287,4252],"product_tag":[4393],"class_list":{"0":"post-117053","1":"product","2":"type-product","3":"status-publish","4":"has-post-thumbnail","6":"product_cat-kabelsamlare","7":"product_cat-sjalvhaftande-fickor","8":"product_tag-gra","9":"product_shipping_class-tunga-paket","10":"pa_brands-durable","11":"pa_farg-gra","12":"tm-no-options","14":"first","15":"instock","16":"sale","17":"taxable","18":"shipping-taxable","19":"purchasable","20":"product-type-simple"},"acf":[],"_links":{"self":[{"href":"https:\/\/secureus.se\/pl\/wp-json\/wp\/v2\/product\/117053","targetHints":{"allow":["GET"]}}],"collection":[{"href":"https:\/\/secureus.se\/pl\/wp-json\/wp\/v2\/product"}],"about":[{"href":"https:\/\/secureus.se\/pl\/wp-json\/wp\/v2\/types\/product"}],"wp:featuredmedia":[{"embeddable":true,"href":"https:\/\/secureus.se\/pl\/wp-json\/wp\/v2\/media\/135883"}],"wp:attachment":[{"href":"https:\/\/secureus.se\/pl\/wp-json\/wp\/v2\/media?parent=117053"}],"wp:term":[{"taxonomy":"product_brand","embeddable":true,"href":"https:\/\/secureus.se\/pl\/wp-json\/wp\/v2\/product_brand?post=117053"},{"taxonomy":"product_cat","embeddable":true,"href":"https:\/\/secureus.se\/pl\/wp-json\/wp\/v2\/product_cat?post=117053"},{"taxonomy":"product_tag","embeddable":true,"href":"https:\/\/secureus.se\/pl\/wp-json\/wp\/v2\/product_tag?post=117053"}],"curies":[{"name":"wp","href":"https:\/\/api.w.org\/{rel}","templated":true}]}}