{"id":117054,"date":"2024-11-05T16:53:25","date_gmt":"2024-11-05T15:53:25","guid":{"rendered":"https:\/\/secureus.se\/?post_type=product&#038;p=117054"},"modified":"2026-01-12T12:01:38","modified_gmt":"2026-01-12T11:01:38","slug":"plastficka-magnetisk-hard-cover-a5-l","status":"publish","type":"product","link":"https:\/\/secureus.se\/pl\/plastficka-magnetisk-hard-cover-a5-l\/","title":{"rendered":"Plastikowa kiesze\u0144 magnetyczna TWARDA OK\u0141ADKA A5 L"},"content":{"rendered":"<p>Jasne i kompleksowe oznakowanie p\u00f3\u0142ek, szaf, drzwi, pojemnik\u00f3w i innych przestrzeni usprawnia i usprawnia proces pracy w magazynach i zak\u0142adach produkcyjnych. Przezroczyste, magnetyczne kieszenie plastikowe wykonane ze sztywnego tworzywa PET mo\u017cna odczyta\u0107 za pomoc\u0105 skanera. Etykiety mo\u017cna \u0142atwo wymienia\u0107, poniewa\u017c kieszenie s\u0105 otwarte od g\u00f3ry i z obu stron, a tak\u017ce posiadaj\u0105 \u015bci\u0119te rogi u\u0142atwiaj\u0105ce dost\u0119p do wk\u0142adki. Dwa paski magnetyczne z ty\u0142u utrzymuj\u0105 kiesze\u0144 na miejscu. Ka\u017cdy uchwyt na etykiet\u0119 pokryty jest przezroczyst\u0105 foli\u0105 z tworzywa sztucznego, kt\u00f3ra chroni przed zarysowaniami podczas transportu i przechowywania. Foli\u0119 ochronn\u0105 mo\u017cna \u0142atwo usun\u0105\u0107 przed u\u017cyciem produktu. Bezp\u0142atny szablon etykiety jest dost\u0119pny na stronie www.duraprint.se.<br \/>\nWymiary wewn\u0119trzne: A5L (210\u00d7148 mm szer. x wys.)<br \/>\nWymiary zewn\u0119trzne: 213 x 153 mm (szer. x wys.)<br \/>\nAkcesoria: Etykiety na kartkach A4, art. Nr 485502<\/p>","protected":false},"excerpt":{"rendered":"<p>Plastikowa kiesze\u0144 z tworzywa PET w formacie poziomym A5 z dwoma paskami magnetycznymi z ty\u0142u. Do stosowania na powierzchniach metalowych, takich jak p\u00f3\u0142ki do przechowywania i metalowe pojemniki.<\/p>","protected":false},"featured_media":136139,"template":"","meta":{"_acf_changed":false},"product_brand":[],"product_cat":[4306],"product_tag":[4376],"class_list":{"0":"post-117054","1":"product","2":"type-product","3":"status-publish","4":"has-post-thumbnail","6":"product_cat-markning-pallstall","7":"product_tag-transparent","8":"product_shipping_class-tunga-paket","9":"pa_brands-durable","10":"pa_farg-transparent","11":"tm-no-options","13":"first","14":"instock","15":"sale","16":"taxable","17":"shipping-taxable","18":"purchasable","19":"product-type-simple"},"acf":[],"_links":{"self":[{"href":"https:\/\/secureus.se\/pl\/wp-json\/wp\/v2\/product\/117054","targetHints":{"allow":["GET"]}}],"collection":[{"href":"https:\/\/secureus.se\/pl\/wp-json\/wp\/v2\/product"}],"about":[{"href":"https:\/\/secureus.se\/pl\/wp-json\/wp\/v2\/types\/product"}],"wp:featuredmedia":[{"embeddable":true,"href":"https:\/\/secureus.se\/pl\/wp-json\/wp\/v2\/media\/136139"}],"wp:attachment":[{"href":"https:\/\/secureus.se\/pl\/wp-json\/wp\/v2\/media?parent=117054"}],"wp:term":[{"taxonomy":"product_brand","embeddable":true,"href":"https:\/\/secureus.se\/pl\/wp-json\/wp\/v2\/product_brand?post=117054"},{"taxonomy":"product_cat","embeddable":true,"href":"https:\/\/secureus.se\/pl\/wp-json\/wp\/v2\/product_cat?post=117054"},{"taxonomy":"product_tag","embeddable":true,"href":"https:\/\/secureus.se\/pl\/wp-json\/wp\/v2\/product_tag?post=117054"}],"curies":[{"name":"wp","href":"https:\/\/api.w.org\/{rel}","templated":true}]}}