{"id":117141,"date":"2024-11-05T16:51:16","date_gmt":"2024-11-05T15:51:16","guid":{"rendered":"https:\/\/secureus.se\/?post_type=product&#038;p=117141"},"modified":"2026-03-11T14:45:08","modified_gmt":"2026-03-11T13:45:08","slug":"surfplattehallare-twist-floor","status":"publish","type":"product","link":"https:\/\/secureus.se\/pl\/surfplattehallare-twist-floor\/","title":{"rendered":"Uchwyt na desk\u0119 surfingow\u0105 TWIST FLOOR"},"content":{"rendered":"<p>TWIST FLOOR to statyw pod\u0142ogowy z uchwytem na tablet lub telefon kom\u00f3rkowy, przeznaczony do ogl\u0105dania film\u00f3w i udost\u0119pniania informacji w miejscach publicznych, na targach, wystawach, w hotelach i restauracjach. Seria TWIST posiada uchwyt z antypo\u015blizgowymi podk\u0142adkami, kt\u00f3re utrzymuj\u0105 urz\u0105dzenie na miejscu i chroni\u0105 przed zarysowaniami. Uchwyt pasuje do tablet\u00f3w i telefon\u00f3w kom\u00f3rkowych, takich jak iPhone, iPad i Samsung, o przek\u0105tnej od 4,7\u2033 do 13\u2033 i maksymalnej wadze 800 g. Uchwyt jest zamocowany na przegubie kulowym, kt\u00f3ry mo\u017cna obraca\u0107 o 360\u00b0. Znajduje si\u0119 tam r\u00f3wnie\u017c otw\u00f3r na kabel do \u0142adowania. TWIST FLOOR to teleskopowy, tr\u00f3jno\u017cny statyw pod\u0142ogowy o szerokim zakresie regulacji wysoko\u015bci w zakresie od 1,12 do 1,69 m. Po z\u0142o\u017ceniu statyw ma 70 cm d\u0142ugo\u015bci, a do\u0142\u0105czona torba u\u0142atwia jego przenoszenie. Wytrzyma\u0142y uchwyt typu g\u0119sia szyja z bezstopniow\u0105 regulacj\u0105 wysoko\u015bci i k\u0105ta nachylenia, kt\u00f3ry zatrzymuje si\u0119 w \u017c\u0105danej pozycji. Wykonany z materia\u0142u pochodz\u0105cego z recyklingu 40% i w 100% nadaj\u0105cego si\u0119 do recyklingu po zako\u0144czeniu okresu u\u017cytkowania produktu.<\/p>","protected":false},"excerpt":{"rendered":"<p>Uchwyt na tablet lub telefon kom\u00f3rkowy 4,7-13\u2033. Stojak pod\u0142ogowy z gi\u0119tk\u0105 g\u0119si\u0105 szyj\u0105 i przegubem kulowym.<\/p>","protected":false},"featured_media":135731,"template":"","meta":{"_acf_changed":false},"product_brand":[],"product_cat":[4236],"product_tag":[4381],"class_list":{"0":"post-117141","1":"product","2":"type-product","3":"status-publish","4":"has-post-thumbnail","6":"product_cat-surfplattehallare","7":"product_tag-svart","8":"product_shipping_class-tunga-paket","9":"pa_brands-durable","10":"pa_farg-svart","11":"tm-no-options","13":"first","14":"instock","15":"sale","16":"taxable","17":"shipping-taxable","18":"purchasable","19":"product-type-simple"},"acf":[],"_links":{"self":[{"href":"https:\/\/secureus.se\/pl\/wp-json\/wp\/v2\/product\/117141","targetHints":{"allow":["GET"]}}],"collection":[{"href":"https:\/\/secureus.se\/pl\/wp-json\/wp\/v2\/product"}],"about":[{"href":"https:\/\/secureus.se\/pl\/wp-json\/wp\/v2\/types\/product"}],"wp:featuredmedia":[{"embeddable":true,"href":"https:\/\/secureus.se\/pl\/wp-json\/wp\/v2\/media\/135731"}],"wp:attachment":[{"href":"https:\/\/secureus.se\/pl\/wp-json\/wp\/v2\/media?parent=117141"}],"wp:term":[{"taxonomy":"product_brand","embeddable":true,"href":"https:\/\/secureus.se\/pl\/wp-json\/wp\/v2\/product_brand?post=117141"},{"taxonomy":"product_cat","embeddable":true,"href":"https:\/\/secureus.se\/pl\/wp-json\/wp\/v2\/product_cat?post=117141"},{"taxonomy":"product_tag","embeddable":true,"href":"https:\/\/secureus.se\/pl\/wp-json\/wp\/v2\/product_tag?post=117141"}],"curies":[{"name":"wp","href":"https:\/\/api.w.org\/{rel}","templated":true}]}}