{"id":117169,"date":"2024-11-05T16:50:30","date_gmt":"2024-11-05T15:50:30","guid":{"rendered":"https:\/\/secureus.se\/?post_type=product&#038;p=117169"},"modified":"2026-01-12T12:23:38","modified_gmt":"2026-01-12T11:23:38","slug":"sjalvhaftande-magnettejp-5-m","status":"publish","type":"product","link":"https:\/\/secureus.se\/pl\/sjalvhaftande-magnettejp-5-m\/","title":{"rendered":"Samoprzylepna ta\u015bma magnetyczna 5 m"},"content":{"rendered":"<p>Dzi\u0119ki przyklejeniu tego samoprzylepnego metalowego paska magnesy mo\u017cna stosowa\u0107 na powierzchniach niemagnetycznych. Mo\u017cna go przyci\u0105\u0107 na \u017c\u0105dan\u0105 d\u0142ugo\u015b\u0107 zwyk\u0142ymi, dobrej jako\u015bci no\u017cyczkami. Rolka zawiera 5 m ta\u015bmy metalowej o szeroko\u015bci 35 mm. Samoprzylepna strona przykleja si\u0119 do czystych i g\u0142adkich powierzchni. <\/p>","protected":false},"excerpt":{"rendered":"<p>Samoprzylepna ta\u015bma metalowa w rolce 5m. Przytnij na \u017c\u0105dan\u0105 d\u0142ugo\u015b\u0107.<\/p>","protected":false},"featured_media":135940,"template":"","meta":{"_acf_changed":false},"product_brand":[],"product_cat":[4269],"product_tag":[4396],"class_list":{"0":"post-117169","1":"product","2":"type-product","3":"status-publish","4":"has-post-thumbnail","6":"product_cat-magnetisk-fastsattning","7":"product_tag-vit","8":"product_shipping_class-tunga-paket","9":"pa_brands-durable","10":"pa_farg-vit","11":"tm-no-options","13":"first","14":"instock","15":"sale","16":"taxable","17":"shipping-taxable","18":"purchasable","19":"product-type-simple"},"acf":[],"_links":{"self":[{"href":"https:\/\/secureus.se\/pl\/wp-json\/wp\/v2\/product\/117169","targetHints":{"allow":["GET"]}}],"collection":[{"href":"https:\/\/secureus.se\/pl\/wp-json\/wp\/v2\/product"}],"about":[{"href":"https:\/\/secureus.se\/pl\/wp-json\/wp\/v2\/types\/product"}],"wp:featuredmedia":[{"embeddable":true,"href":"https:\/\/secureus.se\/pl\/wp-json\/wp\/v2\/media\/135940"}],"wp:attachment":[{"href":"https:\/\/secureus.se\/pl\/wp-json\/wp\/v2\/media?parent=117169"}],"wp:term":[{"taxonomy":"product_brand","embeddable":true,"href":"https:\/\/secureus.se\/pl\/wp-json\/wp\/v2\/product_brand?post=117169"},{"taxonomy":"product_cat","embeddable":true,"href":"https:\/\/secureus.se\/pl\/wp-json\/wp\/v2\/product_cat?post=117169"},{"taxonomy":"product_tag","embeddable":true,"href":"https:\/\/secureus.se\/pl\/wp-json\/wp\/v2\/product_tag?post=117169"}],"curies":[{"name":"wp","href":"https:\/\/api.w.org\/{rel}","templated":true}]}}