{"id":117178,"date":"2024-11-05T17:18:50","date_gmt":"2024-11-05T16:18:50","guid":{"rendered":"https:\/\/secureus.se\/?post_type=product&#038;p=117178"},"modified":"2026-01-12T12:49:00","modified_gmt":"2026-01-12T11:49:00","slug":"sjalvlaminerande-sjalvhaftande-ficka-seal-it-a4-10-fp","status":"publish","type":"product","link":"https:\/\/secureus.se\/pl\/sjalvlaminerande-sjalvhaftande-ficka-seal-it-a4-10-fp\/","title":{"rendered":"Kiesze\u0144 samolaminuj\u0105ca, samoprzylepna SEAL IT A4 10\/fp"},"content":{"rendered":"<p>Uplastyczniaj\u0105c zdj\u0119cia, dokumenty, instrukcje itp. zabezpieczamy je przed brudem, wilgoci\u0105 i innymi uszkodzeniami. SEAL IT to seria kieszeni do laminowania na zimno, co oznacza, \u017ce nie jest wymagana maszyna do laminowania. Umie\u015b\u0107 papier pomi\u0119dzy arkuszami, odklej papier ochronny od g\u00f3ry do do\u0142u g\u00f3rnego arkusza i po\u0142\u0105cz kawa\u0142ek po kawa\u0142ku, a arkusz zostanie owini\u0119ty! Ta kiesze\u0144 jest samoprzylepna z ty\u0142u. Mocuje si\u0119 do twardych i g\u0142adkich powierzchni, mo\u017cna je zdj\u0105\u0107 i ponownie przymocowa\u0107. Do arkuszy w formacie A4. Opakowanie zawiera 10 szt.<\/p>","protected":false},"excerpt":{"rendered":"<p>Kiesze\u0144 do owijania kartek A4 bez laminowania. Podk\u0142ad samoprzylepny.<\/p>","protected":false},"featured_media":135919,"template":"","meta":{"_acf_changed":false},"product_brand":[],"product_cat":[4311],"product_tag":[4376],"class_list":{"0":"post-117178","1":"product","2":"type-product","3":"status-publish","4":"has-post-thumbnail","6":"product_cat-lamineringsfickor","7":"product_tag-transparent","8":"product_shipping_class-tunga-paket","9":"pa_brands-durable","10":"pa_farg-transparent","11":"tm-no-options","13":"first","14":"instock","15":"sale","16":"taxable","17":"shipping-taxable","18":"purchasable","19":"product-type-simple"},"acf":[],"_links":{"self":[{"href":"https:\/\/secureus.se\/pl\/wp-json\/wp\/v2\/product\/117178","targetHints":{"allow":["GET"]}}],"collection":[{"href":"https:\/\/secureus.se\/pl\/wp-json\/wp\/v2\/product"}],"about":[{"href":"https:\/\/secureus.se\/pl\/wp-json\/wp\/v2\/types\/product"}],"wp:featuredmedia":[{"embeddable":true,"href":"https:\/\/secureus.se\/pl\/wp-json\/wp\/v2\/media\/135919"}],"wp:attachment":[{"href":"https:\/\/secureus.se\/pl\/wp-json\/wp\/v2\/media?parent=117178"}],"wp:term":[{"taxonomy":"product_brand","embeddable":true,"href":"https:\/\/secureus.se\/pl\/wp-json\/wp\/v2\/product_brand?post=117178"},{"taxonomy":"product_cat","embeddable":true,"href":"https:\/\/secureus.se\/pl\/wp-json\/wp\/v2\/product_cat?post=117178"},{"taxonomy":"product_tag","embeddable":true,"href":"https:\/\/secureus.se\/pl\/wp-json\/wp\/v2\/product_tag?post=117178"}],"curies":[{"name":"wp","href":"https:\/\/api.w.org\/{rel}","templated":true}]}}