{"id":117215,"date":"2024-11-05T17:18:08","date_gmt":"2024-11-05T16:18:08","guid":{"rendered":"https:\/\/secureus.se\/?post_type=product&#038;p=117215"},"modified":"2026-01-12T12:12:13","modified_gmt":"2026-01-12T11:12:13","slug":"skrivplatta-med-omslag-a4","status":"publish","type":"product","link":"https:\/\/secureus.se\/pl\/skrivplatta-med-omslag-a4\/","title":{"rendered":"Blok do pisania z ok\u0142adk\u0105 A4"},"content":{"rendered":"<p>Blok do pisania\/etui na notes\/uchwyt na notes\/os\u0142ona na notes wykonane z mocnej tektury powlekanej tworzywem sztucznym. Czarny klips do bloku lub papieru. Z klapk\u0105 do kopiowania chroni\u0105c\u0105 le\u017c\u0105ce pod spodem dokumenty samokopiuj\u0105ce. Wewn\u0105trz 2 zaokr\u0105glone kieszenie do przechowywania lu\u017anych dokument\u00f3w i wizyt\u00f3wek. Z uchwytem na d\u0142ugopis.<\/p>","protected":false},"excerpt":{"rendered":"<p>Obudowa blokowa z klapk\u0105 kopiuj\u0105c\u0105 dla formatu A4+.<\/p>","protected":false},"featured_media":135607,"template":"","meta":{"_acf_changed":false},"product_brand":[],"product_cat":[4313],"product_tag":[4381],"class_list":{"0":"post-117215","1":"product","2":"type-product","3":"status-publish","4":"has-post-thumbnail","6":"product_cat-skrivplattor","7":"product_tag-svart","8":"product_shipping_class-tunga-paket","9":"pa_brands-durable","10":"pa_farg-svart","11":"tm-no-options","13":"first","14":"instock","15":"sale","16":"taxable","17":"shipping-taxable","18":"purchasable","19":"product-type-simple"},"acf":[],"_links":{"self":[{"href":"https:\/\/secureus.se\/pl\/wp-json\/wp\/v2\/product\/117215","targetHints":{"allow":["GET"]}}],"collection":[{"href":"https:\/\/secureus.se\/pl\/wp-json\/wp\/v2\/product"}],"about":[{"href":"https:\/\/secureus.se\/pl\/wp-json\/wp\/v2\/types\/product"}],"wp:featuredmedia":[{"embeddable":true,"href":"https:\/\/secureus.se\/pl\/wp-json\/wp\/v2\/media\/135607"}],"wp:attachment":[{"href":"https:\/\/secureus.se\/pl\/wp-json\/wp\/v2\/media?parent=117215"}],"wp:term":[{"taxonomy":"product_brand","embeddable":true,"href":"https:\/\/secureus.se\/pl\/wp-json\/wp\/v2\/product_brand?post=117215"},{"taxonomy":"product_cat","embeddable":true,"href":"https:\/\/secureus.se\/pl\/wp-json\/wp\/v2\/product_cat?post=117215"},{"taxonomy":"product_tag","embeddable":true,"href":"https:\/\/secureus.se\/pl\/wp-json\/wp\/v2\/product_tag?post=117215"}],"curies":[{"name":"wp","href":"https:\/\/api.w.org\/{rel}","templated":true}]}}