{"id":117236,"date":"2024-11-20T14:14:36","date_gmt":"2024-11-20T13:14:36","guid":{"rendered":"https:\/\/secureus.se\/?post_type=product&#038;p=117236"},"modified":"2026-01-12T12:46:27","modified_gmt":"2026-01-12T11:46:27","slug":"namnskylt-konvex-40x75-nal-klamfaste","status":"publish","type":"product","link":"https:\/\/secureus.se\/pl\/namnskylt-konvex-40x75-nal-klamfaste\/","title":{"rendered":"Tabliczka znamionowa wypuk\u0142a 40\u00d775, mocowanie na pin\/klips"},"content":{"rendered":"<p>Uczestnicy konferencji, go\u015bcie firm, pracownicy targ\u00f3w, sklep\u00f3w, osoby wykonuj\u0105ce zawody us\u0142ugowe i sprzedawcy \u2013 list\u0119 mo\u017cna rozszerzy\u0107 tam, gdzie potrzebne s\u0105 identyfikatory w r\u00f3\u017cnych rozmiarach, wzorach i mo\u017cliwo\u015bciach mocowania. Znak o wymiarach 40x75mm wykonany jest z akrylu i lekko wypuk\u0142y, dzi\u0119ki czemu tekst jest wyj\u0105tkowo \u0142atwy do odczytania. Obrotowy zacisk typu Combi, kt\u00f3ry daje mo\u017cliwo\u015b\u0107 mocowania znaku. Uchwyt na kciuk u\u0142atwia wyjmowanie karty. W zestawie bia\u0142e etykiety. Etykiety na arkuszach A4 do druku w drukarkach mo\u017cna zam\u00f3wi\u0107 osobno. Skorzystaj z darmowego programu DURAPRINT\u00ae dost\u0119pnego na www.duraprint.se, aby stworzy\u0107 i wydrukowa\u0107 stylowe etykiety imienne.<br \/>\nAkcesoria:<br \/>\nEtykiety Badgemaker\u00ae na kartkach A4 do druku w drukarce, nr art. 145302<\/p>","protected":false},"excerpt":{"rendered":"<p>Lekka, wypuk\u0142a, akrylowa plakietka z imieniem, kt\u00f3r\u0105 mo\u017cna przymocowa\u0107 za pomoc\u0105 agrafki lub klipsa. Dyskretny, ale wci\u0105\u017c w pe\u0142ni widoczny rozmiar 40x75mm. 25 sztuk\/opakowanie<\/p>","protected":false},"featured_media":133609,"template":"","meta":{"_acf_changed":false},"product_brand":[],"product_cat":[4282],"product_tag":[4390],"class_list":{"0":"post-117236","1":"product","2":"type-product","3":"status-publish","4":"has-post-thumbnail","6":"product_cat-namnskyltar-med-nal","7":"product_tag-morkgra","8":"product_shipping_class-tunga-paket","9":"pa_brands-durable","10":"pa_farg-morkgra","11":"tm-no-options","13":"first","14":"instock","15":"sale","16":"taxable","17":"shipping-taxable","18":"purchasable","19":"product-type-simple"},"acf":[],"_links":{"self":[{"href":"https:\/\/secureus.se\/pl\/wp-json\/wp\/v2\/product\/117236","targetHints":{"allow":["GET"]}}],"collection":[{"href":"https:\/\/secureus.se\/pl\/wp-json\/wp\/v2\/product"}],"about":[{"href":"https:\/\/secureus.se\/pl\/wp-json\/wp\/v2\/types\/product"}],"wp:featuredmedia":[{"embeddable":true,"href":"https:\/\/secureus.se\/pl\/wp-json\/wp\/v2\/media\/133609"}],"wp:attachment":[{"href":"https:\/\/secureus.se\/pl\/wp-json\/wp\/v2\/media?parent=117236"}],"wp:term":[{"taxonomy":"product_brand","embeddable":true,"href":"https:\/\/secureus.se\/pl\/wp-json\/wp\/v2\/product_brand?post=117236"},{"taxonomy":"product_cat","embeddable":true,"href":"https:\/\/secureus.se\/pl\/wp-json\/wp\/v2\/product_cat?post=117236"},{"taxonomy":"product_tag","embeddable":true,"href":"https:\/\/secureus.se\/pl\/wp-json\/wp\/v2\/product_tag?post=117236"}],"curies":[{"name":"wp","href":"https:\/\/api.w.org\/{rel}","templated":true}]}}