{"id":117271,"date":"2024-11-05T16:48:58","date_gmt":"2024-11-05T15:48:58","guid":{"rendered":"https:\/\/secureus.se\/?post_type=product&#038;p=117271"},"modified":"2026-01-12T12:49:12","modified_gmt":"2026-01-12T11:49:12","slug":"sjalvhaftande-hornficka-cornerfix-75x75","status":"publish","type":"product","link":"https:\/\/secureus.se\/pl\/sjalvhaftande-hornficka-cornerfix-75x75\/","title":{"rendered":"Samoprzylepna kiesze\u0144 naro\u017cna CORNERFIX\u00ae 75\u00d775"},"content":{"rendered":"<p>Przymocuj uko\u015bn\u0105 kiesze\u0144 naro\u017cn\u0105 CORNERFIX\u00ae do wn\u0119trza teczki, segregatora lub notesu, a lu\u017ane materia\u0142y, takie jak wizyt\u00f3wki, lu\u017ane kartki z ofertami tymczasowymi itp. mo\u017cna umie\u015bci\u0107 w kieszeni. Przezroczyste kieszenie wykonane z przezroczystego polipropylenu z samoprzylepnym spodem. 25 arkuszy po 4 kieszenie na arkusz, \u0142\u0105cznie 100 kieszeni w opakowaniu. Ma\u0142a kieszonka o wymiarach 75x75mm. <\/p>","protected":false},"excerpt":{"rendered":"<p>Tr\u00f3jk\u0105tna, samoprzylepna kieszonka na lu\u017ane dokumenty w teczkach i segregatorach<\/p>","protected":false},"featured_media":136475,"template":"","meta":{"_acf_changed":false},"product_brand":[],"product_cat":[4252],"product_tag":[4376],"class_list":{"0":"post-117271","1":"product","2":"type-product","3":"status-publish","4":"has-post-thumbnail","6":"product_cat-sjalvhaftande-fickor","7":"product_tag-transparent","8":"product_shipping_class-tunga-paket","9":"pa_brands-durable","10":"pa_farg-transparent","11":"tm-no-options","13":"first","14":"instock","15":"sale","16":"taxable","17":"shipping-taxable","18":"purchasable","19":"product-type-simple"},"acf":[],"_links":{"self":[{"href":"https:\/\/secureus.se\/pl\/wp-json\/wp\/v2\/product\/117271","targetHints":{"allow":["GET"]}}],"collection":[{"href":"https:\/\/secureus.se\/pl\/wp-json\/wp\/v2\/product"}],"about":[{"href":"https:\/\/secureus.se\/pl\/wp-json\/wp\/v2\/types\/product"}],"wp:featuredmedia":[{"embeddable":true,"href":"https:\/\/secureus.se\/pl\/wp-json\/wp\/v2\/media\/136475"}],"wp:attachment":[{"href":"https:\/\/secureus.se\/pl\/wp-json\/wp\/v2\/media?parent=117271"}],"wp:term":[{"taxonomy":"product_brand","embeddable":true,"href":"https:\/\/secureus.se\/pl\/wp-json\/wp\/v2\/product_brand?post=117271"},{"taxonomy":"product_cat","embeddable":true,"href":"https:\/\/secureus.se\/pl\/wp-json\/wp\/v2\/product_cat?post=117271"},{"taxonomy":"product_tag","embeddable":true,"href":"https:\/\/secureus.se\/pl\/wp-json\/wp\/v2\/product_tag?post=117271"}],"curies":[{"name":"wp","href":"https:\/\/api.w.org\/{rel}","templated":true}]}}