{"id":117272,"date":"2024-11-05T17:01:08","date_gmt":"2024-11-05T16:01:08","guid":{"rendered":"https:\/\/secureus.se\/?post_type=product&#038;p=117272"},"modified":"2026-01-12T12:55:04","modified_gmt":"2026-01-12T11:55:04","slug":"vagghallare-for-surfplatta-visioclip","status":"publish","type":"product","link":"https:\/\/secureus.se\/pl\/vagghallare-for-surfplatta-visioclip\/","title":{"rendered":"Uchwyt \u015bcienny do tabletu VISIOCLIP"},"content":{"rendered":"<p>Ten uchwyt \u015bcienny, kt\u00f3ry sk\u0142ada si\u0119 z dw\u00f3ch klips\u00f3w\/\u0142\u0105cznik\u00f3w, jest \u0142atwy w monta\u017cu i sprawia, \u017ce tablet dyskretnie wtapia si\u0119 w biuro, zak\u0142ady lub dom w domu - kuchni\u0119, salon i przedpok\u00f3j, na przyk\u0142ad do u\u017cytku operacyjnego lub przechowywania wi\u0119c \u0142atwo go znale\u017a\u0107, kiedy go potrzebujesz. Mo\u017ce s\u0142u\u017cy\u0107 r\u00f3wnie\u017c jako stacja \u0142aduj\u0105ca do smartfon\u00f3w.<br \/>\nUchwyty s\u0105 skonfigurowane w taki spos\u00f3b, \u017ce tabletu mo\u017cna u\u017cywa\u0107 w formacie pionowym lub poziomym. Mocowany do \u015bciany za pomoc\u0105 wkr\u0119t\u00f3w (w zestawie szablon do wywiercenia otwor\u00f3w) alternatywnie za pomoc\u0105 samoprzylepnej du\u017cej podk\u0142adki mocuj\u0105cej, kt\u00f3r\u0105 mo\u017cna usun\u0105\u0107 bez pozostawiania \u015blad\u00f3w na \u015bcianie. Podczas u\u017cytkowania tablet jest stabilnie osadzony w VISIOCLIP i jest przeznaczony dla urz\u0105dze\u0144 o maksymalnej wadze 1 kg i maksymalnej g\u0142\u0119boko\u015bci 10 mm. Mocowania tabletu s\u0105 \u0142atwe w zak\u0142adaniu i zdejmowaniu, a dzi\u0119ki swojej konstrukcji posiadaj\u0105 zintegrowane haczyki, kt\u00f3re zapobiegaj\u0105 ich wy\u0142amaniu, s\u0105 one trwa\u0142e.<\/p>","protected":false},"excerpt":{"rendered":"<p>Uchwyt \u015bcienny do tablet\u00f3w i smartfon\u00f3w, kt\u00f3ry mo\u017cna \u0142atwo wk\u0142ada\u0107 i wyjmowa\u0107.<\/p>","protected":false},"featured_media":135768,"template":"","meta":{"_acf_changed":false},"product_brand":[],"product_cat":[4236],"product_tag":[4390],"class_list":{"0":"post-117272","1":"product","2":"type-product","3":"status-publish","4":"has-post-thumbnail","6":"product_cat-surfplattehallare","7":"product_tag-morkgra","8":"product_shipping_class-tunga-paket","9":"pa_brands-durable","10":"pa_farg-morkgra","11":"tm-no-options","13":"first","14":"instock","15":"sale","16":"taxable","17":"shipping-taxable","18":"purchasable","19":"product-type-simple"},"acf":[],"_links":{"self":[{"href":"https:\/\/secureus.se\/pl\/wp-json\/wp\/v2\/product\/117272","targetHints":{"allow":["GET"]}}],"collection":[{"href":"https:\/\/secureus.se\/pl\/wp-json\/wp\/v2\/product"}],"about":[{"href":"https:\/\/secureus.se\/pl\/wp-json\/wp\/v2\/types\/product"}],"wp:featuredmedia":[{"embeddable":true,"href":"https:\/\/secureus.se\/pl\/wp-json\/wp\/v2\/media\/135768"}],"wp:attachment":[{"href":"https:\/\/secureus.se\/pl\/wp-json\/wp\/v2\/media?parent=117272"}],"wp:term":[{"taxonomy":"product_brand","embeddable":true,"href":"https:\/\/secureus.se\/pl\/wp-json\/wp\/v2\/product_brand?post=117272"},{"taxonomy":"product_cat","embeddable":true,"href":"https:\/\/secureus.se\/pl\/wp-json\/wp\/v2\/product_cat?post=117272"},{"taxonomy":"product_tag","embeddable":true,"href":"https:\/\/secureus.se\/pl\/wp-json\/wp\/v2\/product_tag?post=117272"}],"curies":[{"name":"wp","href":"https:\/\/api.w.org\/{rel}","templated":true}]}}