{"id":117306,"date":"2024-11-20T14:14:57","date_gmt":"2024-11-20T13:14:57","guid":{"rendered":"https:\/\/secureus.se\/?post_type=product&#038;p=117306"},"modified":"2026-01-12T12:04:10","modified_gmt":"2026-01-12T11:04:10","slug":"pallficka-a6l-vikbar-kant","status":"publish","type":"product","link":"https:\/\/secureus.se\/pl\/pallficka-a6l-vikbar-kant\/","title":{"rendered":"Kiesze\u0144 paletowa A6L z kraw\u0119dzi\u0105 sk\u0142adan\u0105"},"content":{"rendered":"<p>Jasne i kompleksowe oznakowanie nadstawek paletowych, palet i karton\u00f3w usprawnia i usprawnia proces pracy w magazynach i zak\u0142adach produkcyjnych. Te plastikowe kieszenie wykonane z wytrzyma\u0142ego polipropylenu nadaj\u0105 si\u0119 do skanowania i chroni\u0105 wymienne wk\u0142adki przed brudem i zu\u017cyciem. Kieszenie s\u0105 dostarczane na p\u0142asko i mo\u017cna je z\u0142o\u017cy\u0107 w celu spe\u0142nienia dw\u00f3ch r\u00f3\u017cnych funkcji. Z\u0142\u00f3\u017c raz, a stanie si\u0119 kieszeni\u0105 pochylon\u0105 pod k\u0105tem 90\u00b0, kt\u00f3r\u0105 mo\u017cna w\u0142o\u017cy\u0107 pomi\u0119dzy u\u0142o\u017cone w stos kartony. Nic nie trzeba przykleja\u0107 do kartonu, a kiesze\u0144 utrzymuje si\u0119 na miejscu dzi\u0119ki ci\u0119\u017carowi kartonu znajduj\u0105cego si\u0119 powy\u017cej. Z\u0142\u00f3\u017c dwukrotnie, a otrzymasz zagi\u0119t\u0105 kiesze\u0144, kt\u00f3r\u0105 b\u0119dziesz m\u00f3g\u0142 zawiesi\u0107 np. na kraw\u0119dziach nadstawki paletowej o maksymalnej d\u0142ugo\u015bci 22 mm. Bezp\u0142atny szablon etykiety jest dost\u0119pny na stronie www.duraprint.se.<br \/>\nWymiary wewn\u0119trzne: A6L (148 x 105 mm szer. x wys.)<br \/>\nWymiary zewn\u0119trzne: 168 x 216 mm szer. x wys<br \/>\nAkcesoria: Etykiety na kartkach A4, art. Nr 485102<\/p>","protected":false},"excerpt":{"rendered":"<p>Kiesze\u0144 paletowa do oznaczania nadstawek paletowych i karton\u00f3w. Wybierz pomi\u0119dzy przyklejeniem kieszeni pomi\u0119dzy u\u0142o\u017conymi w stos kartonami lub zawieszeniem na kraw\u0119dzi palety.<\/p>","protected":false},"featured_media":133676,"template":"","meta":{"_acf_changed":false},"product_brand":[],"product_cat":[4306],"product_tag":[4387],"class_list":{"0":"post-117306","1":"product","2":"type-product","3":"status-publish","4":"has-post-thumbnail","6":"product_cat-markning-pallstall","7":"product_tag-bla","8":"product_shipping_class-tunga-paket","9":"pa_brands-durable","10":"pa_farg-bla","11":"tm-no-options","13":"first","14":"instock","15":"sale","16":"taxable","17":"shipping-taxable","18":"purchasable","19":"product-type-simple"},"acf":[],"_links":{"self":[{"href":"https:\/\/secureus.se\/pl\/wp-json\/wp\/v2\/product\/117306","targetHints":{"allow":["GET"]}}],"collection":[{"href":"https:\/\/secureus.se\/pl\/wp-json\/wp\/v2\/product"}],"about":[{"href":"https:\/\/secureus.se\/pl\/wp-json\/wp\/v2\/types\/product"}],"wp:featuredmedia":[{"embeddable":true,"href":"https:\/\/secureus.se\/pl\/wp-json\/wp\/v2\/media\/133676"}],"wp:attachment":[{"href":"https:\/\/secureus.se\/pl\/wp-json\/wp\/v2\/media?parent=117306"}],"wp:term":[{"taxonomy":"product_brand","embeddable":true,"href":"https:\/\/secureus.se\/pl\/wp-json\/wp\/v2\/product_brand?post=117306"},{"taxonomy":"product_cat","embeddable":true,"href":"https:\/\/secureus.se\/pl\/wp-json\/wp\/v2\/product_cat?post=117306"},{"taxonomy":"product_tag","embeddable":true,"href":"https:\/\/secureus.se\/pl\/wp-json\/wp\/v2\/product_tag?post=117306"}],"curies":[{"name":"wp","href":"https:\/\/api.w.org\/{rel}","templated":true}]}}