{"id":117319,"date":"2024-11-05T17:00:29","date_gmt":"2024-11-05T16:00:29","guid":{"rendered":"https:\/\/secureus.se\/?post_type=product&#038;p=117319"},"modified":"2026-01-12T12:56:48","modified_gmt":"2026-01-12T11:56:48","slug":"hornskydd-c19","status":"publish","type":"product","link":"https:\/\/secureus.se\/pl\/hornskydd-c19\/","title":{"rendered":"Naro\u017cnik C19"},"content":{"rendered":"<p>Profile ostrzegawcze i ochronne, takie jak ta os\u0142ona naro\u017cna, s\u0105 stosowane w przemy\u015ble i innych \u015brodowiskach wewn\u0119trznych w celu ochrony ludzi, pojazd\u00f3w i mebli w przypadku lekkich kolizji. Czarno-\u017c\u00f3\u0142te paski ostrzegaj\u0105 przed ostrymi naro\u017cnikami, a pianka poliuretanowa, z kt\u00f3rej wykonany jest profil ochronny, amortyzuje wstrz\u0105sy. Samoprzylepny ochraniacz naro\u017cnik\u00f3w przycina si\u0119 ostrym no\u017cem na \u017c\u0105dan\u0105 d\u0142ugo\u015b\u0107. Mocna, samoprzylepna powierzchnia klej\u0105ca dobrej jako\u015bci, kt\u00f3ra najlepiej przylega m.in. do metalu, drewna, tektury i p\u0142ytek, najlepiej w temperaturze 10-30\u00b0C. Odcienie kolor\u00f3w wed\u0142ug ASR A1.3 podobne do RAL 1004\/9003 (\u017c\u00f3\u0142ty sygna\u0142owy\/czarny sygna\u0142owy).<br \/>\nTestowane zgodnie z klasyfikacj\u0105 ogniow\u0105 DIN EN 13501-1 klasa E.<br \/>\nOdporny na temperatur\u0119 od -30\u00b0C do + 70\u00b0C.<br \/>\nD\u0142ugo\u015b\u0107 1 m. D\u0142ugo\u015b\u0107 zewn\u0119trzna 26 + 26 mm, d\u0142ugo\u015b\u0107 powierzchni klej\u0105cej 19 + 19 mm, grubo\u015b\u0107 7 mm.<\/p>","protected":false},"excerpt":{"rendered":"<p>Samoprzylepne zabezpieczenie naro\u017cnik\u00f3w o dzia\u0142aniu amortyzuj\u0105cym. Czarno-\u017c\u00f3\u0142te paski ostrzegaj\u0105 i zwracaj\u0105 uwag\u0119 na potencjalne niebezpiecze\u0144stwo.<\/p>","protected":false},"featured_media":136044,"template":"","meta":{"_acf_changed":false},"product_brand":[],"product_cat":[4239],"product_tag":[4386],"class_list":{"0":"post-117319","1":"product","2":"type-product","3":"status-publish","4":"has-post-thumbnail","6":"product_cat-varnings-skyddsprofiler","7":"product_tag-gul-svart","8":"product_shipping_class-tunga-paket","9":"pa_brands-durable","10":"pa_farg-gul-svart","11":"tm-no-options","13":"first","14":"instock","15":"sale","16":"taxable","17":"shipping-taxable","18":"purchasable","19":"product-type-simple"},"acf":[],"_links":{"self":[{"href":"https:\/\/secureus.se\/pl\/wp-json\/wp\/v2\/product\/117319","targetHints":{"allow":["GET"]}}],"collection":[{"href":"https:\/\/secureus.se\/pl\/wp-json\/wp\/v2\/product"}],"about":[{"href":"https:\/\/secureus.se\/pl\/wp-json\/wp\/v2\/types\/product"}],"wp:featuredmedia":[{"embeddable":true,"href":"https:\/\/secureus.se\/pl\/wp-json\/wp\/v2\/media\/136044"}],"wp:attachment":[{"href":"https:\/\/secureus.se\/pl\/wp-json\/wp\/v2\/media?parent=117319"}],"wp:term":[{"taxonomy":"product_brand","embeddable":true,"href":"https:\/\/secureus.se\/pl\/wp-json\/wp\/v2\/product_brand?post=117319"},{"taxonomy":"product_cat","embeddable":true,"href":"https:\/\/secureus.se\/pl\/wp-json\/wp\/v2\/product_cat?post=117319"},{"taxonomy":"product_tag","embeddable":true,"href":"https:\/\/secureus.se\/pl\/wp-json\/wp\/v2\/product_tag?post=117319"}],"curies":[{"name":"wp","href":"https:\/\/api.w.org\/{rel}","templated":true}]}}