{"id":117360,"date":"2024-11-05T17:13:19","date_gmt":"2024-11-05T16:13:19","guid":{"rendered":"https:\/\/secureus.se\/?post_type=product&#038;p=117360"},"modified":"2026-01-12T12:54:27","modified_gmt":"2026-01-12T11:54:27","slug":"tablet-holder-wall","status":"publish","type":"product","link":"https:\/\/secureus.se\/pl\/tablet-holder-wall\/","title":{"rendered":"\u015aCIANA UCHWYTU NA TABLET"},"content":{"rendered":"<p>Uchwyt \u015bcienny do tabletu o stylowym i funkcjonalnym wygl\u0105dzie, przeznaczony do tablet\u00f3w w rozmiarach 7\u2033-13\u2033 (160-275 mm). Do informacji i ujawnie\u0144 na targach, w pomieszczeniach sprzeda\u017cowych i wystawowych oraz w innych miejscach. Blisko \u015bciany i \u0142atwy monta\u017c. Uchwyt z gumowanymi powierzchniami, kt\u00f3re chroni\u0105 tablet przed zarysowaniami i uszkodzeniami, mo\u017cna obraca\u0107 o 360\u00b0 z czterema pozycjami zatrzymania co 90\u00b0, do u\u017cytku w formacie pionowym lub poziomym. Tablet mo\u017cna \u0142atwo wk\u0142ada\u0107 i wyjmowa\u0107 z uchwytu, kt\u00f3ry zamykany jest specjalnym kluczem zabezpieczaj\u0105cym przed kradzie\u017c\u0105. Kabel \u0142aduj\u0105cy pod\u0142\u0105cza si\u0119 przez otw\u00f3r w uchwycie. \u0141atwy w monta\u017cu, mocny i bezpieczny uchwyt \u015bcienny ze \u015brub\u0105 i wtyczk\u0105.<br \/>\nMaksymalna waga tabletu 1 kg.<br \/>\nMateria\u0142y: aluminium, tworzywo ABS<br \/>\nMierzy\u0107: 85 x 50 x 180 mm (szer. x wys. x g\u0142.)<\/p>","protected":false},"excerpt":{"rendered":"<p>Uchwyt na tablet. Uchwyt \u015bcienny do prezentacji i informacji na targach, w sklepach oraz w salonach sprzeda\u017cy i salonach.<\/p>","protected":false},"featured_media":136577,"template":"","meta":{"_acf_changed":false},"product_brand":[],"product_cat":[4236],"product_tag":[4382],"class_list":{"0":"post-117360","1":"product","2":"type-product","3":"status-publish","4":"has-post-thumbnail","6":"product_cat-surfplattehallare","7":"product_tag-silver","8":"product_shipping_class-tunga-paket","9":"pa_brands-durable","10":"pa_farg-silver","11":"tm-no-options","13":"first","14":"instock","15":"sale","16":"taxable","17":"shipping-taxable","18":"purchasable","19":"product-type-simple"},"acf":[],"_links":{"self":[{"href":"https:\/\/secureus.se\/pl\/wp-json\/wp\/v2\/product\/117360","targetHints":{"allow":["GET"]}}],"collection":[{"href":"https:\/\/secureus.se\/pl\/wp-json\/wp\/v2\/product"}],"about":[{"href":"https:\/\/secureus.se\/pl\/wp-json\/wp\/v2\/types\/product"}],"wp:featuredmedia":[{"embeddable":true,"href":"https:\/\/secureus.se\/pl\/wp-json\/wp\/v2\/media\/136577"}],"wp:attachment":[{"href":"https:\/\/secureus.se\/pl\/wp-json\/wp\/v2\/media?parent=117360"}],"wp:term":[{"taxonomy":"product_brand","embeddable":true,"href":"https:\/\/secureus.se\/pl\/wp-json\/wp\/v2\/product_brand?post=117360"},{"taxonomy":"product_cat","embeddable":true,"href":"https:\/\/secureus.se\/pl\/wp-json\/wp\/v2\/product_cat?post=117360"},{"taxonomy":"product_tag","embeddable":true,"href":"https:\/\/secureus.se\/pl\/wp-json\/wp\/v2\/product_tag?post=117360"}],"curies":[{"name":"wp","href":"https:\/\/api.w.org\/{rel}","templated":true}]}}