{"id":117521,"date":"2024-11-05T16:47:03","date_gmt":"2024-11-05T15:47:03","guid":{"rendered":"https:\/\/secureus.se\/?post_type=product&#038;p=117521"},"modified":"2026-01-12T12:55:47","modified_gmt":"2026-01-12T11:55:47","slug":"surfplattehallare-tough-wall-table","status":"publish","type":"product","link":"https:\/\/secureus.se\/pl\/surfplattehallare-tough-wall-table\/","title":{"rendered":"Uchwyt na tablet TOUGH WALL\/ST\u00d3\u0141"},"content":{"rendered":"<p>Uchwyt na desk\u0119 surfingow\u0105 z mo\u017cliwo\u015bci\u0105 monta\u017cu na blacie sto\u0142u (maks. 25 mm) lub \u015bcianie. Nadaje si\u0119 do tablet\u00f3w w rozmiarze 7\u2033-13\u2033 (160-275 mm) o grubo\u015bci maks. 8 mm. Do wymiany informacji i prezentacji w sklepach, na przyj\u0119ciach, w salonach sprzeda\u017cy i salonach. Wykonane z materia\u0142u trudnopalnego. Uchwyt z gumowanymi powierzchniami chroni\u0105cymi tablet przed zarysowaniami i uszkodzeniami mo\u017cna obraca\u0107 o 360\u00b0. Ergonomiczny dzi\u0119ki elastycznej g\u0119siej szyi, kt\u00f3ra umo\u017cliwia indywidualn\u0105 i bezstopniow\u0105 regulacj\u0119 wysoko\u015bci. Tablet mo\u017cna \u0142atwo wk\u0142ada\u0107 i wyjmowa\u0107 z uchwytu, kt\u00f3ry zamykany jest specjalnym kluczem zabezpieczaj\u0105cym przed kradzie\u017c\u0105. Dodatkowo ca\u0142y stojak sto\u0142owy mo\u017cna zablokowa\u0107 zewn\u0119trzn\u0105 blokad\u0105 kablow\u0105 \u201eMinisaver mobile lock\u201d firmy Kensington. Kabel \u0142aduj\u0105cy pod\u0142\u0105cza si\u0119 przez otw\u00f3r w uchwycie.<br \/>\nMaksymalna waga tabletu 1 kg<br \/>\nG\u0119sia szyja + uchwyt ma wysoko\u015b\u0107 280 mm<br \/>\nWymiary: 280 x 172 x 82 mm (szer. x wys. x g\u0142.)<\/p>","protected":false},"excerpt":{"rendered":"<p>Uchwyt na tablet 7-13\u2033 do monta\u017cu na stole lub \u015bcianie. Z gi\u0119tk\u0105 g\u0119si\u0105 szyj\u0105 i przegubem kulowym.<\/p>","protected":false},"featured_media":137248,"template":"","meta":{"_acf_changed":false},"product_brand":[],"product_cat":[4236],"product_tag":[4381],"class_list":{"0":"post-117521","1":"product","2":"type-product","3":"status-publish","4":"has-post-thumbnail","6":"product_cat-surfplattehallare","7":"product_tag-svart","8":"product_shipping_class-tunga-paket","9":"pa_brands-durable","10":"pa_farg-svart","11":"tm-no-options","13":"first","14":"instock","15":"sale","16":"taxable","17":"shipping-taxable","18":"purchasable","19":"product-type-simple"},"acf":[],"_links":{"self":[{"href":"https:\/\/secureus.se\/pl\/wp-json\/wp\/v2\/product\/117521","targetHints":{"allow":["GET"]}}],"collection":[{"href":"https:\/\/secureus.se\/pl\/wp-json\/wp\/v2\/product"}],"about":[{"href":"https:\/\/secureus.se\/pl\/wp-json\/wp\/v2\/types\/product"}],"wp:featuredmedia":[{"embeddable":true,"href":"https:\/\/secureus.se\/pl\/wp-json\/wp\/v2\/media\/137248"}],"wp:attachment":[{"href":"https:\/\/secureus.se\/pl\/wp-json\/wp\/v2\/media?parent=117521"}],"wp:term":[{"taxonomy":"product_brand","embeddable":true,"href":"https:\/\/secureus.se\/pl\/wp-json\/wp\/v2\/product_brand?post=117521"},{"taxonomy":"product_cat","embeddable":true,"href":"https:\/\/secureus.se\/pl\/wp-json\/wp\/v2\/product_cat?post=117521"},{"taxonomy":"product_tag","embeddable":true,"href":"https:\/\/secureus.se\/pl\/wp-json\/wp\/v2\/product_tag?post=117521"}],"curies":[{"name":"wp","href":"https:\/\/api.w.org\/{rel}","templated":true}]}}