{"id":117561,"date":"2024-11-05T16:46:54","date_gmt":"2024-11-05T15:46:54","guid":{"rendered":"https:\/\/secureus.se\/?post_type=product&#038;p=117561"},"modified":"2026-01-12T12:56:21","modified_gmt":"2026-01-12T11:56:21","slug":"surfplattehallare-tough-floor","status":"publish","type":"product","link":"https:\/\/secureus.se\/pl\/surfplattehallare-tough-floor\/","title":{"rendered":"Uchwyt na desk\u0119 surfingow\u0105 TOUGH FLOOR"},"content":{"rendered":"<p>Uchwyt na tablet TOUGH FLOOR to stojak pod\u0142ogowy z uchwytem na tablety w rozmiarach 7&quot;-13&quot; (160-275 mm) i grubo\u015bci max. Do wymiany informacji i prezentacji w sklepach, na przyj\u0119ciach, w salonach sprzeda\u017cy i salonach. Wykonane z materia\u0142u trudnopalnego. Uchwyt z gumowanymi powierzchniami chroni\u0105cymi tablet przed zarysowaniami i uszkodzeniami mo\u017cna obraca\u0107 o 360\u00b0. Ergonomiczny dzi\u0119ki elastycznemu wysi\u0119gnikowi umo\u017cliwiaj\u0105cemu indywidualn\u0105 i bezstopniow\u0105 regulacj\u0119 wysoko\u015bci. Tablet mo\u017cna \u0142atwo wk\u0142ada\u0107 i wyjmowa\u0107 z uchwytu, kt\u00f3ry zamykany jest specjalnym kluczem zabezpieczaj\u0105cym przed kradzie\u017c\u0105. Dodatkowo ca\u0142y stojak sto\u0142owy mo\u017cna zablokowa\u0107 zewn\u0119trzn\u0105 blokad\u0105 kablow\u0105 \u201eMinisaver mobile lock\u201d firmy Kensington. Kabel \u0142aduj\u0105cy pod\u0142\u0105cza si\u0119 przez otw\u00f3r w uchwycie.<br \/>\nMaksymalna waga tabletu 1 kg.<br \/>\nMaksymalna wysoko\u015b\u0107 stojaka 1180 mm<br \/>\nWymiary: 305 x 1180 x 305 mm (szer. x wys. x g\u0142.)<\/p>","protected":false},"excerpt":{"rendered":"<p>Stojak pod\u0142ogowy z uchwytem na tablet do tabletu 7-13\u2033. Z gi\u0119tk\u0105 g\u0119si\u0105 szyj\u0105 i przegubem kulowym.<\/p>","protected":false},"featured_media":136508,"template":"","meta":{"_acf_changed":false},"product_brand":[],"product_cat":[4236],"product_tag":[4381],"class_list":{"0":"post-117561","1":"product","2":"type-product","3":"status-publish","4":"has-post-thumbnail","6":"product_cat-surfplattehallare","7":"product_tag-svart","8":"product_shipping_class-tunga-paket","9":"pa_brands-durable","10":"pa_farg-svart","11":"tm-no-options","13":"first","14":"instock","15":"sale","16":"taxable","17":"shipping-taxable","18":"purchasable","19":"product-type-simple"},"acf":[],"_links":{"self":[{"href":"https:\/\/secureus.se\/pl\/wp-json\/wp\/v2\/product\/117561","targetHints":{"allow":["GET"]}}],"collection":[{"href":"https:\/\/secureus.se\/pl\/wp-json\/wp\/v2\/product"}],"about":[{"href":"https:\/\/secureus.se\/pl\/wp-json\/wp\/v2\/types\/product"}],"wp:featuredmedia":[{"embeddable":true,"href":"https:\/\/secureus.se\/pl\/wp-json\/wp\/v2\/media\/136508"}],"wp:attachment":[{"href":"https:\/\/secureus.se\/pl\/wp-json\/wp\/v2\/media?parent=117561"}],"wp:term":[{"taxonomy":"product_brand","embeddable":true,"href":"https:\/\/secureus.se\/pl\/wp-json\/wp\/v2\/product_brand?post=117561"},{"taxonomy":"product_cat","embeddable":true,"href":"https:\/\/secureus.se\/pl\/wp-json\/wp\/v2\/product_cat?post=117561"},{"taxonomy":"product_tag","embeddable":true,"href":"https:\/\/secureus.se\/pl\/wp-json\/wp\/v2\/product_tag?post=117561"}],"curies":[{"name":"wp","href":"https:\/\/api.w.org\/{rel}","templated":true}]}}