{"id":117573,"date":"2024-12-07T15:21:15","date_gmt":"2024-12-07T14:21:15","guid":{"rendered":"https:\/\/secureus.se\/?post_type=product&#038;p=117573"},"modified":"2026-01-12T12:30:02","modified_gmt":"2026-01-12T11:30:02","slug":"plastficka-vattentalig-a4-buntbandsfaste","status":"publish","type":"product","link":"https:\/\/secureus.se\/pl\/plastficka-vattentalig-a4-buntbandsfaste\/","title":{"rendered":"Plastikowy, wodoodporny klips do segregatora A4"},"content":{"rendered":"<p>Wodoodporne i wodoodporne, odporne na warunki atmosferyczne i zarysowania, promieniowanie UV i nieodblaskowe kieszenie z tworzywa sztucznego na dwustronne informacje w \u015brodowiskach nara\u017conych na deszcz, wilgo\u0107, zachlapania i brud, np. przy basenach, saunach, halach budowlanych i sklepach ogrodniczych . Mo\u017cna pra\u0107 i dezynfekowa\u0107. Znak\/informacj\u0119 mo\u017cna wykona\u0107 korzystaj\u0105c z szablon\u00f3w znajduj\u0105cych si\u0119 w darmowym programie duraprint. Plastikowe kieszenie mog\u0105 by\u0107 u\u017cywane w formacie pionowym lub poziomym. W komplecie znajduj\u0105 si\u0119 2 kartki A4 o gramaturze 160 g\/m2. W komplecie znajduj\u0105 si\u0119 dwie opaski zaciskowe, kt\u00f3re przewleczamy przez otwory w kieszeniach i mocujemy np. do kratki. 5 sztuk w woreczku. <\/p>","protected":false},"excerpt":{"rendered":"<p>Wodoodporna plastikowa kiesze\u0144 na informacje na zewn\u0105trz i w wilgotnych pomieszczeniach. Z opask\u0105 kablow\u0105 do mocowania np. na kratce.<\/p>","protected":false},"featured_media":135513,"template":"","meta":{"_acf_changed":false},"product_brand":[],"product_cat":[4306],"product_tag":[4376],"class_list":{"0":"post-117573","1":"product","2":"type-product","3":"status-publish","4":"has-post-thumbnail","6":"product_cat-markning-pallstall","7":"product_tag-transparent","8":"product_shipping_class-tunga-paket","9":"pa_brands-durable","10":"pa_farg-transparent","11":"tm-no-options","13":"first","14":"instock","15":"sale","16":"taxable","17":"shipping-taxable","18":"purchasable","19":"product-type-simple"},"acf":[],"_links":{"self":[{"href":"https:\/\/secureus.se\/pl\/wp-json\/wp\/v2\/product\/117573","targetHints":{"allow":["GET"]}}],"collection":[{"href":"https:\/\/secureus.se\/pl\/wp-json\/wp\/v2\/product"}],"about":[{"href":"https:\/\/secureus.se\/pl\/wp-json\/wp\/v2\/types\/product"}],"wp:featuredmedia":[{"embeddable":true,"href":"https:\/\/secureus.se\/pl\/wp-json\/wp\/v2\/media\/135513"}],"wp:attachment":[{"href":"https:\/\/secureus.se\/pl\/wp-json\/wp\/v2\/media?parent=117573"}],"wp:term":[{"taxonomy":"product_brand","embeddable":true,"href":"https:\/\/secureus.se\/pl\/wp-json\/wp\/v2\/product_brand?post=117573"},{"taxonomy":"product_cat","embeddable":true,"href":"https:\/\/secureus.se\/pl\/wp-json\/wp\/v2\/product_cat?post=117573"},{"taxonomy":"product_tag","embeddable":true,"href":"https:\/\/secureus.se\/pl\/wp-json\/wp\/v2\/product_tag?post=117573"}],"curies":[{"name":"wp","href":"https:\/\/api.w.org\/{rel}","templated":true}]}}