{"id":117615,"date":"2024-11-05T16:58:57","date_gmt":"2024-11-05T15:58:57","guid":{"rendered":"https:\/\/secureus.se\/?post_type=product&#038;p=117615"},"modified":"2026-01-12T12:35:30","modified_gmt":"2026-01-12T11:35:30","slug":"sekretessfilter-magnetic-macbook-pro-16-2021","status":"publish","type":"product","link":"https:\/\/secureus.se\/pl\/sekretessfilter-magnetic-macbook-pro-16-2021\/","title":{"rendered":"Filtr prywatno\u015bci MAGNETIC MacBook\u00ae Pro 16\u2033 (2021)"},"content":{"rendered":"<p>Poniewa\u017c cz\u0119sto pracuje si\u0119 w wi\u0119kszej liczbie miejsc ni\u017c biuro \u2013 w poci\u0105gach, samolotach lub w miejscach publicznych, w kt\u00f3rych jest du\u017co ludzi, takich jak kawiarnie, wzrasta r\u00f3wnie\u017c ryzyko, \u017ce nieupowa\u017cnione osoby dostrzeg\u0105 lub zobacz\u0105 informacje, kt\u00f3rymi nie chcemy lub nie powinni\u015bmy si\u0119 dzieli\u0107. Chro\u0144 ekran swojego komputera za pomoc\u0105 filtr\u00f3w prywatno\u015bci przed hakerami wizualnymi i ciekawskimi oczami. Magnesy na g\u00f3rnej kraw\u0119dzi filtra u\u0142atwiaj\u0105 zak\u0142adanie i zdejmowanie filtra prywatno\u015bci z magnetycznej kraw\u0119dzi ekranu MacBooka. Gdy filtr nie jest u\u017cywany, mo\u017cna go przechowywa\u0107 w do\u0142\u0105czonym folderze do przechowywania. Filtr prywatno\u015bci sprawia, \u017ce ekran jest przyciemniony z obu stron pod k\u0105tem 30\u00b0, ale zapewnia u\u017cytkownikowi wyra\u017any obraz z przodu. Patrz\u0105c z boku, filtr przyciemniaj\u0105cy zapobiega \u201epodgl\u0105daniu\u201d pod k\u0105tem 60\u00b0. Matowe wyko\u0144czenie filtra zmniejsza zm\u0119czenie oczu i redukuje szkodliwe niebieskie \u015bwiat\u0142o. Ekran komputera jest chroniony przed zarysowaniami i kurzem za pomoc\u0105 filtra prywatno\u015bci i mo\u017ce by\u0107 u\u017cywany r\u00f3wnie\u017c na ekranach dotykowych. W zestawie \u015bciereczka z mikrofibry do czyszczenia ekranu komputera i filtra prywatno\u015bci.<br \/>\nTen filtr prywatno\u015bci jest przeznaczony do wy\u015bwietlaczy MacBook* Pro\u00ae 16\u2033 (2021). Wymiary filtra przyciemniaj\u0105cego wynosz\u0105 353 x 229,3 mm (szer. x wys.).<br \/>\n* zastrze\u017cony znak towarowy firmy Apple Inc., One Apple Park Way, Cupertino CA 95014, USA<\/p>","protected":false},"excerpt":{"rendered":"<p>Filtr prywatno\u015bci z mocowaniem magnetycznym, kt\u00f3ry chroni prywatno\u015b\u0107 ekranu komputera przed niepowo\u0142anymi oczami. Dostarczany w praktycznej kieszeni do przechowywania. Dla MacBooka Pro\u00ae 16\u201d (2021)<\/p>","protected":false},"featured_media":136054,"template":"","meta":{"_acf_changed":false},"product_brand":[],"product_cat":[4242],"product_tag":[4394],"class_list":{"0":"post-117615","1":"product","2":"type-product","3":"status-publish","4":"has-post-thumbnail","6":"product_cat-sekretessfilter","7":"product_tag-antracitgra","8":"product_shipping_class-tunga-paket","9":"pa_brands-durable","10":"pa_farg-antracitgra","11":"tm-no-options","13":"first","14":"instock","15":"sale","16":"taxable","17":"shipping-taxable","18":"purchasable","19":"product-type-simple"},"acf":[],"_links":{"self":[{"href":"https:\/\/secureus.se\/pl\/wp-json\/wp\/v2\/product\/117615","targetHints":{"allow":["GET"]}}],"collection":[{"href":"https:\/\/secureus.se\/pl\/wp-json\/wp\/v2\/product"}],"about":[{"href":"https:\/\/secureus.se\/pl\/wp-json\/wp\/v2\/types\/product"}],"wp:featuredmedia":[{"embeddable":true,"href":"https:\/\/secureus.se\/pl\/wp-json\/wp\/v2\/media\/136054"}],"wp:attachment":[{"href":"https:\/\/secureus.se\/pl\/wp-json\/wp\/v2\/media?parent=117615"}],"wp:term":[{"taxonomy":"product_brand","embeddable":true,"href":"https:\/\/secureus.se\/pl\/wp-json\/wp\/v2\/product_brand?post=117615"},{"taxonomy":"product_cat","embeddable":true,"href":"https:\/\/secureus.se\/pl\/wp-json\/wp\/v2\/product_cat?post=117615"},{"taxonomy":"product_tag","embeddable":true,"href":"https:\/\/secureus.se\/pl\/wp-json\/wp\/v2\/product_tag?post=117615"}],"curies":[{"name":"wp","href":"https:\/\/api.w.org\/{rel}","templated":true}]}}