{"id":117639,"date":"2024-11-05T16:58:40","date_gmt":"2024-11-05T15:58:40","guid":{"rendered":"https:\/\/secureus.se\/?post_type=product&#038;p=117639"},"modified":"2026-01-12T12:34:12","modified_gmt":"2026-01-12T11:34:12","slug":"skarmstativ-select-2-skarmar-bordsfaste","status":"publish","type":"product","link":"https:\/\/secureus.se\/pl\/skarmstativ-select-2-skarmar-bordsfaste\/","title":{"rendered":"Stojak do ekran\u00f3w SELECT 2, mocowanie do sto\u0142u"},"content":{"rendered":"<p>Stojak na 2 ekrany, monta\u017c na stole za pomoc\u0105 wspornika z otworem kablowym lub wspornika sto\u0142owego.<br \/>\nWysoko\u015b\u0107, nachylenie i po\u0142o\u017cenie ekran\u00f3w mo\u017cna \u0142atwo i indywidualnie regulowa\u0107, aby zapewni\u0107 ergonomiczn\u0105 prac\u0119.<br \/>\nMo\u017cna go obraca\u0107 o 360\u00b0 do u\u017cytku w pozycji pionowej lub poziomej.<br \/>\nRamiona z 3 przegubami mo\u017cna rozci\u0105gn\u0105\u0107 do 36 cm.<br \/>\nP\u0142ynna regulacja wysoko\u015bci ekran\u00f3w na stojaku o wysoko\u015bci 44 cm<br \/>\nUniwersalny uchwyt VESA (75 x 75 mm lub 100 x 100 mm)<br \/>\nDo standardowych ekran\u00f3w do 27&quot; i maks. 8 kg na ekran<br \/>\nZarz\u0105dzanie kablami: Kabel ekranowy prowadzony jest wzd\u0142u\u017c stojaka za pomoc\u0105 5 zacisk\u00f3w, co zabezpiecza przed zerwaniem kabla.<\/p>","protected":false},"excerpt":{"rendered":"<p>Stojak na ekran SELECT z ramieniem na 2 ekrany, wspornik sto\u0142owy<\/p>","protected":false},"featured_media":136075,"template":"","meta":{"_acf_changed":false},"product_brand":[],"product_cat":[4243],"product_tag":[4382],"class_list":{"0":"post-117639","1":"product","2":"type-product","3":"status-publish","4":"has-post-thumbnail","6":"product_cat-skarmhallare","7":"product_tag-silver","8":"product_shipping_class-tunga-paket","9":"pa_brands-durable","10":"pa_farg-silver","11":"tm-no-options","13":"first","14":"instock","15":"sale","16":"taxable","17":"shipping-taxable","18":"purchasable","19":"product-type-simple"},"acf":[],"_links":{"self":[{"href":"https:\/\/secureus.se\/pl\/wp-json\/wp\/v2\/product\/117639","targetHints":{"allow":["GET"]}}],"collection":[{"href":"https:\/\/secureus.se\/pl\/wp-json\/wp\/v2\/product"}],"about":[{"href":"https:\/\/secureus.se\/pl\/wp-json\/wp\/v2\/types\/product"}],"wp:featuredmedia":[{"embeddable":true,"href":"https:\/\/secureus.se\/pl\/wp-json\/wp\/v2\/media\/136075"}],"wp:attachment":[{"href":"https:\/\/secureus.se\/pl\/wp-json\/wp\/v2\/media?parent=117639"}],"wp:term":[{"taxonomy":"product_brand","embeddable":true,"href":"https:\/\/secureus.se\/pl\/wp-json\/wp\/v2\/product_brand?post=117639"},{"taxonomy":"product_cat","embeddable":true,"href":"https:\/\/secureus.se\/pl\/wp-json\/wp\/v2\/product_cat?post=117639"},{"taxonomy":"product_tag","embeddable":true,"href":"https:\/\/secureus.se\/pl\/wp-json\/wp\/v2\/product_tag?post=117639"}],"curies":[{"name":"wp","href":"https:\/\/api.w.org\/{rel}","templated":true}]}}