{"id":117671,"date":"2024-11-05T16:58:33","date_gmt":"2024-11-05T15:58:33","guid":{"rendered":"https:\/\/secureus.se\/?post_type=product&#038;p=117671"},"modified":"2026-01-12T12:34:52","modified_gmt":"2026-01-12T11:34:52","slug":"skarmstativ-select-plus-1-skarm-bordsfaste","status":"publish","type":"product","link":"https:\/\/secureus.se\/pl\/skarmstativ-select-plus-1-skarm-bordsfaste\/","title":{"rendered":"Stojak na ekran SELECT PLUS 1, wspornik sto\u0142owy"},"content":{"rendered":"<p>Stojak na ekran z ruchomym ramieniem na 1 ekran, monta\u017c na stole za pomoc\u0105 wspornika z otworem kablowym lub wspornika sto\u0142owego.<br \/>\nWysoko\u015b\u0107, nachylenie i po\u0142o\u017cenie ekranu mo\u017cna \u0142atwo i indywidualnie regulowa\u0107, aby zapewni\u0107 ergonomiczn\u0105 prac\u0119.<br \/>\nMo\u017cna go obr\u00f3ci\u0107 o 90\u00b0 do u\u017cytku w pozycji pionowej lub poziomej<br \/>\nMo\u017cliwo\u015b\u0107 ustawienia ramienia w \u017c\u0105danej pozycji dzi\u0119ki indywidualnej regulacji spr\u0119\u017cyny.<br \/>\nUniwersalny uchwyt VESA (75 x 75 mm lub 100 x 100 mm)<br \/>\nDo standardowych ekran\u00f3w do 32&quot; i maks. 8 kg<br \/>\nZarz\u0105dzanie kablami: Kabel wy\u015bwietlacza jest prowadzony wzd\u0142u\u017c stojaka za pomoc\u0105 wewn\u0119trznych kana\u0142\u00f3w kablowych i zacisku, kt\u00f3ry chroni przed zerwaniem kabla.<\/p>","protected":false},"excerpt":{"rendered":"<p>Stojak na ekran SELECT PLUS z ruchomym ramieniem na 1 ekran, wspornik sto\u0142owy<\/p>","protected":false},"featured_media":135815,"template":"","meta":{"_acf_changed":false},"product_brand":[],"product_cat":[4243],"product_tag":[4382],"class_list":{"0":"post-117671","1":"product","2":"type-product","3":"status-publish","4":"has-post-thumbnail","6":"product_cat-skarmhallare","7":"product_tag-silver","8":"product_shipping_class-tunga-paket","9":"pa_brands-durable","10":"pa_farg-silver","11":"tm-no-options","13":"first","14":"instock","15":"sale","16":"taxable","17":"shipping-taxable","18":"purchasable","19":"product-type-simple"},"acf":[],"_links":{"self":[{"href":"https:\/\/secureus.se\/pl\/wp-json\/wp\/v2\/product\/117671","targetHints":{"allow":["GET"]}}],"collection":[{"href":"https:\/\/secureus.se\/pl\/wp-json\/wp\/v2\/product"}],"about":[{"href":"https:\/\/secureus.se\/pl\/wp-json\/wp\/v2\/types\/product"}],"wp:featuredmedia":[{"embeddable":true,"href":"https:\/\/secureus.se\/pl\/wp-json\/wp\/v2\/media\/135815"}],"wp:attachment":[{"href":"https:\/\/secureus.se\/pl\/wp-json\/wp\/v2\/media?parent=117671"}],"wp:term":[{"taxonomy":"product_brand","embeddable":true,"href":"https:\/\/secureus.se\/pl\/wp-json\/wp\/v2\/product_brand?post=117671"},{"taxonomy":"product_cat","embeddable":true,"href":"https:\/\/secureus.se\/pl\/wp-json\/wp\/v2\/product_cat?post=117671"},{"taxonomy":"product_tag","embeddable":true,"href":"https:\/\/secureus.se\/pl\/wp-json\/wp\/v2\/product_tag?post=117671"}],"curies":[{"name":"wp","href":"https:\/\/api.w.org\/{rel}","templated":true}]}}