{"id":117866,"date":"2024-11-05T17:04:39","date_gmt":"2024-11-05T16:04:39","guid":{"rendered":"https:\/\/secureus.se\/?post_type=product&#038;p=117866"},"modified":"2026-01-12T12:36:18","modified_gmt":"2026-01-12T11:36:18","slug":"vario-pro-10","status":"publish","type":"product","link":"https:\/\/secureus.se\/pl\/vario-pro-10\/","title":{"rendered":"VARIO\u00aePRO 10"},"content":{"rendered":"<p>Stoiska informacyjno-prezentacyjne o r\u00f3\u017cnych nazwach; panel, wy\u015bwietlacz, system przegl\u0105du, rejestr skrzyde\u0142, uchwyt na dokumenty, pies lat.... Niezale\u017cnie od nazwy, ma wiele zastosowa\u0144 w biurach, sklepach, kuchniach, kasach, na wystawach itp. Cz\u0119sto u\u017cywane informacje s\u0105 zapisywane, szybko odnajdywane i \u0142atwo przegl\u0105dane w systemie przegl\u0105du. VARIO\u00aePRO jest bardzo elastyczny, poniewa\u017c mo\u017cna go obraca\u0107 i mo\u017cna go u\u017cywa\u0107 do dokument\u00f3w w formacie A4 w orientacji pionowej lub poziomej. Mo\u017cna tak\u017ce wybra\u0107, czy ma by\u0107 zamontowany na \u015bcianie, czy te\u017c postawiony na stole. Kompletny wieszak \u015bcienny z 10 nieodblaskowymi, mo\u017cliwymi do zeskanowania kieszeniami z tworzywa sztucznego z polipropylenu (czarna, czerwona, \u017c\u00f3\u0142ta, zielona i granatowa) oraz zdejmowanym uchwytem na g\u0142\u00f3wk\u0119 58 mm. Podczas wk\u0142adania i wyjmowania kieszeni dobrze jest delikatnie zagi\u0105\u0107 kiesze\u0144 na \u015brodku wzd\u0142u\u017c d\u0142u\u017cszego boku, tak aby \u0142atwo by\u0142o wk\u0142ada\u0107 i wyjmowa\u0107 kiesze\u0144 nie uszkadzaj\u0105c kolc\u00f3w w uchwycie. 5 lat gwarancji. Warunki gwarancji mo\u017cna znale\u017a\u0107 tutaj: https:\/\/www.durable.se\/sv_SE\/service\/garanti\/garanti-foer-sherpa-vario\/<\/p>","protected":false},"excerpt":{"rendered":"<p>Kompletny metalowy st\u00f3\u0142\/wieszak \u015bcienny z 10 odchylanymi panelami A4, dzi\u0119ki kt\u00f3rym cz\u0119sto u\u017cywane informacje b\u0119d\u0105 szybko i wyra\u017anie pod r\u0119k\u0105. <\/p>","protected":false},"featured_media":136857,"template":"","meta":{"_acf_changed":false},"product_brand":[],"product_cat":[4298],"product_tag":[4397],"class_list":{"0":"post-117866","1":"product","2":"type-product","3":"status-publish","4":"has-post-thumbnail","6":"product_cat-bladderstall-bord","7":"product_tag-mix","8":"product_shipping_class-tunga-paket","9":"pa_brands-durable","10":"pa_farg-mix","11":"tm-no-options","13":"first","14":"instock","15":"sale","16":"taxable","17":"shipping-taxable","18":"purchasable","19":"product-type-simple"},"acf":[],"_links":{"self":[{"href":"https:\/\/secureus.se\/pl\/wp-json\/wp\/v2\/product\/117866","targetHints":{"allow":["GET"]}}],"collection":[{"href":"https:\/\/secureus.se\/pl\/wp-json\/wp\/v2\/product"}],"about":[{"href":"https:\/\/secureus.se\/pl\/wp-json\/wp\/v2\/types\/product"}],"wp:featuredmedia":[{"embeddable":true,"href":"https:\/\/secureus.se\/pl\/wp-json\/wp\/v2\/media\/136857"}],"wp:attachment":[{"href":"https:\/\/secureus.se\/pl\/wp-json\/wp\/v2\/media?parent=117866"}],"wp:term":[{"taxonomy":"product_brand","embeddable":true,"href":"https:\/\/secureus.se\/pl\/wp-json\/wp\/v2\/product_brand?post=117866"},{"taxonomy":"product_cat","embeddable":true,"href":"https:\/\/secureus.se\/pl\/wp-json\/wp\/v2\/product_cat?post=117866"},{"taxonomy":"product_tag","embeddable":true,"href":"https:\/\/secureus.se\/pl\/wp-json\/wp\/v2\/product_tag?post=117866"}],"curies":[{"name":"wp","href":"https:\/\/api.w.org\/{rel}","templated":true}]}}