{"id":117982,"date":"2024-11-05T17:02:33","date_gmt":"2024-11-05T16:02:33","guid":{"rendered":"https:\/\/secureus.se\/?post_type=product&#038;p=117982"},"modified":"2026-01-12T12:04:34","modified_gmt":"2026-01-12T11:04:34","slug":"varseldekal-anvand-varselklader","status":"publish","type":"product","link":"https:\/\/secureus.se\/pl\/varseldekal-anvand-varselklader\/","title":{"rendered":"Naklejka ostrzegawcza \u201eNosi\u0107 odzie\u017c ostrzegawcz\u0105\u201d"},"content":{"rendered":"<p>Samoprzylepna du\u017ca naklejka pod\u0142ogowa \u201eU\u017cywaj odzie\u017cy ostrzegawczej\u201d wyra\u017anie informuje go\u015bci i personel o konieczno\u015bci noszenia kamizelki odblaskowej lub podobnej, aby by\u0107 dobrze widocznym i zmniejszy\u0107 ryzyko wypadk\u00f3w. Mocuje si\u0119 do czystych i suchych pod\u0142\u00f3g betonowych. Trwa\u0142e i trwa\u0142e o klasie antypo\u015blizgowo\u015bci R9 zgodnie z norm\u0105 DIN 51130. Znaki spe\u0142niaj\u0105 wymagania normy ISO 7010.<br \/>\nWymiary: \u00d8 430 mm, grubo\u015b\u0107 0,4 mm<\/p>","protected":false},"excerpt":{"rendered":"<p>Samoprzylepny znak nakazu do zastosowania na pod\u0142odze. Wyra\u017anie informuje o konieczno\u015bci stosowania kamizelki odblaskowej i przyczynia si\u0119 do zwi\u0119kszenia bezpiecze\u0144stwa i \u015bwiadomo\u015bci zagro\u017ce\u0144.<\/p>","protected":false},"featured_media":136280,"template":"","meta":{"_acf_changed":false},"product_brand":[],"product_cat":[4307],"product_tag":[4387],"class_list":{"0":"post-117982","1":"product","2":"type-product","3":"status-publish","4":"has-post-thumbnail","6":"product_cat-sakerhetsmarkning","7":"product_tag-bla","8":"product_shipping_class-tunga-paket","9":"pa_brands-durable","10":"pa_farg-bla","11":"tm-no-options","13":"first","14":"instock","15":"sale","16":"taxable","17":"shipping-taxable","18":"purchasable","19":"product-type-simple"},"acf":[],"_links":{"self":[{"href":"https:\/\/secureus.se\/pl\/wp-json\/wp\/v2\/product\/117982","targetHints":{"allow":["GET"]}}],"collection":[{"href":"https:\/\/secureus.se\/pl\/wp-json\/wp\/v2\/product"}],"about":[{"href":"https:\/\/secureus.se\/pl\/wp-json\/wp\/v2\/types\/product"}],"wp:featuredmedia":[{"embeddable":true,"href":"https:\/\/secureus.se\/pl\/wp-json\/wp\/v2\/media\/136280"}],"wp:attachment":[{"href":"https:\/\/secureus.se\/pl\/wp-json\/wp\/v2\/media?parent=117982"}],"wp:term":[{"taxonomy":"product_brand","embeddable":true,"href":"https:\/\/secureus.se\/pl\/wp-json\/wp\/v2\/product_brand?post=117982"},{"taxonomy":"product_cat","embeddable":true,"href":"https:\/\/secureus.se\/pl\/wp-json\/wp\/v2\/product_cat?post=117982"},{"taxonomy":"product_tag","embeddable":true,"href":"https:\/\/secureus.se\/pl\/wp-json\/wp\/v2\/product_tag?post=117982"}],"curies":[{"name":"wp","href":"https:\/\/api.w.org\/{rel}","templated":true}]}}