{"id":118022,"date":"2024-11-20T14:17:33","date_gmt":"2024-11-20T13:17:33","guid":{"rendered":"https:\/\/secureus.se\/?post_type=product&#038;p=118022"},"modified":"2026-01-12T12:45:04","modified_gmt":"2026-01-12T11:45:04","slug":"scanfix-20-50-pack","status":"publish","type":"product","link":"https:\/\/secureus.se\/pl\/scanfix-20-50-pack\/","title":{"rendered":"SCANFIX\u00ae 20 50 szt"},"content":{"rendered":"<p>Samoprzylepny uchwyt na etykiety SCANFIX\u00ae do etykietowania i skanowania np. cen i kod\u00f3w kreskowych na kraw\u0119dziach p\u00f3\u0142ek, rega\u0142ach paletowych i pude\u0142kach magazynowych. W zestawie znajduj\u0105 si\u0119 bia\u0142e etykiety, a uchwyt mo\u017cna przyci\u0105\u0107 na \u017c\u0105dan\u0105 d\u0142ugo\u015b\u0107. Otwarte u g\u00f3ry i z boku, dzi\u0119ki czemu nadaj\u0105 si\u0119 do etykiet, kt\u00f3re wymagaj\u0105 cz\u0119stej zmiany. Bezp\u0142atne szablony do projektowania i drukowania stylowych etykiet s\u0105 dost\u0119pne na stronie www.duraprint.se. Wymiary: 200 x 20 mm (szer. x wys.)<br \/>\nAkcesoria:<br \/>\nDodatkowe etykiety na kartkach A5 do druku w drukarce, nr art. 800002<\/p>","protected":false},"excerpt":{"rendered":"<p>Samoprzylepny uchwyt na etykiety z mo\u017cliwo\u015bci\u0105 skanowania, do etykietowania np. kraw\u0119dzi p\u00f3\u0142ek. Otwarte u g\u00f3ry i z boku. Wysoko\u015b\u0107 pisania 2 cm, d\u0142ugo\u015b\u0107 20 cm.<\/p>","protected":false},"featured_media":133558,"template":"","meta":{"_acf_changed":false},"product_brand":[],"product_cat":[4312],"product_tag":[4376],"class_list":{"0":"post-118022","1":"product","2":"type-product","3":"status-publish","4":"has-post-thumbnail","6":"product_cat-etikettremsor-skanningsbara","7":"product_tag-transparent","8":"product_shipping_class-tunga-paket","9":"pa_brands-durable","10":"pa_farg-transparent","11":"tm-no-options","13":"first","14":"instock","15":"sale","16":"taxable","17":"shipping-taxable","18":"purchasable","19":"product-type-simple"},"acf":[],"_links":{"self":[{"href":"https:\/\/secureus.se\/pl\/wp-json\/wp\/v2\/product\/118022","targetHints":{"allow":["GET"]}}],"collection":[{"href":"https:\/\/secureus.se\/pl\/wp-json\/wp\/v2\/product"}],"about":[{"href":"https:\/\/secureus.se\/pl\/wp-json\/wp\/v2\/types\/product"}],"wp:featuredmedia":[{"embeddable":true,"href":"https:\/\/secureus.se\/pl\/wp-json\/wp\/v2\/media\/133558"}],"wp:attachment":[{"href":"https:\/\/secureus.se\/pl\/wp-json\/wp\/v2\/media?parent=118022"}],"wp:term":[{"taxonomy":"product_brand","embeddable":true,"href":"https:\/\/secureus.se\/pl\/wp-json\/wp\/v2\/product_brand?post=118022"},{"taxonomy":"product_cat","embeddable":true,"href":"https:\/\/secureus.se\/pl\/wp-json\/wp\/v2\/product_cat?post=118022"},{"taxonomy":"product_tag","embeddable":true,"href":"https:\/\/secureus.se\/pl\/wp-json\/wp\/v2\/product_tag?post=118022"}],"curies":[{"name":"wp","href":"https:\/\/api.w.org\/{rel}","templated":true}]}}