{"id":118037,"date":"2024-11-20T14:17:50","date_gmt":"2024-11-20T13:17:50","guid":{"rendered":"https:\/\/secureus.se\/?post_type=product&#038;p=118037"},"modified":"2024-11-21T14:24:48","modified_gmt":"2024-11-21T13:24:48","slug":"sekretessfilter-magnetic-13-3-169-2","status":"publish","type":"product","link":"https:\/\/secureus.se\/pl\/sekretessfilter-magnetic-13-3-169-2\/","title":{"rendered":"Filtr prywatyzuj\u0105cy MAGNETIC 13,3\u201c 16:9"},"content":{"rendered":"<p>Poniewa\u017c cz\u0119sto pracuje si\u0119 w wi\u0119kszej liczbie miejsc ni\u017c biuro \u2013 w poci\u0105gach, samolotach lub w miejscach publicznych, w kt\u00f3rych jest du\u017co ludzi, takich jak kawiarnie, wzrasta r\u00f3wnie\u017c ryzyko, \u017ce nieupowa\u017cnione osoby dostrzeg\u0105 lub zobacz\u0105 informacje, kt\u00f3rymi nie chcemy lub nie powinni\u015bmy si\u0119 dzieli\u0107. Chro\u0144 ekran swojego komputera za pomoc\u0105 filtr\u00f3w prywatno\u015bci przed hakerami wizualnymi i ciekawskimi oczami. Usu\u0144 plastikow\u0105 foli\u0119 ochronn\u0105 z magnes\u00f3w w prawej i lewej g\u00f3rnej kraw\u0119dzi filtra i przymocuj filtr do komputera. Nast\u0119pnie wystarczy wyj\u0105\u0107 filtr, kt\u00f3ry mocuje si\u0119 magnetycznie do dw\u00f3ch magnes\u00f3w przymocowanych do komputera. Gdy filtr nie jest u\u017cywany, mo\u017cna go przechowywa\u0107 w do\u0142\u0105czonym folderze do przechowywania. Filtr prywatno\u015bci sprawia, \u017ce ekran jest przyciemniony z obu stron pod k\u0105tem 30\u00b0, ale zapewnia u\u017cytkownikowi wyra\u017any obraz z przodu. Patrz\u0105c z boku, filtr przyciemniaj\u0105cy zapobiega \u201epodgl\u0105daniu\u201d pod k\u0105tem 60\u00b0. Matowe wyko\u0144czenie filtra zmniejsza zm\u0119czenie oczu i redukuje szkodliwe niebieskie \u015bwiat\u0142o. Ekran komputera jest chroniony przed zarysowaniami i kurzem za pomoc\u0105 filtra prywatno\u015bci i mo\u017ce by\u0107 u\u017cywany r\u00f3wnie\u017c na ekranach dotykowych. W zestawie \u015bciereczka z mikrofibry do czyszczenia ekranu komputera i filtra prywatno\u015bci.<br \/>\nTen filtr prywatno\u015bci jest przeznaczony do ekran\u00f3w 13,3&quot; 16:9 o wymiarach 294 x 166,5 mm \/ 11,6&quot; x 6,5&quot; (szer. x wys.). Wymiary filtra prywatno\u015bci wynosz\u0105 294 x 174,5 mm.<\/p>","protected":false},"excerpt":{"rendered":"<p>Filtr prywatno\u015bci z mocowaniem magnetycznym, kt\u00f3ry chroni prywatno\u015b\u0107 ekranu komputera przed niepowo\u0142anymi oczami. Dostarczany w praktycznej kieszeni do przechowywania. Do ekran\u00f3w 13,3\u201d 16:9.<\/p>","protected":false},"featured_media":116045,"template":"","meta":{"_acf_changed":false},"product_brand":[],"product_cat":[4241,4242],"product_tag":[],"class_list":{"0":"post-118037","1":"product","2":"type-product","3":"status-publish","4":"has-post-thumbnail","6":"product_cat-datortillbehor","7":"product_cat-sekretessfilter","8":"pa_brands-durable","9":"pa_farg-antracitgra","10":"tm-no-options","12":"first","13":"instock","14":"sale","15":"taxable","16":"shipping-taxable","17":"purchasable","18":"product-type-simple"},"acf":[],"_links":{"self":[{"href":"https:\/\/secureus.se\/pl\/wp-json\/wp\/v2\/product\/118037","targetHints":{"allow":["GET"]}}],"collection":[{"href":"https:\/\/secureus.se\/pl\/wp-json\/wp\/v2\/product"}],"about":[{"href":"https:\/\/secureus.se\/pl\/wp-json\/wp\/v2\/types\/product"}],"wp:featuredmedia":[{"embeddable":true,"href":"https:\/\/secureus.se\/pl\/wp-json\/wp\/v2\/media\/116045"}],"wp:attachment":[{"href":"https:\/\/secureus.se\/pl\/wp-json\/wp\/v2\/media?parent=118037"}],"wp:term":[{"taxonomy":"product_brand","embeddable":true,"href":"https:\/\/secureus.se\/pl\/wp-json\/wp\/v2\/product_brand?post=118037"},{"taxonomy":"product_cat","embeddable":true,"href":"https:\/\/secureus.se\/pl\/wp-json\/wp\/v2\/product_cat?post=118037"},{"taxonomy":"product_tag","embeddable":true,"href":"https:\/\/secureus.se\/pl\/wp-json\/wp\/v2\/product_tag?post=118037"}],"curies":[{"name":"wp","href":"https:\/\/api.w.org\/{rel}","templated":true}]}}