{"id":118047,"date":"2024-11-05T16:55:04","date_gmt":"2024-11-05T15:55:04","guid":{"rendered":"https:\/\/secureus.se\/?post_type=product&#038;p=118047"},"modified":"2026-01-12T12:01:01","modified_gmt":"2026-01-12T11:01:01","slug":"pallficka-hard-cover-a5l","status":"publish","type":"product","link":"https:\/\/secureus.se\/pl\/pallficka-hard-cover-a5l\/","title":{"rendered":"Kiesze\u0144 na palet\u0119 TWARDA OK\u0141ADKA A5L"},"content":{"rendered":"<p>Jasne i kompleksowe oznakowanie nadstawek paletowych, palet i karton\u00f3w usprawnia i usprawnia proces pracy w magazynach i zak\u0142adach produkcyjnych. Przezroczyste kieszenie wykonane ze sztywnego tworzywa PET mo\u017cna odczyta\u0107 za pomoc\u0105 skanera. Kiesze\u0144 paletow\u0105 mo\u017cna zawiesi\u0107 np. nad kraw\u0119dziami nadstawek paletowych o maksymalnej szeroko\u015bci 22 mm. Ka\u017cdy uchwyt na etykiet\u0119 pokryty jest przezroczyst\u0105 foli\u0105 z tworzywa sztucznego, kt\u00f3ra chroni przed zarysowaniami podczas transportu i przechowywania. Foli\u0119 ochronn\u0105 mo\u017cna \u0142atwo usun\u0105\u0107 przed u\u017cyciem produktu. Bezp\u0142atny szablon etykiety jest dost\u0119pny na stronie www.duraprint.se.<br \/>\nWymiary wewn\u0119trzne: A5L (210 x 148,5 mm szer. x wys.)<br \/>\nWymiary zewn\u0119trzne: 213 x 151 mm szer. x wys<br \/>\nAkcesoria: Etykiety na kartkach A4, art. Nr 485502<\/p>","protected":false},"excerpt":{"rendered":"<p>Kiesze\u0144 na palet\u0119 z przezroczystego, sztywnego tworzywa PET do zawieszenia na kraw\u0119dziach nadstawek paletowych i karton\u00f3w. <\/p>","protected":false},"featured_media":135673,"template":"","meta":{"_acf_changed":false},"product_brand":[],"product_cat":[4306],"product_tag":[4376],"class_list":{"0":"post-118047","1":"product","2":"type-product","3":"status-publish","4":"has-post-thumbnail","6":"product_cat-markning-pallstall","7":"product_tag-transparent","8":"product_shipping_class-tunga-paket","9":"pa_brands-durable","10":"pa_farg-transparent","11":"tm-no-options","13":"first","14":"instock","15":"sale","16":"taxable","17":"shipping-taxable","18":"purchasable","19":"product-type-simple"},"acf":[],"_links":{"self":[{"href":"https:\/\/secureus.se\/pl\/wp-json\/wp\/v2\/product\/118047","targetHints":{"allow":["GET"]}}],"collection":[{"href":"https:\/\/secureus.se\/pl\/wp-json\/wp\/v2\/product"}],"about":[{"href":"https:\/\/secureus.se\/pl\/wp-json\/wp\/v2\/types\/product"}],"wp:featuredmedia":[{"embeddable":true,"href":"https:\/\/secureus.se\/pl\/wp-json\/wp\/v2\/media\/135673"}],"wp:attachment":[{"href":"https:\/\/secureus.se\/pl\/wp-json\/wp\/v2\/media?parent=118047"}],"wp:term":[{"taxonomy":"product_brand","embeddable":true,"href":"https:\/\/secureus.se\/pl\/wp-json\/wp\/v2\/product_brand?post=118047"},{"taxonomy":"product_cat","embeddable":true,"href":"https:\/\/secureus.se\/pl\/wp-json\/wp\/v2\/product_cat?post=118047"},{"taxonomy":"product_tag","embeddable":true,"href":"https:\/\/secureus.se\/pl\/wp-json\/wp\/v2\/product_tag?post=118047"}],"curies":[{"name":"wp","href":"https:\/\/api.w.org\/{rel}","templated":true}]}}