{"id":118067,"date":"2024-11-05T16:54:40","date_gmt":"2024-11-05T15:54:40","guid":{"rendered":"https:\/\/secureus.se\/?post_type=product&#038;p=118067"},"modified":"2026-01-12T12:01:54","modified_gmt":"2026-01-12T11:01:54","slug":"etiketthallare-sjalvhaftande-hard-cover-100x38-mm","status":"publish","type":"product","link":"https:\/\/secureus.se\/pl\/etiketthallare-sjalvhaftande-hard-cover-100x38-mm\/","title":{"rendered":"Uchwyt na etykiety samoprzylepny TWARDA OK\u0141ADKA 100\u00d738 mm"},"content":{"rendered":"<p>Jasne i kompleksowe oznakowanie p\u00f3\u0142ek, szaf, drzwi, palet, kontener\u00f3w i innych przestrzeni usprawnia i usprawnia proces pracy w magazynach i zak\u0142adach produkcyjnych. Przezroczyste, samoprzylepne uchwyty na etykiety wykonane ze sztywnego tworzywa PET mo\u017cna odczyta\u0107 za pomoc\u0105 skanera. Etykiety mo\u017cna \u0142atwo wymienia\u0107, poniewa\u017c uchwyty s\u0105 otwarte od g\u00f3ry i po obu stronach, a tak\u017ce maj\u0105 \u015bci\u0119te rogi u\u0142atwiaj\u0105ce dost\u0119p do etykiety. Montowane za pomoc\u0105 pask\u00f3w samoprzylepnych, kt\u00f3re mo\u017cna usun\u0105\u0107 bez pozostawiania resztek kleju po usuni\u0119ciu. Ka\u017cdy uchwyt na etykiet\u0119 pokryty jest przezroczyst\u0105 foli\u0105 z tworzywa sztucznego, kt\u00f3ra chroni przed zarysowaniami podczas transportu i przechowywania. Foli\u0119 ochronn\u0105 mo\u017cna \u0142atwo usun\u0105\u0107 przed u\u017cyciem produktu. Bezp\u0142atny szablon etykiety jest dost\u0119pny na stronie www.duraprint.se.<br \/>\nWymiary wewn\u0119trzne: 100 x 38 mm (szer. x wys.)<br \/>\n Wymiary zewn\u0119trzne: 103 x 43 mm (szer. x wys.)<br \/>\nAkcesoria: Etykiety na kartkach A4, art. Nr 102202<\/p>","protected":false},"excerpt":{"rendered":"<p>Uchwyt na etykiety z tworzywa PET z samoprzylepnymi i usuwalnymi paskami samoprzylepnymi z ty\u0142u. Do stosowania np. na kraw\u0119dziach p\u00f3\u0142ek.<\/p>","protected":false},"featured_media":135694,"template":"","meta":{"_acf_changed":false},"product_brand":[],"product_cat":[4335],"product_tag":[4376],"class_list":{"0":"post-118067","1":"product","2":"type-product","3":"status-publish","4":"has-post-thumbnail","6":"product_cat-etiketthallare","7":"product_tag-transparent","8":"product_shipping_class-tunga-paket","9":"pa_brands-durable","10":"pa_farg-transparent","11":"tm-no-options","13":"first","14":"instock","15":"sale","16":"taxable","17":"shipping-taxable","18":"purchasable","19":"product-type-simple"},"acf":[],"_links":{"self":[{"href":"https:\/\/secureus.se\/pl\/wp-json\/wp\/v2\/product\/118067","targetHints":{"allow":["GET"]}}],"collection":[{"href":"https:\/\/secureus.se\/pl\/wp-json\/wp\/v2\/product"}],"about":[{"href":"https:\/\/secureus.se\/pl\/wp-json\/wp\/v2\/types\/product"}],"wp:featuredmedia":[{"embeddable":true,"href":"https:\/\/secureus.se\/pl\/wp-json\/wp\/v2\/media\/135694"}],"wp:attachment":[{"href":"https:\/\/secureus.se\/pl\/wp-json\/wp\/v2\/media?parent=118067"}],"wp:term":[{"taxonomy":"product_brand","embeddable":true,"href":"https:\/\/secureus.se\/pl\/wp-json\/wp\/v2\/product_brand?post=118067"},{"taxonomy":"product_cat","embeddable":true,"href":"https:\/\/secureus.se\/pl\/wp-json\/wp\/v2\/product_cat?post=118067"},{"taxonomy":"product_tag","embeddable":true,"href":"https:\/\/secureus.se\/pl\/wp-json\/wp\/v2\/product_tag?post=118067"}],"curies":[{"name":"wp","href":"https:\/\/api.w.org\/{rel}","templated":true}]}}