{"id":118096,"date":"2024-11-05T16:54:07","date_gmt":"2024-11-05T15:54:07","guid":{"rendered":"https:\/\/secureus.se\/?post_type=product&#038;p=118096"},"modified":"2026-03-11T14:45:44","modified_gmt":"2026-03-11T13:45:44","slug":"etiketthallare-magnetisk-hard-cover-100x38-mm","status":"publish","type":"product","link":"https:\/\/secureus.se\/pl\/etiketthallare-magnetisk-hard-cover-100x38-mm\/","title":{"rendered":"Uchwyt na etykiety magnetyczny TWARDA OK\u0141ADKA 100\u00d738 mm"},"content":{"rendered":"<p>Tydlig och \u00f6versiktlig m\u00e4rkning av hyllor, sk\u00e5p , d\u00f6rrar, pallar, containrar och andra utrymmen f\u00f6rb\u00e4ttrar och effektiviserar arbetsprocessen p\u00e5 lager och i produktionsanl\u00e4ggningar. De transparenta, magnetiska etiketth\u00e5llarna av styv PET plast g\u00e5r att l\u00e4sa med skanner. Etiketterna \u00e4r l\u00e4tta att byta eftersom fickorna \u00e4r \u00f6ppna upptill och p\u00e5 b\u00e5da sidorna och dessutom med avfasade h\u00f6rn f\u00f6r att l\u00e4tt f\u00e5 tag i etiketten. Tv\u00e5 magnetremsor p\u00e5 baksidan g\u00f6r att fickan sitter stadigt p\u00e5 plats. Varje etiketth\u00e5llare \u00e4r t\u00e4ckt av en transparent plastfilm som skyddar mot repor under transport och lagring. Skyddsfilmen dras enkelt bort n\u00e4r produkten ska b\u00f6rja anv\u00e4ndas. Gratis mall f\u00f6r etiketten finns p\u00e5 www.duraprint.se.<br \/>\nWymiary wewn\u0119trzne: 100 x 38 mm (szer. x wys.)<br \/>\nWymiary zewn\u0119trzne: 103 x 43 mm (szer. x wys.)<br \/>\nAkcesoria: Etykiety na kartkach A4, art. Nr 102202<\/p>","protected":false},"excerpt":{"rendered":"<p>Uchwyt na etykiety z tworzywa PET z dwoma paskami magnetycznymi z ty\u0142u. Do stosowania np. na kraw\u0119dziach metalowych p\u00f3\u0142ek.<\/p>","protected":false},"featured_media":135886,"template":"","meta":{"_acf_changed":false},"product_brand":[],"product_cat":[4335],"product_tag":[4376],"class_list":{"0":"post-118096","1":"product","2":"type-product","3":"status-publish","4":"has-post-thumbnail","6":"product_cat-etiketthallare","7":"product_tag-transparent","8":"product_shipping_class-tunga-paket","9":"pa_brands-durable","10":"pa_farg-transparent","11":"tm-no-options","13":"first","14":"instock","15":"sale","16":"taxable","17":"shipping-taxable","18":"purchasable","19":"product-type-simple"},"acf":[],"_links":{"self":[{"href":"https:\/\/secureus.se\/pl\/wp-json\/wp\/v2\/product\/118096","targetHints":{"allow":["GET"]}}],"collection":[{"href":"https:\/\/secureus.se\/pl\/wp-json\/wp\/v2\/product"}],"about":[{"href":"https:\/\/secureus.se\/pl\/wp-json\/wp\/v2\/types\/product"}],"wp:featuredmedia":[{"embeddable":true,"href":"https:\/\/secureus.se\/pl\/wp-json\/wp\/v2\/media\/135886"}],"wp:attachment":[{"href":"https:\/\/secureus.se\/pl\/wp-json\/wp\/v2\/media?parent=118096"}],"wp:term":[{"taxonomy":"product_brand","embeddable":true,"href":"https:\/\/secureus.se\/pl\/wp-json\/wp\/v2\/product_brand?post=118096"},{"taxonomy":"product_cat","embeddable":true,"href":"https:\/\/secureus.se\/pl\/wp-json\/wp\/v2\/product_cat?post=118096"},{"taxonomy":"product_tag","embeddable":true,"href":"https:\/\/secureus.se\/pl\/wp-json\/wp\/v2\/product_tag?post=118096"}],"curies":[{"name":"wp","href":"https:\/\/api.w.org\/{rel}","templated":true}]}}