{"id":118119,"date":"2024-11-05T16:53:42","date_gmt":"2024-11-05T15:53:42","guid":{"rendered":"https:\/\/secureus.se\/?post_type=product&#038;p=118119"},"modified":"2026-01-12T12:01:34","modified_gmt":"2026-01-12T11:01:34","slug":"etiketthallare-magnetisk-hard-cover-1-2-a5l-210x74","status":"publish","type":"product","link":"https:\/\/secureus.se\/pl\/etiketthallare-magnetisk-hard-cover-1-2-a5l-210x74\/","title":{"rendered":"Uchwyt na etykiety magnetyczny HARD COVER 1\/2 A5L, 210\u00d774"},"content":{"rendered":"<p>Jasne i kompleksowe oznakowanie p\u00f3\u0142ek, szaf, drzwi, palet, kontener\u00f3w i innych przestrzeni usprawnia i usprawnia proces pracy w magazynach i zak\u0142adach produkcyjnych. Przezroczyste, magnetyczne uchwyty na etykiety wykonane ze sztywnego tworzywa PET mo\u017cna odczyta\u0107 za pomoc\u0105 skanera. Etykiety mo\u017cna \u0142atwo wymienia\u0107, poniewa\u017c kieszenie s\u0105 otwarte od g\u00f3ry i po obu stronach, a tak\u017ce maj\u0105 \u015bci\u0119te rogi u\u0142atwiaj\u0105ce dost\u0119p do etykiety. Dwa paski magnetyczne z ty\u0142u utrzymuj\u0105 kiesze\u0144 na miejscu. Ka\u017cdy uchwyt na etykiet\u0119 pokryty jest przezroczyst\u0105 foli\u0105 z tworzywa sztucznego, kt\u00f3ra chroni przed zarysowaniami podczas transportu i przechowywania. Foli\u0119 ochronn\u0105 mo\u017cna \u0142atwo usun\u0105\u0107 przed u\u017cyciem produktu. Bezp\u0142atny szablon etykiety jest dost\u0119pny na stronie www.duraprint.se.<br \/>\nWymiary wewn\u0119trzne: 1\/2 A5 poziomo (210 x 74 mm) (szer. x wys.), zgodnie ze standardem VDA<br \/>\nWymiary zewn\u0119trzne: 213 x 79 mm (szer. x wys.)<br \/>\nAkcesoria: Etykiety na kartkach A4, art. Nr 102802<\/p>","protected":false},"excerpt":{"rendered":"<p>Uchwyt na etykiety z tworzywa PET z dwoma paskami magnetycznymi z ty\u0142u. Do stosowania np. na kraw\u0119dziach metalowych p\u00f3\u0142ek.<\/p>","protected":false},"featured_media":136412,"template":"","meta":{"_acf_changed":false},"product_brand":[],"product_cat":[4335],"product_tag":[4376],"class_list":{"0":"post-118119","1":"product","2":"type-product","3":"status-publish","4":"has-post-thumbnail","6":"product_cat-etiketthallare","7":"product_tag-transparent","8":"product_shipping_class-tunga-paket","9":"pa_brands-durable","10":"pa_farg-transparent","11":"tm-no-options","13":"first","14":"instock","15":"sale","16":"taxable","17":"shipping-taxable","18":"purchasable","19":"product-type-simple"},"acf":[],"_links":{"self":[{"href":"https:\/\/secureus.se\/pl\/wp-json\/wp\/v2\/product\/118119","targetHints":{"allow":["GET"]}}],"collection":[{"href":"https:\/\/secureus.se\/pl\/wp-json\/wp\/v2\/product"}],"about":[{"href":"https:\/\/secureus.se\/pl\/wp-json\/wp\/v2\/types\/product"}],"wp:featuredmedia":[{"embeddable":true,"href":"https:\/\/secureus.se\/pl\/wp-json\/wp\/v2\/media\/136412"}],"wp:attachment":[{"href":"https:\/\/secureus.se\/pl\/wp-json\/wp\/v2\/media?parent=118119"}],"wp:term":[{"taxonomy":"product_brand","embeddable":true,"href":"https:\/\/secureus.se\/pl\/wp-json\/wp\/v2\/product_brand?post=118119"},{"taxonomy":"product_cat","embeddable":true,"href":"https:\/\/secureus.se\/pl\/wp-json\/wp\/v2\/product_cat?post=118119"},{"taxonomy":"product_tag","embeddable":true,"href":"https:\/\/secureus.se\/pl\/wp-json\/wp\/v2\/product_tag?post=118119"}],"curies":[{"name":"wp","href":"https:\/\/api.w.org\/{rel}","templated":true}]}}