{"id":118168,"date":"2024-11-05T16:52:51","date_gmt":"2024-11-05T15:52:51","guid":{"rendered":"https:\/\/secureus.se\/?post_type=product&#038;p=118168"},"modified":"2026-01-12T12:45:45","modified_gmt":"2026-01-12T11:45:45","slug":"etiketthallare-labelfix-200x30-mm","status":"publish","type":"product","link":"https:\/\/secureus.se\/pl\/etiketthallare-labelfix-200x30-mm\/","title":{"rendered":"Uchwyt na etykiety LABELFIX\u00ae 200\u00d730 mm"},"content":{"rendered":"<p>Samoprzylepny uchwyt na etykiety LABELFIX\u00ae do oznaczania kraw\u0119dzi p\u00f3\u0142ek, przegr\u00f3dek, szuflad i szafek. W zestawie znajduj\u0105 si\u0119 bia\u0142e etykiety, a uchwyt mo\u017cna przyci\u0105\u0107 na \u017c\u0105dan\u0105 d\u0142ugo\u015b\u0107. Otw\u00f3r z boku na etykiety, kt\u00f3re nie wymagaj\u0105 cz\u0119stej zmiany. Darmowe szablony do projektowania i drukowania stylowych etykiet s\u0105 dost\u0119pne na stronie www.duraprint.se. Wymiary: 200 x 30 mm (szer. x wys.)<br \/>\nAkcesoria:<br \/>\nDodatkowe etykiety na kartkach A5 do druku w drukarce, nr art. 804102<\/p>","protected":false},"excerpt":{"rendered":"<p>Samoprzylepny uchwyt na etykiety do etykietowania np. kraw\u0119dzi p\u00f3\u0142ek lub pude\u0142ek. Otw\u00f3rz z boku. Wysoko\u015b\u0107 pisania 3 cm, d\u0142ugo\u015b\u0107 20 cm.<\/p>","protected":false},"featured_media":136153,"template":"","meta":{"_acf_changed":false},"product_brand":[],"product_cat":[4335],"product_tag":[4376],"class_list":{"0":"post-118168","1":"product","2":"type-product","3":"status-publish","4":"has-post-thumbnail","6":"product_cat-etiketthallare","7":"product_tag-transparent","8":"product_shipping_class-tunga-paket","9":"pa_brands-durable","10":"pa_farg-transparent","11":"tm-no-options","13":"first","14":"instock","15":"sale","16":"taxable","17":"shipping-taxable","18":"purchasable","19":"product-type-simple"},"acf":[],"_links":{"self":[{"href":"https:\/\/secureus.se\/pl\/wp-json\/wp\/v2\/product\/118168","targetHints":{"allow":["GET"]}}],"collection":[{"href":"https:\/\/secureus.se\/pl\/wp-json\/wp\/v2\/product"}],"about":[{"href":"https:\/\/secureus.se\/pl\/wp-json\/wp\/v2\/types\/product"}],"wp:featuredmedia":[{"embeddable":true,"href":"https:\/\/secureus.se\/pl\/wp-json\/wp\/v2\/media\/136153"}],"wp:attachment":[{"href":"https:\/\/secureus.se\/pl\/wp-json\/wp\/v2\/media?parent=118168"}],"wp:term":[{"taxonomy":"product_brand","embeddable":true,"href":"https:\/\/secureus.se\/pl\/wp-json\/wp\/v2\/product_brand?post=118168"},{"taxonomy":"product_cat","embeddable":true,"href":"https:\/\/secureus.se\/pl\/wp-json\/wp\/v2\/product_cat?post=118168"},{"taxonomy":"product_tag","embeddable":true,"href":"https:\/\/secureus.se\/pl\/wp-json\/wp\/v2\/product_tag?post=118168"}],"curies":[{"name":"wp","href":"https:\/\/api.w.org\/{rel}","templated":true}]}}