{"id":118220,"date":"2024-11-05T17:20:40","date_gmt":"2024-11-05T16:20:40","guid":{"rendered":"https:\/\/secureus.se\/?post_type=product&#038;p=118220"},"modified":"2026-01-12T12:30:14","modified_gmt":"2026-01-12T11:30:14","slug":"sjalvhaftande-kabelhallare-cavoline-clip-1","status":"publish","type":"product","link":"https:\/\/secureus.se\/pl\/sjalvhaftande-kabelhallare-cavoline-clip-1\/","title":{"rendered":"Samoprzylepny uchwyt na kabel CAVOLINE\u00ae CLIP 1"},"content":{"rendered":"<p>Utrzymuj porz\u0105dek w kablach dzi\u0119ki CAVOLINE\u00ae zar\u00f3wno w biurze, jak i w domu. Zbierz kable, a b\u0119dzie wygl\u0105da\u0107 schludniej i b\u0119dzie \u0142atwiejszy do czyszczenia.<br \/>\nOkr\u0105g\u0142y samoprzylepny uchwyt na kabel wykonany z mi\u0119kkiego tworzywa sztucznego na 1 kabel USB lub telefoniczny o maksymalnej \u015brednicy 5 mm. Mocuje si\u0119 do g\u0142adkich i czystych powierzchni. Wymiary: 20 x 12 mm (\u00f8 x wys.)<\/p>","protected":false},"excerpt":{"rendered":"<p>Samoprzylepny klips do kabla na 1 telefon lub kabel USB.<\/p>","protected":false},"featured_media":135488,"template":"","meta":{"_acf_changed":false},"product_brand":[],"product_cat":[4287,4252],"product_tag":[4393],"class_list":{"0":"post-118220","1":"product","2":"type-product","3":"status-publish","4":"has-post-thumbnail","6":"product_cat-kabelsamlare","7":"product_cat-sjalvhaftande-fickor","8":"product_tag-gra","9":"product_shipping_class-tunga-paket","10":"pa_brands-durable","11":"pa_farg-gra","12":"tm-no-options","14":"first","15":"instock","16":"sale","17":"taxable","18":"shipping-taxable","19":"purchasable","20":"product-type-simple"},"acf":[],"_links":{"self":[{"href":"https:\/\/secureus.se\/pl\/wp-json\/wp\/v2\/product\/118220","targetHints":{"allow":["GET"]}}],"collection":[{"href":"https:\/\/secureus.se\/pl\/wp-json\/wp\/v2\/product"}],"about":[{"href":"https:\/\/secureus.se\/pl\/wp-json\/wp\/v2\/types\/product"}],"wp:featuredmedia":[{"embeddable":true,"href":"https:\/\/secureus.se\/pl\/wp-json\/wp\/v2\/media\/135488"}],"wp:attachment":[{"href":"https:\/\/secureus.se\/pl\/wp-json\/wp\/v2\/media?parent=118220"}],"wp:term":[{"taxonomy":"product_brand","embeddable":true,"href":"https:\/\/secureus.se\/pl\/wp-json\/wp\/v2\/product_brand?post=118220"},{"taxonomy":"product_cat","embeddable":true,"href":"https:\/\/secureus.se\/pl\/wp-json\/wp\/v2\/product_cat?post=118220"},{"taxonomy":"product_tag","embeddable":true,"href":"https:\/\/secureus.se\/pl\/wp-json\/wp\/v2\/product_tag?post=118220"}],"curies":[{"name":"wp","href":"https:\/\/api.w.org\/{rel}","templated":true}]}}