{"id":118231,"date":"2024-11-05T16:51:24","date_gmt":"2024-11-05T15:51:24","guid":{"rendered":"https:\/\/secureus.se\/?post_type=product&#038;p=118231"},"modified":"2026-01-12T12:55:59","modified_gmt":"2026-01-12T11:55:59","slug":"surfplattehallare-twist-table","status":"publish","type":"product","link":"https:\/\/secureus.se\/pl\/surfplattehallare-twist-table\/","title":{"rendered":"Uchwyt na desk\u0119 surfingow\u0105 TWIST TABLE"},"content":{"rendered":"<p>Uchwyt na tablet sprawia, \u017ce korzystanie z tabletu lub telefonu kom\u00f3rkowego jest wygodniejsze i bardziej ergonomiczne, np. jako dodatkowy ekran w biurze lub podczas nauki, w domach opieki do kontaktu z bliskimi, w domu po recepty, cyfrowe gazety i media spo\u0142eczno\u015bciowe. Seria TWIST posiada uchwyt z antypo\u015blizgowymi podk\u0142adkami, kt\u00f3re utrzymuj\u0105 urz\u0105dzenie na miejscu i chroni\u0105 przed zarysowaniami. Uchwyt uchwytu pasuje do tablet\u00f3w lub telefon\u00f3w kom\u00f3rkowych, takich jak iPhone, iPad i Samsung od 4,7&quot; do 13&quot; o maksymalnej wadze 1 kg i jest przymocowany do przegubu kulowego, kt\u00f3ry mo\u017cna obraca\u0107 o 360\u00b0. Znajduje si\u0119 tu tak\u017ce otw\u00f3r na kabel \u0142aduj\u0105cy. TWIST TABLE ma 37 cm wysoko\u015bci i dzi\u0119ki okr\u0105g\u0142ej p\u0142ycie podstawy o \u015brednicy 19 cm stoi bardzo stabilnie. Mocna g\u0119sia szyja z p\u0142ynn\u0105 regulacj\u0105 wysoko\u015bci i k\u0105ta czytania, kt\u00f3ra utrzymuje si\u0119 w \u017c\u0105danej pozycji. Wykonany z materia\u0142u pochodz\u0105cego z recyklingu 40%, 100 % nadaje si\u0119 do recyklingu po zako\u0144czeniu produktu.<\/p>","protected":false},"excerpt":{"rendered":"<p>Uchwyt na tablet lub telefon kom\u00f3rkowy 4,7-13\u2033. Stojak sto\u0142owy z gi\u0119tk\u0105 g\u0119si\u0105 szyj\u0105 i przegubem kulowym.<\/p>","protected":false},"featured_media":137164,"template":"","meta":{"_acf_changed":false},"product_brand":[],"product_cat":[4236],"product_tag":[4381],"class_list":{"0":"post-118231","1":"product","2":"type-product","3":"status-publish","4":"has-post-thumbnail","6":"product_cat-surfplattehallare","7":"product_tag-svart","8":"product_shipping_class-tunga-paket","9":"pa_brands-durable","10":"pa_farg-svart","11":"tm-no-options","13":"first","14":"instock","15":"sale","16":"taxable","17":"shipping-taxable","18":"purchasable","19":"product-type-simple"},"acf":[],"_links":{"self":[{"href":"https:\/\/secureus.se\/pl\/wp-json\/wp\/v2\/product\/118231","targetHints":{"allow":["GET"]}}],"collection":[{"href":"https:\/\/secureus.se\/pl\/wp-json\/wp\/v2\/product"}],"about":[{"href":"https:\/\/secureus.se\/pl\/wp-json\/wp\/v2\/types\/product"}],"wp:featuredmedia":[{"embeddable":true,"href":"https:\/\/secureus.se\/pl\/wp-json\/wp\/v2\/media\/137164"}],"wp:attachment":[{"href":"https:\/\/secureus.se\/pl\/wp-json\/wp\/v2\/media?parent=118231"}],"wp:term":[{"taxonomy":"product_brand","embeddable":true,"href":"https:\/\/secureus.se\/pl\/wp-json\/wp\/v2\/product_brand?post=118231"},{"taxonomy":"product_cat","embeddable":true,"href":"https:\/\/secureus.se\/pl\/wp-json\/wp\/v2\/product_cat?post=118231"},{"taxonomy":"product_tag","embeddable":true,"href":"https:\/\/secureus.se\/pl\/wp-json\/wp\/v2\/product_tag?post=118231"}],"curies":[{"name":"wp","href":"https:\/\/api.w.org\/{rel}","templated":true}]}}