{"id":118269,"date":"2024-11-05T17:16:37","date_gmt":"2024-11-05T16:16:37","guid":{"rendered":"https:\/\/secureus.se\/?post_type=product&#038;p=118269"},"modified":"2026-01-12T12:33:20","modified_gmt":"2026-01-12T11:33:20","slug":"skarmhallare-pro-for-2-skarmar-kabelhalsfaste","status":"publish","type":"product","link":"https:\/\/secureus.se\/pl\/skarmhallare-pro-for-2-skarmar-kabelhalsfaste\/","title":{"rendered":"Uchwyt ekranu PRO na 2 ekrany, mocowanie do otworu na kabel"},"content":{"rendered":"<p>Seria Durable, \u0142atwych w obs\u0142udze uchwyt\u00f3w do ekranu (lub ramion do monitor\u00f3w, jak si\u0119 je nazywa), dobrej jako\u015bci, zwalnia miejsce na biurku i zapewnia dobr\u0105 ergonomi\u0119 pracy. Dzi\u0119ki ponadczasowemu i eleganckiemu wzornictwu \u015bwietnie odnajd\u0105 si\u0119 w wielu r\u00f3\u017cnorodnych wn\u0119trzach. Przeznaczony do ekran\u00f3w o formacie 21 \u2013 28 cali i wadze 3-8 kg, kt\u00f3re s\u0105 przygotowane do monta\u017cu VESA 75 x 75 mm lub 100 x 100 mm. Monitor mo\u017cna po prostu wpi\u0105\u0107 w zg\u0142oszony do opatentowania system szybkiego mocowania. Uchwyty ekranu s\u0105 elastyczne, poniewa\u017c mo\u017cna je obraca\u0107, aby ustawi\u0107 ekran w pozycji pionowej lub poziomej, a tak\u017ce mo\u017cna je ustawi\u0107 pod k\u0105tem, aby uzyska\u0107 dobry k\u0105t czytania. Wykonane z wyselekcjonowanych materia\u0142\u00f3w najwy\u017cszej jako\u015bci zapewniaj\u0105cych d\u0142ug\u0105 \u017cywotno\u015b\u0107 \u2013 aluminium, metalu i wysokiej jako\u015bci tworzywa sztucznego a\u017c do 60 % z materia\u0142\u00f3w pochodz\u0105cych z recyklingu. Mo\u017cliwo\u015b\u0107 recyklingu do 100 % sprawia, \u017ce te uchwyty do ekran\u00f3w s\u0105 przyjazne dla \u015brodowiska zgodnie z norm\u0105 ISO 14021. Produkcja odbywa si\u0119 w zak\u0142adzie produkcyjnym DURABLE w Niemczech. 10 lat gwarancji. Z\u0142o\u017cono wniosek o homologacj\u0119 tych uchwyt\u00f3w do ekran\u00f3w znakiem bezpiecze\u0144stwa GS (sprawdzone bezpiecze\u0144stwo), kt\u00f3ry daje kupuj\u0105cym, sprzedawcom detalicznym i konsumentom ko\u0144cowym gwarancj\u0119, \u017ce produkt spe\u0142nia najnowsze wymagania bezpiecze\u0144stwa, a tak\u017ce wniosek o certyfikacj\u0119 T\u00dcV, kt\u00f3ry jest jednocze\u015bnie uznany niemiecki certyfikat bezpiecze\u0144stwa i jako\u015bci produkt\u00f3w.<\/p>\n<p>Podw\u00f3jny uchwyt do ekranu z pionowym stojakiem sto\u0142owym i poprzecznym ramieniem z dwoma przesuwnymi wspornikami. Wsporniki ekran\u00f3w mo\u017cna zablokowa\u0107 w wybranej pozycji i s\u0105 bezpiecznie zamocowane podczas regulacji wysoko\u015bci ekran\u00f3w. Rami\u0119 poprzeczne ma regulowan\u0105 wysoko\u015b\u0107 w zakresie 50-340 mm. W zestawie znajduje si\u0119 pi\u0119\u0107 zacisk\u00f3w do kabli, kt\u00f3re mo\u017cna umie\u015bci\u0107 w odpowiednim miejscu \u2013 aby kable by\u0142y uporz\u0105dkowane. Ekrany mo\u017cna indywidualnie odchyla\u0107 pod k\u0105tem 110 - 85\u00b0 w g\u00f3r\u0119 i 25\u00b0 w d\u00f3\u0142. \u0141atwy w monta\u017cu: wspornik otworu kablowego do blat\u00f3w z otworami kablowymi o \u015brednicy 60-80 mm. Wymiary: 345 x 470 x 120 mm (szer. x wys. x g\u0142.)<\/p>\n<p>Przeczytaj wi\u0119cej o oznakowaniu GS: https:\/\/www.handelskammer.se\/vara-tjanster\/miljorapportering\/symbolguiden\/geprufte-sicherheit-provad-sakerhet<br \/>\nPrzeczytaj wi\u0119cej o certyfikacie T\u00dcV: https:\/\/www.handelskammer.se\/vara-tjanster\/miljorapportering\/symbolguiden\/tuv-technischer-uberwachungsverein<br \/>\nWarunki gwarancji mo\u017cna znale\u017a\u0107 tutaj: https:\/\/www.durable.se\/sv_SE\/service\/garanti\/garanti-foer-skaermhaallare\/<\/p>","protected":false},"excerpt":{"rendered":"<p>Uchwyt do dw\u00f3ch ekran\u00f3w z mo\u017cliwo\u015bci\u0105 regulacji wysoko\u015bci, k\u0105ta i mo\u017cliwo\u015bci\u0105 ustawienia w pozycji pionowej lub poziomej. Ze wspornikiem otworu na kabel.<\/p>","protected":false},"featured_media":136422,"template":"","meta":{"_acf_changed":false},"product_brand":[],"product_cat":[4243],"product_tag":[4382],"class_list":{"0":"post-118269","1":"product","2":"type-product","3":"status-publish","4":"has-post-thumbnail","6":"product_cat-skarmhallare","7":"product_tag-silver","8":"product_shipping_class-tunga-paket","9":"pa_brands-durable","10":"pa_farg-silver","11":"tm-no-options","13":"first","14":"instock","15":"sale","16":"taxable","17":"shipping-taxable","18":"purchasable","19":"product-type-simple"},"acf":[],"_links":{"self":[{"href":"https:\/\/secureus.se\/pl\/wp-json\/wp\/v2\/product\/118269","targetHints":{"allow":["GET"]}}],"collection":[{"href":"https:\/\/secureus.se\/pl\/wp-json\/wp\/v2\/product"}],"about":[{"href":"https:\/\/secureus.se\/pl\/wp-json\/wp\/v2\/types\/product"}],"wp:featuredmedia":[{"embeddable":true,"href":"https:\/\/secureus.se\/pl\/wp-json\/wp\/v2\/media\/136422"}],"wp:attachment":[{"href":"https:\/\/secureus.se\/pl\/wp-json\/wp\/v2\/media?parent=118269"}],"wp:term":[{"taxonomy":"product_brand","embeddable":true,"href":"https:\/\/secureus.se\/pl\/wp-json\/wp\/v2\/product_brand?post=118269"},{"taxonomy":"product_cat","embeddable":true,"href":"https:\/\/secureus.se\/pl\/wp-json\/wp\/v2\/product_cat?post=118269"},{"taxonomy":"product_tag","embeddable":true,"href":"https:\/\/secureus.se\/pl\/wp-json\/wp\/v2\/product_tag?post=118269"}],"curies":[{"name":"wp","href":"https:\/\/api.w.org\/{rel}","templated":true}]}}