{"id":118293,"date":"2024-11-05T16:49:56","date_gmt":"2024-11-05T15:49:56","guid":{"rendered":"https:\/\/secureus.se\/?post_type=product&#038;p=118293"},"modified":"2026-01-12T12:32:35","modified_gmt":"2026-01-12T11:32:35","slug":"skarmstall-effect","status":"publish","type":"product","link":"https:\/\/secureus.se\/pl\/skarmstall-effect\/","title":{"rendered":"Stojak na ekran EFFECT"},"content":{"rendered":"<p>Stojak pod ekran ustawia ekran komputera na ergonomicznej wysoko\u015bci \u2013 g\u00f3rna kraw\u0119d\u017a ekranu powinna znajdowa\u0107 si\u0119 na poziomie oczu lub tu\u017c poni\u017cej, co powoduje, \u017ce wzrok opada uko\u015bnie w d\u00f3\u0142 i zapewnia oczom odpoczynek. Stojak uwalnia miejsce na stole, a w po\u0142\u0105czeniu z pojemnikiem na d\u0142ugopisy, dokumenty, kable itp., na biurku mo\u017cna zachowa\u0107 porz\u0105dek. Seria EFFECT, kt\u00f3rej cz\u0119\u015bci\u0105 jest ten stojak, wykonana jest w du\u017cej mierze z mi\u0119kkiego, d\u017awi\u0119koch\u0142onnego i wytrzyma\u0142ego materia\u0142u filcowego. Koc wykonany jest z tworzywa PET, z czego 60% pochodzi z zebranego i poddanego recyklingowi tworzywa PET (rPET). Produkty z tej serii nadaj\u0105 si\u0119 do recyklingu w 100 przypadkach % i s\u0105 pakowane w spos\u00f3b zr\u00f3wnowa\u017cony, przy u\u017cyciu materia\u0142\u00f3w oszcz\u0119dzaj\u0105cych zasoby i niezawieraj\u0105cych plastiku. Metalow\u0105 p\u00f3\u0142k\u0119 mo\u017cna ustawi\u0107 na trzech r\u00f3\u017cnych wysoko\u015bciach 9 -12 -15 cm za pomoc\u0105 dw\u00f3ch element\u00f3w mocuj\u0105cych - bez konieczno\u015bci pracoch\u0142onnego przykr\u0119cania i klejenia. Otw\u00f3r na kabel \u0142aduj\u0105cy. Stojak jest stabilny i wytrzymuje maksymalne obci\u0105\u017cenie 10 kg. Wymiary: 49,6 x 16,2 x 26 cm (szer. x wys. x g\u0142.)<br \/>\nAkcesoria: Pude\u0142ko EFFECT, nr art. 508201<\/p>","protected":false},"excerpt":{"rendered":"<p>Podstawa monitora z regulacj\u0105 wysoko\u015bci zapewnia bardziej ergonomiczn\u0105 pozycj\u0119 pracy i uporz\u0105dkowane biurko. <\/p>","protected":false},"featured_media":136184,"template":"","meta":{"_acf_changed":false},"product_brand":[],"product_cat":[4243],"product_tag":[4390],"class_list":{"0":"post-118293","1":"product","2":"type-product","3":"status-publish","4":"has-post-thumbnail","6":"product_cat-skarmhallare","7":"product_tag-morkgra","8":"product_shipping_class-tunga-paket","9":"pa_brands-durable","10":"pa_farg-morkgra","11":"tm-no-options","13":"first","14":"instock","15":"sale","16":"taxable","17":"shipping-taxable","18":"purchasable","19":"product-type-simple"},"acf":[],"_links":{"self":[{"href":"https:\/\/secureus.se\/pl\/wp-json\/wp\/v2\/product\/118293","targetHints":{"allow":["GET"]}}],"collection":[{"href":"https:\/\/secureus.se\/pl\/wp-json\/wp\/v2\/product"}],"about":[{"href":"https:\/\/secureus.se\/pl\/wp-json\/wp\/v2\/types\/product"}],"wp:featuredmedia":[{"embeddable":true,"href":"https:\/\/secureus.se\/pl\/wp-json\/wp\/v2\/media\/136184"}],"wp:attachment":[{"href":"https:\/\/secureus.se\/pl\/wp-json\/wp\/v2\/media?parent=118293"}],"wp:term":[{"taxonomy":"product_brand","embeddable":true,"href":"https:\/\/secureus.se\/pl\/wp-json\/wp\/v2\/product_brand?post=118293"},{"taxonomy":"product_cat","embeddable":true,"href":"https:\/\/secureus.se\/pl\/wp-json\/wp\/v2\/product_cat?post=118293"},{"taxonomy":"product_tag","embeddable":true,"href":"https:\/\/secureus.se\/pl\/wp-json\/wp\/v2\/product_tag?post=118293"}],"curies":[{"name":"wp","href":"https:\/\/api.w.org\/{rel}","templated":true}]}}