{"id":118295,"date":"2024-11-05T17:15:32","date_gmt":"2024-11-05T16:15:32","guid":{"rendered":"https:\/\/secureus.se\/?post_type=product&#038;p=118295"},"modified":"2026-01-12T12:30:07","modified_gmt":"2026-01-12T11:30:07","slug":"sladdgomma-cavoline-box-s-2","status":"publish","type":"product","link":"https:\/\/secureus.se\/pl\/sladdgomma-cavoline-box-s-2\/","title":{"rendered":"Chowacz przewodu CAVOLINE\u00ae BOX S"},"content":{"rendered":"<p>Utrzymuj porz\u0105dek w kablach dzi\u0119ki CAVOLINE\u00ae zar\u00f3wno w biurze, jak i w domu. Zbierz kable, a b\u0119dzie wygl\u0105da\u0107 schludniej i b\u0119dzie \u0142atwiejszy do czyszczenia. <\/p>\n<p>Elegancka skrzynka na kable z ognioodpornego tworzywa sztucznego na kable i gniazda 5-\u017cy\u0142owe<br \/>\n. Gumowane otwory na kable po obu stronach karty. Otwory pe\u0142ni\u0105 tak\u017ce funkcj\u0119 otwor\u00f3w wentylacyjnych. Os\u0142ona z praktycznym wej\u015bciem na kabel do \u0142adowania telefonu kom\u00f3rkowego. Du\u017ce gumowe n\u00f3\u017cki zapewniaj\u0105 stabiln\u0105 pozycj\u0119 t\u0142umika kabla<br \/>\n. Wymiary: 246 x 116 x 128 mm (szer. x wys. x g\u0142.)<\/p>","protected":false},"excerpt":{"rendered":"<p>Wysokiej jako\u015bci skrzynka kablowa wykonana z trudnopalnego tworzywa sztucznego. <\/p>","protected":false},"featured_media":136028,"template":"","meta":{"_acf_changed":false},"product_brand":[],"product_cat":[4287],"product_tag":[4404],"class_list":{"0":"post-118295","1":"product","2":"type-product","3":"status-publish","4":"has-post-thumbnail","6":"product_cat-kabelsamlare","7":"product_tag-grafitgra","8":"product_shipping_class-tunga-paket","9":"pa_brands-durable","10":"pa_farg-grafitgra","11":"tm-no-options","13":"first","14":"instock","15":"sale","16":"taxable","17":"shipping-taxable","18":"purchasable","19":"product-type-simple"},"acf":[],"_links":{"self":[{"href":"https:\/\/secureus.se\/pl\/wp-json\/wp\/v2\/product\/118295","targetHints":{"allow":["GET"]}}],"collection":[{"href":"https:\/\/secureus.se\/pl\/wp-json\/wp\/v2\/product"}],"about":[{"href":"https:\/\/secureus.se\/pl\/wp-json\/wp\/v2\/types\/product"}],"wp:featuredmedia":[{"embeddable":true,"href":"https:\/\/secureus.se\/pl\/wp-json\/wp\/v2\/media\/136028"}],"wp:attachment":[{"href":"https:\/\/secureus.se\/pl\/wp-json\/wp\/v2\/media?parent=118295"}],"wp:term":[{"taxonomy":"product_brand","embeddable":true,"href":"https:\/\/secureus.se\/pl\/wp-json\/wp\/v2\/product_brand?post=118295"},{"taxonomy":"product_cat","embeddable":true,"href":"https:\/\/secureus.se\/pl\/wp-json\/wp\/v2\/product_cat?post=118295"},{"taxonomy":"product_tag","embeddable":true,"href":"https:\/\/secureus.se\/pl\/wp-json\/wp\/v2\/product_tag?post=118295"}],"curies":[{"name":"wp","href":"https:\/\/api.w.org\/{rel}","templated":true}]}}