{"id":118300,"date":"2024-11-05T16:49:23","date_gmt":"2024-11-05T15:49:23","guid":{"rendered":"https:\/\/secureus.se\/?post_type=product&#038;p=118300"},"modified":"2026-01-12T12:29:33","modified_gmt":"2026-01-12T11:29:33","slug":"snappram-aluminium-a1","status":"publish","type":"product","link":"https:\/\/secureus.se\/pl\/snappram-aluminium-a1\/","title":{"rendered":"Rama zatrzaskowa aluminiowa A1"},"content":{"rendered":"<p>Klasyczne ramki zatrzaskowe przydaj\u0105 si\u0119 np. w si\u0142owniach, biurach, hotelach, na targach czy w sklepach, aby w schludny spos\u00f3b eksponowa\u0107 informacje wymagaj\u0105ce wymiany. Wymie\u0144 wk\u0142adk\u0119, sk\u0142adaj\u0105c wszystkie 4 profile boczne i zdejmuj\u0105c plastikowy front odporny na promieniowanie UV i antyrefleksyjny, kt\u00f3ry chroni wk\u0142ad. Rama wykonana jest z profilu aluminiowego anodyzowanego o szeroko\u015bci 25 mm, co zwi\u0119ksza trwa\u0142o\u015b\u0107 aluminiowej powierzchni. Ty\u0142 ramki zatrzaskowej wykonany jest z wytrzyma\u0142ego polistyrenu. Ukryte otwory na dostarczon\u0105 \u015brub\u0119 i ko\u0142ek oraz 4 dostarczone paski samoprzylepne, do opcjonalnego monta\u017cu na \u015bcianie w formacie pionowym lub poziomym.<br \/>\nWymiary zewn\u0119trzne: 660 x 900 x 12 mm, wys. x szer. x g\u0142<br \/>\nWymiary wewn\u0119trzne: 630 x 870 mm, wys. x szer<\/p>","protected":false},"excerpt":{"rendered":"<p>Ramka zatrzaskowa z profilem aluminiowym 25 mm, na wk\u0142adki formatu A1<\/p>","protected":false},"featured_media":136226,"template":"","meta":{"_acf_changed":false},"product_brand":[],"product_cat":[4336],"product_tag":[4382],"class_list":{"0":"post-118300","1":"product","2":"type-product","3":"status-publish","4":"has-post-thumbnail","6":"product_cat-snappram","7":"product_tag-silver","8":"product_shipping_class-tunga-paket","9":"pa_brands-durable","10":"pa_farg-silver","11":"tm-no-options","13":"first","14":"instock","15":"sale","16":"taxable","17":"shipping-taxable","18":"purchasable","19":"product-type-simple"},"acf":[],"_links":{"self":[{"href":"https:\/\/secureus.se\/pl\/wp-json\/wp\/v2\/product\/118300","targetHints":{"allow":["GET"]}}],"collection":[{"href":"https:\/\/secureus.se\/pl\/wp-json\/wp\/v2\/product"}],"about":[{"href":"https:\/\/secureus.se\/pl\/wp-json\/wp\/v2\/types\/product"}],"wp:featuredmedia":[{"embeddable":true,"href":"https:\/\/secureus.se\/pl\/wp-json\/wp\/v2\/media\/136226"}],"wp:attachment":[{"href":"https:\/\/secureus.se\/pl\/wp-json\/wp\/v2\/media?parent=118300"}],"wp:term":[{"taxonomy":"product_brand","embeddable":true,"href":"https:\/\/secureus.se\/pl\/wp-json\/wp\/v2\/product_brand?post=118300"},{"taxonomy":"product_cat","embeddable":true,"href":"https:\/\/secureus.se\/pl\/wp-json\/wp\/v2\/product_cat?post=118300"},{"taxonomy":"product_tag","embeddable":true,"href":"https:\/\/secureus.se\/pl\/wp-json\/wp\/v2\/product_tag?post=118300"}],"curies":[{"name":"wp","href":"https:\/\/api.w.org\/{rel}","templated":true}]}}