{"id":118309,"date":"2024-11-05T17:15:14","date_gmt":"2024-11-05T16:15:14","guid":{"rendered":"https:\/\/secureus.se\/?post_type=product&#038;p=118309"},"modified":"2025-12-31T21:19:57","modified_gmt":"2025-12-31T20:19:57","slug":"surfplattehallare-varicolor","status":"publish","type":"product","link":"https:\/\/secureus.se\/pl\/surfplattehallare-varicolor\/","title":{"rendered":"Uchwyt na tablet VARICOLOR\u00b0"},"content":{"rendered":"<p>Praktyczny stojak na tablet z mi\u0119kk\u0105 gumowan\u0105 powierzchni\u0105, kt\u00f3ra utrzymuje tablet stabilnie i lekko przechylony, gdy znajduje si\u0119 na g\u00f3rze uchwytu. Je\u015bli tablet zostanie umieszczony w uchwycie \u2013 zar\u00f3wno w orientacji poziomej, jak i pionowej \u2013 k\u0105t czytania b\u0119dzie inny. Tablet mo\u017cna umie\u015bci\u0107 w \u201erowie\u201d zar\u00f3wno z etui ochronnym, jak i bez. Uchwyt na tablet mo\u017cna obraca\u0107 o 360\u00b0 i blokowa\u0107 w \u017c\u0105danej pozycji. Gumowe n\u00f3\u017cki chroni\u0105 powierzchni\u0119 przed zarysowaniami i sprawiaj\u0105, \u017ce stoi stabilnie. Wymiary: 145 x 59 mm (\u0158 x wys.)<\/p>","protected":false},"excerpt":{"rendered":"<p>Uchwyt na desk\u0119 surfingow\u0105 obracany o 360\u00b0. Do tablet\u00f3w zar\u00f3wno z etui ochronnym, jak i bez.<\/p>","protected":false},"featured_media":135538,"template":"","meta":{"_acf_changed":false},"product_brand":[],"product_cat":[4236],"product_tag":[4390],"class_list":{"0":"post-118309","1":"product","2":"type-product","3":"status-publish","4":"has-post-thumbnail","6":"product_cat-surfplattehallare","7":"product_tag-morkgra","8":"product_shipping_class-tunga-paket","9":"pa_brands-durable","10":"pa_farg-morkgra","11":"tm-no-options","13":"first","14":"instock","15":"sale","16":"taxable","17":"shipping-taxable","18":"purchasable","19":"product-type-simple"},"acf":[],"_links":{"self":[{"href":"https:\/\/secureus.se\/pl\/wp-json\/wp\/v2\/product\/118309","targetHints":{"allow":["GET"]}}],"collection":[{"href":"https:\/\/secureus.se\/pl\/wp-json\/wp\/v2\/product"}],"about":[{"href":"https:\/\/secureus.se\/pl\/wp-json\/wp\/v2\/types\/product"}],"wp:featuredmedia":[{"embeddable":true,"href":"https:\/\/secureus.se\/pl\/wp-json\/wp\/v2\/media\/135538"}],"wp:attachment":[{"href":"https:\/\/secureus.se\/pl\/wp-json\/wp\/v2\/media?parent=118309"}],"wp:term":[{"taxonomy":"product_brand","embeddable":true,"href":"https:\/\/secureus.se\/pl\/wp-json\/wp\/v2\/product_brand?post=118309"},{"taxonomy":"product_cat","embeddable":true,"href":"https:\/\/secureus.se\/pl\/wp-json\/wp\/v2\/product_cat?post=118309"},{"taxonomy":"product_tag","embeddable":true,"href":"https:\/\/secureus.se\/pl\/wp-json\/wp\/v2\/product_tag?post=118309"}],"curies":[{"name":"wp","href":"https:\/\/api.w.org\/{rel}","templated":true}]}}