{"id":118371,"date":"2024-11-05T17:14:24","date_gmt":"2024-11-05T16:14:24","guid":{"rendered":"https:\/\/secureus.se\/?post_type=product&#038;p=118371"},"modified":"2026-01-12T12:28:06","modified_gmt":"2026-01-12T11:28:06","slug":"symbolskylt-wc-dam-herr","status":"publish","type":"product","link":"https:\/\/secureus.se\/pl\/symbolskylt-wc-dam-herr\/","title":{"rendered":"Znak symboliczny WC dla pa\u0144 i pan\u00f3w"},"content":{"rendered":"<p>Piktogramy \u2013 znaki wizualne ze zdj\u0119ciami pomagaj\u0105 odwiedzaj\u0105cym w orientacji i zdobywaniu informacji z daleka, nawet je\u015bli nie znaj\u0105 j\u0119zyka. Stylowy znak wykonany z odpornej na zarysowania, szczotkowanej stali nierdzewnej. Zestaw z do\u0142\u0105czonymi podk\u0142adkami monta\u017cowymi. Okr\u0105g\u0142a tabliczka toaletowa damska\/m\u0119ska o \u015brednicy 83 mm.<\/p>","protected":false},"excerpt":{"rendered":"<p>Okr\u0105g\u0142y symbol znaku toalety dla kobiet i m\u0119\u017cczyzn<\/p>","protected":false},"featured_media":136498,"template":"","meta":{"_acf_changed":false},"product_brand":[],"product_cat":[4262],"product_tag":[4382],"class_list":{"0":"post-118371","1":"product","2":"type-product","3":"status-publish","4":"has-post-thumbnail","6":"product_cat-dorrskyltar-symbolskyltar","7":"product_tag-silver","8":"product_shipping_class-tunga-paket","9":"pa_brands-durable","10":"pa_farg-silver","11":"tm-no-options","13":"first","14":"instock","15":"sale","16":"taxable","17":"shipping-taxable","18":"purchasable","19":"product-type-simple"},"acf":[],"_links":{"self":[{"href":"https:\/\/secureus.se\/pl\/wp-json\/wp\/v2\/product\/118371","targetHints":{"allow":["GET"]}}],"collection":[{"href":"https:\/\/secureus.se\/pl\/wp-json\/wp\/v2\/product"}],"about":[{"href":"https:\/\/secureus.se\/pl\/wp-json\/wp\/v2\/types\/product"}],"wp:featuredmedia":[{"embeddable":true,"href":"https:\/\/secureus.se\/pl\/wp-json\/wp\/v2\/media\/136498"}],"wp:attachment":[{"href":"https:\/\/secureus.se\/pl\/wp-json\/wp\/v2\/media?parent=118371"}],"wp:term":[{"taxonomy":"product_brand","embeddable":true,"href":"https:\/\/secureus.se\/pl\/wp-json\/wp\/v2\/product_brand?post=118371"},{"taxonomy":"product_cat","embeddable":true,"href":"https:\/\/secureus.se\/pl\/wp-json\/wp\/v2\/product_cat?post=118371"},{"taxonomy":"product_tag","embeddable":true,"href":"https:\/\/secureus.se\/pl\/wp-json\/wp\/v2\/product_tag?post=118371"}],"curies":[{"name":"wp","href":"https:\/\/api.w.org\/{rel}","templated":true}]}}