{"id":118424,"date":"2024-11-05T17:13:01","date_gmt":"2024-11-05T16:13:01","guid":{"rendered":"https:\/\/secureus.se\/?post_type=product&#038;p=118424"},"modified":"2026-01-12T12:54:39","modified_gmt":"2026-01-12T11:54:39","slug":"tablet-holder-wall-pro","status":"publish","type":"product","link":"https:\/\/secureus.se\/pl\/tablet-holder-wall-pro\/","title":{"rendered":"UCHWYT NA TABLET WALL PRO"},"content":{"rendered":"<p>Uchwyt \u015bcienny do tabletu o stylowym i funkcjonalnym wygl\u0105dzie, przeznaczony do tablet\u00f3w w rozmiarach 7\u2033-13\u2033 (160-275 mm). Do interaktywnego zastosowania np. w zak\u0142adach produkcyjnych, ale tak\u017ce do u\u017cytku domowego. Rami\u0119 posiada p\u0142ynn\u0105 regulacj\u0119 k\u0105ta od 0\u00b0 do 88\u00b0. Uchwyt z gumowanymi powierzchniami, kt\u00f3re chroni\u0105 tablet przed zarysowaniami i uszkodzeniami, mo\u017cna obraca\u0107 o 360\u00b0 z czterema pozycjami zatrzymania co 90\u00b0, do u\u017cytku w formacie pionowym lub poziomym. Tablet mo\u017cna \u0142atwo wk\u0142ada\u0107 i wyjmowa\u0107 z uchwytu, kt\u00f3ry zamykany jest specjalnym kluczem zabezpieczaj\u0105cym przed kradzie\u017c\u0105. Kabel \u0142aduj\u0105cy pod\u0142\u0105cza si\u0119 przez otw\u00f3r w uchwycie. \u0141atwy w monta\u017cu, mocny i bezpieczny uchwyt \u015bcienny ze \u015brub\u0105 i wtyczk\u0105.<br \/>\nMaksymalna waga tabletu 1 kg.<br \/>\nMateria\u0142y: blacha, aluminium, tworzywo ABS<br \/>\nWymiary: 80 x 65 x 270 mm (szer. x wys. x g\u0142.)<\/p>","protected":false},"excerpt":{"rendered":"<p>Uchwyt na tablet. Uchwyt \u015bcienny do interaktywnego wykorzystania tablet\u00f3w np. w zak\u0142adach produkcyjnych.<\/p>","protected":false},"featured_media":135379,"template":"","meta":{"_acf_changed":false},"product_brand":[],"product_cat":[4236],"product_tag":[4382],"class_list":{"0":"post-118424","1":"product","2":"type-product","3":"status-publish","4":"has-post-thumbnail","6":"product_cat-surfplattehallare","7":"product_tag-silver","8":"product_shipping_class-tunga-paket","9":"pa_brands-durable","10":"pa_farg-silver","11":"tm-no-options","13":"first","14":"instock","15":"sale","16":"taxable","17":"shipping-taxable","18":"purchasable","19":"product-type-simple"},"acf":[],"_links":{"self":[{"href":"https:\/\/secureus.se\/pl\/wp-json\/wp\/v2\/product\/118424","targetHints":{"allow":["GET"]}}],"collection":[{"href":"https:\/\/secureus.se\/pl\/wp-json\/wp\/v2\/product"}],"about":[{"href":"https:\/\/secureus.se\/pl\/wp-json\/wp\/v2\/types\/product"}],"wp:featuredmedia":[{"embeddable":true,"href":"https:\/\/secureus.se\/pl\/wp-json\/wp\/v2\/media\/135379"}],"wp:attachment":[{"href":"https:\/\/secureus.se\/pl\/wp-json\/wp\/v2\/media?parent=118424"}],"wp:term":[{"taxonomy":"product_brand","embeddable":true,"href":"https:\/\/secureus.se\/pl\/wp-json\/wp\/v2\/product_brand?post=118424"},{"taxonomy":"product_cat","embeddable":true,"href":"https:\/\/secureus.se\/pl\/wp-json\/wp\/v2\/product_cat?post=118424"},{"taxonomy":"product_tag","embeddable":true,"href":"https:\/\/secureus.se\/pl\/wp-json\/wp\/v2\/product_tag?post=118424"}],"curies":[{"name":"wp","href":"https:\/\/api.w.org\/{rel}","templated":true}]}}