{"id":118755,"date":"2024-11-15T09:34:07","date_gmt":"2024-11-15T08:34:07","guid":{"rendered":"https:\/\/secureus.se\/rwc-set-u-trafo\/"},"modified":"2026-04-08T16:58:57","modified_gmt":"2026-04-08T14:58:57","slug":"rwc-set-u-trafo","status":"publish","type":"product","link":"https:\/\/secureus.se\/pl\/rwc-set-u-trafo\/","title":{"rendered":"RWC-SET ABB \u2013 Bez transformatora"},"content":{"rendered":"<p>Zestaw RWC SAGA do toalet dost\u0119pnych, zawiera jednostk\u0119 steruj\u0105c\u0105 FEH2001, przycisk sygna\u0142owy z przewodem FAP3002, FAP2001 i FAP1012 (gdzie jeden przycisk s\u0142u\u017cy do dzwonienia, a drugi do kasowania alarmu). Wszystkie jednostki wyposa\u017cone s\u0105 w ramki maskuj\u0105ce SAGA. Instrukcja jest do\u0142\u0105czona do pakietu. W ramach zastosowano biookr\u0105g\u0142e tworzywo sztuczne.<\/p>\n<ul class=\"\">\n<li><a class=\"produkt-slide-bild produkt-bild-fil\" href=\"https:\/\/new.abb.com\/low-voltage\/sv\/produkter\/installationsprodukter\/stromstallare\/saga\" target=\"_blank\" rel=\"noopener\">\u00a0Link do strony produktu<\/a><\/li>\n<li><a class=\"produkt-slide-bild produkt-bild-fil\" href=\"https:\/\/search.abb.com\/library\/Download.aspx?DocumentID=9AKK108468A7931&amp;LanguageCode=en&amp;DocumentPartId=&amp;Action=Launch\" target=\"_blank\" rel=\"noopener\"><i class=\"fa fa-file-o\"><\/i>\u00a0Ocena cyklu \u017cycia (EPD\/PEP)<\/a><\/li>\n<li><a class=\"produkt-slide-bild produkt-bild-fil\" href=\"https:\/\/new.abb.com\/products\/2TKA00004979?printout\" target=\"_blank\" rel=\"noopener\"><i class=\"fa fa-file-o\"><\/i>\u00a0Karta danych produktu<\/a><\/li>\n<li><a class=\"produkt-slide-bild produkt-bild-fil\" href=\"https:\/\/search.abb.com\/library\/Download.aspx?DocumentID=9AKK107045A8158&amp;LanguageCode=en&amp;LanguageCode=sv&amp;DocumentPartId=&amp;Action=Launch\" target=\"_blank\" rel=\"noopener\"><i class=\"fa fa-file-o\"><\/i>\u00a0Instrukcja monta\u017cu<\/a><\/li>\n<li><a class=\"produkt-slide-bild produkt-bild-fil\" href=\"https:\/\/search.abb.com\/library\/Download.aspx?DocumentID=9AKK106713A4633&amp;LanguageCode=en&amp;DocumentPartId=&amp;Action=Launch\" target=\"_blank\" rel=\"noopener\"><i class=\"fa fa-file-o\"><\/i>\u00a0Po\u0142\u0105cz REACH<\/a><\/li>\n<\/ul>","protected":false},"excerpt":{"rendered":"<p>Kompletny alarm RWC firmy ABB<\/p>","protected":false},"featured_media":134954,"template":"","meta":{"_acf_changed":false},"product_brand":[],"product_cat":[1606],"product_tag":[],"class_list":{"0":"post-118755","1":"product","2":"type-product","3":"status-publish","4":"has-post-thumbnail","6":"product_cat-rwc-larm","7":"pa_brands-abb","8":"pa_farg-vit","9":"tm-no-options","11":"first","12":"outofstock","13":"sale","14":"taxable","15":"shipping-taxable","16":"purchasable","17":"product-type-simple"},"acf":[],"_links":{"self":[{"href":"https:\/\/secureus.se\/pl\/wp-json\/wp\/v2\/product\/118755","targetHints":{"allow":["GET"]}}],"collection":[{"href":"https:\/\/secureus.se\/pl\/wp-json\/wp\/v2\/product"}],"about":[{"href":"https:\/\/secureus.se\/pl\/wp-json\/wp\/v2\/types\/product"}],"wp:featuredmedia":[{"embeddable":true,"href":"https:\/\/secureus.se\/pl\/wp-json\/wp\/v2\/media\/134954"}],"wp:attachment":[{"href":"https:\/\/secureus.se\/pl\/wp-json\/wp\/v2\/media?parent=118755"}],"wp:term":[{"taxonomy":"product_brand","embeddable":true,"href":"https:\/\/secureus.se\/pl\/wp-json\/wp\/v2\/product_brand?post=118755"},{"taxonomy":"product_cat","embeddable":true,"href":"https:\/\/secureus.se\/pl\/wp-json\/wp\/v2\/product_cat?post=118755"},{"taxonomy":"product_tag","embeddable":true,"href":"https:\/\/secureus.se\/pl\/wp-json\/wp\/v2\/product_tag?post=118755"}],"curies":[{"name":"wp","href":"https:\/\/api.w.org\/{rel}","templated":true}]}}